{"id":62876,"date":"2026-01-01T16:44:34","date_gmt":"2026-01-01T16:44:34","guid":{"rendered":"https:\/\/www.ateti.pt\/loja\/?post_type=product&#038;p=62876"},"modified":"2026-03-02T16:46:21","modified_gmt":"2026-03-02T16:46:21","slug":"conjunto-tabuleiros-de-vidro-2un","status":"publish","type":"product","link":"https:\/\/www.ateti.pt\/loja\/produto\/conjunto-tabuleiros-de-vidro-2un\/","title":{"rendered":"Conjunto Tabuleiros de Vidro 2un"},"content":{"rendered":"<p><strong>Conjunto Tabuleiros de Vidro<\/strong> (quadrados)<\/p>\n<p><strong>Quantidade:\u00a0<\/strong>2un<\/p>\n<p>Capacidade 1: 22cm x 25,6cm<\/p>\n<p>Capacidade 2: 28,25cm x31,75cm<\/p>\n<p>N\u00e3o colocar diretamente sobre o lume. N\u00e3o utilizar esfreg\u00f5es ou detergentes abrasivos durante a lavagem. N\u00e3o utilizar caso esteja danificado, rachado ou lascado. N\u00e3o expor a altera\u00e7\u00f5es de temperaturas repentinas.<\/p>\n","protected":false},"excerpt":{"rendered":"<p>9.99\/pack<\/p>\n","protected":false},"featured_media":62877,"comment_status":"closed","ping_status":"closed","template":"","meta":{"_themeisle_gutenberg_block_has_review":false},"product_brand":[],"product_cat":[237,706],"product_tag":[593],"woo-feed-brand":[],"class_list":{"0":"post-62876","1":"product","2":"type-product","3":"status-publish","4":"has-post-thumbnail","6":"product_cat-casa-jardim","7":"product_cat-utilitarios-de-casa","8":"product_tag-novidades","10":"first","11":"instock","12":"sale","13":"taxable","14":"shipping-taxable","15":"purchasable","16":"product-type-simple"},"_links":{"self":[{"href":"https:\/\/www.ateti.pt\/loja\/wp-json\/wp\/v2\/product\/62876","targetHints":{"allow":["GET"]}}],"collection":[{"href":"https:\/\/www.ateti.pt\/loja\/wp-json\/wp\/v2\/product"}],"about":[{"href":"https:\/\/www.ateti.pt\/loja\/wp-json\/wp\/v2\/types\/product"}],"replies":[{"embeddable":true,"href":"https:\/\/www.ateti.pt\/loja\/wp-json\/wp\/v2\/comments?post=62876"}],"wp:featuredmedia":[{"embeddable":true,"href":"https:\/\/www.ateti.pt\/loja\/wp-json\/wp\/v2\/media\/62877"}],"wp:attachment":[{"href":"https:\/\/www.ateti.pt\/loja\/wp-json\/wp\/v2\/media?parent=62876"}],"wp:term":[{"taxonomy":"product_brand","embeddable":true,"href":"https:\/\/www.ateti.pt\/loja\/wp-json\/wp\/v2\/product_brand?post=62876"},{"taxonomy":"product_cat","embeddable":true,"href":"https:\/\/www.ateti.pt\/loja\/wp-json\/wp\/v2\/product_cat?post=62876"},{"taxonomy":"product_tag","embeddable":true,"href":"https:\/\/www.ateti.pt\/loja\/wp-json\/wp\/v2\/product_tag?post=62876"},{"taxonomy":"woo-feed-brand","embeddable":true,"href":"https:\/\/www.ateti.pt\/loja\/wp-json\/wp\/v2\/woo-feed-brand?post=62876"}],"curies":[{"name":"wp","href":"https:\/\/api.w.org\/{rel}","templated":true}]}}