{"id":62796,"date":"2024-03-26T09:39:40","date_gmt":"2024-03-26T09:39:40","guid":{"rendered":"https:\/\/www.ateti.pt\/loja\/?post_type=product&#038;p=62796"},"modified":"2026-04-07T11:12:45","modified_gmt":"2026-04-07T10:12:45","slug":"comida-humida-para-cao-de-borrego-e-frango-300g-activpet","status":"publish","type":"product","link":"https:\/\/www.ateti.pt\/loja\/produto\/comida-humida-para-cao-de-borrego-e-frango-300g-activpet\/","title":{"rendered":"Comida H\u00famida para C\u00e3o de Borrego e Frango 300g ActivPet"},"content":{"rendered":"<p><strong>Comida H\u00famida para C\u00e3o de Borrego e Frango ActivPet<\/strong><\/p>\n<p><strong>Quantidade:\u00a0<\/strong>300g<\/p>\n<p><em>Alimento completo para c\u00e3es adultos &#8211; Alimento h\u00famido para c\u00e3o adulto<\/em><\/p>\n<ul>\n<li>Com ingredientes naturais<\/li>\n<li>Sem corantes artificiais<\/li>\n<li>Sem conservantes<\/li>\n<li>Sem intensificadores de sabor<\/li>\n<\/ul>\n<p><strong>Composi\u00e7\u00e3o:\u00a0<\/strong>Carne e subprodutos de origem animal(4% frango, 4%borrego), minerais.<\/p>\n<p>Sirva o produto tal e qual , \u00e0 temperatura ambiente. Colocar o produto no comedouro do seu c\u00e3o, que deve estar limpo e seco. Tenha sempre \u00e1gua limpa e fresca \u00e0 disposi\u00e7\u00e3o do seu c\u00e3o. As quantidades di\u00e1rias s\u00e3o indicativas e devem ser adaptados \u00e0 ra\u00e7a, idade e n\u00edvel de atividade f\u00edsico do seu c\u00e3o. O seu c\u00e3o necessitar\u00e1 de alguns dias para se habituar \u00e0 nova alimenta\u00e7\u00e3o, pelo que n\u00e3o \u00e9 recomend\u00e1vel que a altere de forma brusca, mas sim de forma progressiva, misturando-a com o seu alimento habitual e aumentando sucessivamente a propor\u00e7\u00e3o. O per\u00edodo de adapta\u00e7\u00e3o ser\u00e1 cerca de uma semana. Conservar o produto ao abrigo da luz solar, em local seco e fresco. Ap\u00f3s abertura da embalagem, conservar no frigor\u00edfico por um per\u00edodo m\u00e1ximo de 2 dias.<\/p>\n<p>&nbsp;<\/p>\n<p>&nbsp;<\/p>\n<p>&nbsp;<\/p>\n","protected":false},"excerpt":{"rendered":"<p>3.63\u20ac\/kg<\/p>\n","protected":false},"featured_media":62797,"comment_status":"closed","ping_status":"closed","template":"","meta":{"_themeisle_gutenberg_block_has_review":false},"product_brand":[],"product_cat":[234,235],"product_tag":[],"woo-feed-brand":[],"class_list":{"0":"post-62796","1":"product","2":"type-product","3":"status-publish","4":"has-post-thumbnail","6":"product_cat-animais","7":"product_cat-caes","8":"ts_product_brand-activpet","10":"first","11":"instock","12":"taxable","13":"shipping-taxable","14":"purchasable","15":"product-type-simple"},"_links":{"self":[{"href":"https:\/\/www.ateti.pt\/loja\/wp-json\/wp\/v2\/product\/62796","targetHints":{"allow":["GET"]}}],"collection":[{"href":"https:\/\/www.ateti.pt\/loja\/wp-json\/wp\/v2\/product"}],"about":[{"href":"https:\/\/www.ateti.pt\/loja\/wp-json\/wp\/v2\/types\/product"}],"replies":[{"embeddable":true,"href":"https:\/\/www.ateti.pt\/loja\/wp-json\/wp\/v2\/comments?post=62796"}],"wp:featuredmedia":[{"embeddable":true,"href":"https:\/\/www.ateti.pt\/loja\/wp-json\/wp\/v2\/media\/62797"}],"wp:attachment":[{"href":"https:\/\/www.ateti.pt\/loja\/wp-json\/wp\/v2\/media?parent=62796"}],"wp:term":[{"taxonomy":"product_brand","embeddable":true,"href":"https:\/\/www.ateti.pt\/loja\/wp-json\/wp\/v2\/product_brand?post=62796"},{"taxonomy":"product_cat","embeddable":true,"href":"https:\/\/www.ateti.pt\/loja\/wp-json\/wp\/v2\/product_cat?post=62796"},{"taxonomy":"product_tag","embeddable":true,"href":"https:\/\/www.ateti.pt\/loja\/wp-json\/wp\/v2\/product_tag?post=62796"},{"taxonomy":"woo-feed-brand","embeddable":true,"href":"https:\/\/www.ateti.pt\/loja\/wp-json\/wp\/v2\/woo-feed-brand?post=62796"}],"curies":[{"name":"wp","href":"https:\/\/api.w.org\/{rel}","templated":true}]}}