{"id":62778,"date":"2024-03-25T12:15:15","date_gmt":"2024-03-25T12:15:15","guid":{"rendered":"https:\/\/www.ateti.pt\/loja\/?post_type=product&#038;p=62778"},"modified":"2024-03-25T12:17:29","modified_gmt":"2024-03-25T12:17:29","slug":"lixivia-perfumada-1l-amanhecer","status":"publish","type":"product","link":"https:\/\/www.ateti.pt\/loja\/produto\/lixivia-perfumada-1l-amanhecer\/","title":{"rendered":"Lix\u00edvia Perfumada 1L Amanhecer"},"content":{"rendered":"<p><strong>Lix\u00edvia Perfumada Amanhecer<\/strong><\/p>\n<p><strong>Quantidade:\u00a0<\/strong>1L<\/p>\n<p><strong>Modo de utiliza\u00e7\u00e3o:\u00a0<\/strong><\/p>\n<h3>Limpeza da Casa<\/h3>\n<p><strong>Para grandes superf\u00edcies e pavimentos:\u00a0<\/strong>Diluir 2 doses em 5L de \u00e1gua.<\/p>\n<h3>Limpeza da Casa de Banho e Cozinha<\/h3>\n<p>Diluir 2 doses em 5L de \u00e1gua. Aplicar diretamente nas paredes da sanita, deixar aturar durante 10 minutos e lavar com \u00e1gua limpa.<\/p>\n<h3>Limpeza e Branqueamento de Tecidos<\/h3>\n<p><strong>Lavagem Manual:<\/strong> Diluir 1 dose em 10L de \u00e1gua\u00a0 e deixar de molho cerca de 20 minutos. Enxaguar e lavar como habitualmente.<\/p>\n<p><strong>M\u00e1quina (com gaveta de Lix\u00edvia):<\/strong> Deitar 1 dose no compartimento respetivo antes de iniciar o programa.<\/p>\n<p><strong>M\u00e1quina (sem gaveta de Lix\u00edvia):\u00a0<\/strong>Deitar 1 dose no compartimento de detergente durante o segundo enxaguamento, enquanto a m\u00e1quina estiver a encher de \u00e1gua. Usar apenas em roupa branca. N\u00e3o aplicar a lix\u00edvia diretamente sobre a roupa. Depois de utilizar a lix\u00edvia, enxaguar abundantemente com \u00e1gua limpa. N\u00e3o utilizar em l\u00e3s, sedas, tecidos de cor e roupas mistas.<\/p>\n<p>1 Dose=100ml<\/p>\n<p><strong>Precau\u00e7\u00f5es:\u00a0<\/strong>Muito t\u00f3xico para os organismos aqu\u00e1ticos. T\u00f3xico para os organismos aqu\u00e1ticos com efeitos duradouros. Provoca les\u00f5es oculares graves. Provoca irrita\u00e7\u00e3o cut\u00e2nea. Se for necess\u00e1rio consultar um m\u00e9dico, mostre-lhe a embalagem ou o r\u00f3tulo. Manter fora do alcance das crian\u00e7as. Lavar cuidadosamente as m\u00e3os ap\u00f3s manuseamento.<\/p>\n<p>&nbsp;<\/p>\n<p>&nbsp;<\/p>\n","protected":false},"excerpt":{"rendered":"<p>0.69\u20ac\/lt<\/p>\n","protected":false},"featured_media":62779,"comment_status":"closed","ping_status":"closed","template":"","meta":{"_themeisle_gutenberg_block_has_review":false},"product_brand":[],"product_cat":[250,224,190,191,233,681,204,543],"product_tag":[593],"woo-feed-brand":[],"class_list":{"0":"post-62778","1":"product","2":"type-product","3":"status-publish","4":"has-post-thumbnail","6":"product_cat-ate-ti-negocios","7":"product_cat-desinfetantes","8":"product_cat-desinfetantes-e-limpeza","9":"product_cat-detergentes","10":"product_cat-diversos-limpeza","11":"product_cat-limpeza-higiene-e-limpeza-office","12":"product_cat-limpeza","13":"product_cat-limpeza-higiene","14":"product_tag-novidades","15":"ts_product_brand-amanhecer","17":"first","18":"instock","19":"taxable","20":"shipping-taxable","21":"purchasable","22":"product-type-simple"},"_links":{"self":[{"href":"https:\/\/www.ateti.pt\/loja\/wp-json\/wp\/v2\/product\/62778","targetHints":{"allow":["GET"]}}],"collection":[{"href":"https:\/\/www.ateti.pt\/loja\/wp-json\/wp\/v2\/product"}],"about":[{"href":"https:\/\/www.ateti.pt\/loja\/wp-json\/wp\/v2\/types\/product"}],"replies":[{"embeddable":true,"href":"https:\/\/www.ateti.pt\/loja\/wp-json\/wp\/v2\/comments?post=62778"}],"wp:featuredmedia":[{"embeddable":true,"href":"https:\/\/www.ateti.pt\/loja\/wp-json\/wp\/v2\/media\/62779"}],"wp:attachment":[{"href":"https:\/\/www.ateti.pt\/loja\/wp-json\/wp\/v2\/media?parent=62778"}],"wp:term":[{"taxonomy":"product_brand","embeddable":true,"href":"https:\/\/www.ateti.pt\/loja\/wp-json\/wp\/v2\/product_brand?post=62778"},{"taxonomy":"product_cat","embeddable":true,"href":"https:\/\/www.ateti.pt\/loja\/wp-json\/wp\/v2\/product_cat?post=62778"},{"taxonomy":"product_tag","embeddable":true,"href":"https:\/\/www.ateti.pt\/loja\/wp-json\/wp\/v2\/product_tag?post=62778"},{"taxonomy":"woo-feed-brand","embeddable":true,"href":"https:\/\/www.ateti.pt\/loja\/wp-json\/wp\/v2\/woo-feed-brand?post=62778"}],"curies":[{"name":"wp","href":"https:\/\/api.w.org\/{rel}","templated":true}]}}