{"id":62607,"date":"2021-01-18T11:16:50","date_gmt":"2021-01-18T11:16:50","guid":{"rendered":"https:\/\/www.ateti.pt\/loja\/?post_type=product&#038;p=62607"},"modified":"2025-12-04T12:33:09","modified_gmt":"2025-12-04T12:33:09","slug":"snack-tiras-de-milho-130g-amanhecer","status":"publish","type":"product","link":"https:\/\/www.ateti.pt\/loja\/produto\/snack-tiras-de-milho-130g-amanhecer\/","title":{"rendered":"Snack Tiras de Milho 130g Amanhecer"},"content":{"rendered":"<p><strong>Snack Tiras de Milho Amanhecer<\/strong><\/p>\n<p><strong>Quantidade:\u00a0<\/strong>130g<\/p>\n<p><strong>Ingredientes:\u00a0<\/strong>Milho(67.2%), \u00f3leo de girassol(32%), sal(0.8%).<\/p>\n<p>Pode conter vest\u00edgios de leite.<\/p>\n<p>Conservar em local fresco e seco.<\/p>\n<p>Proteger da luz solar. Embalado em atmosfera protetora.<\/p>\n<p><strong>Valores nutricionais por 100g de produto: <\/strong>Energia:2248kj\/538kcal; L\u00edpidos: 32g, dos quais saturados: 4g; Hidratos de carbono: 55g, dos quais a\u00e7\u00facares: 0.6g; Fibra: 4.6g; Prote\u00ednas: 5.4g; Sal: 0.8g.<\/p>\n<p>Sem gl\u00faten.<\/p>\n<p>Sem OGM.<\/p>\n<p>&nbsp;<\/p>\n","protected":false},"excerpt":{"rendered":"<p>8.38\u20ac\/kg<\/p>\n","protected":false},"featured_media":62608,"comment_status":"closed","ping_status":"closed","template":"","meta":{"_themeisle_gutenberg_block_has_review":false},"product_brand":[],"product_cat":[206,132],"product_tag":[593],"woo-feed-brand":[],"class_list":{"0":"post-62607","1":"product","2":"type-product","3":"status-publish","4":"has-post-thumbnail","6":"product_cat-aperitivos","7":"product_cat-mercearia","8":"product_tag-novidades","9":"ts_product_brand-amanhecer","11":"first","12":"outofstock","13":"taxable","14":"shipping-taxable","15":"purchasable","16":"product-type-simple"},"_links":{"self":[{"href":"https:\/\/www.ateti.pt\/loja\/wp-json\/wp\/v2\/product\/62607","targetHints":{"allow":["GET"]}}],"collection":[{"href":"https:\/\/www.ateti.pt\/loja\/wp-json\/wp\/v2\/product"}],"about":[{"href":"https:\/\/www.ateti.pt\/loja\/wp-json\/wp\/v2\/types\/product"}],"replies":[{"embeddable":true,"href":"https:\/\/www.ateti.pt\/loja\/wp-json\/wp\/v2\/comments?post=62607"}],"wp:featuredmedia":[{"embeddable":true,"href":"https:\/\/www.ateti.pt\/loja\/wp-json\/wp\/v2\/media\/62608"}],"wp:attachment":[{"href":"https:\/\/www.ateti.pt\/loja\/wp-json\/wp\/v2\/media?parent=62607"}],"wp:term":[{"taxonomy":"product_brand","embeddable":true,"href":"https:\/\/www.ateti.pt\/loja\/wp-json\/wp\/v2\/product_brand?post=62607"},{"taxonomy":"product_cat","embeddable":true,"href":"https:\/\/www.ateti.pt\/loja\/wp-json\/wp\/v2\/product_cat?post=62607"},{"taxonomy":"product_tag","embeddable":true,"href":"https:\/\/www.ateti.pt\/loja\/wp-json\/wp\/v2\/product_tag?post=62607"},{"taxonomy":"woo-feed-brand","embeddable":true,"href":"https:\/\/www.ateti.pt\/loja\/wp-json\/wp\/v2\/woo-feed-brand?post=62607"}],"curies":[{"name":"wp","href":"https:\/\/api.w.org\/{rel}","templated":true}]}}