{"id":62603,"date":"2025-09-18T10:56:59","date_gmt":"2025-09-18T09:56:59","guid":{"rendered":"https:\/\/www.ateti.pt\/loja\/?post_type=product&#038;p=62603"},"modified":"2025-10-20T12:52:34","modified_gmt":"2025-10-20T11:52:34","slug":"batata-frita-lisa-camponesa-45g-amanhecer","status":"publish","type":"product","link":"https:\/\/www.ateti.pt\/loja\/produto\/batata-frita-lisa-camponesa-45g-amanhecer\/","title":{"rendered":"Batata Frita Lisa Camponesa 45g Amanhecer"},"content":{"rendered":"<p><strong>Batata Frita Lisa Camponesa Amanhecer<\/strong><\/p>\n<p><strong>Quantidade:<\/strong> 45g<\/p>\n<p><strong>Ingredientes:\u00a0<\/strong>Batatas (58.8%), \u00f3leo de girassol com alto teor em \u00e1cido oleico(33%), preparado \u00e0 base de tomate, especiarias e pimento (8.2%), \u00e1\u00e7ucar, cebola em p\u00f3, aroma, farinha de arroz, tomate em p\u00f3, sal , alho em p\u00f3, acidificantes (\u00e1cido c\u00edtrico, \u00e1cido m\u00e1lico), especiarias (piment\u00e3o fumado), plantas arom\u00e1ticas(salsa), pimento verde em p\u00f3, corante(extrato de piment\u00e3o).<\/p>\n<p>Pode conter vest\u00edgios de cereais com gl\u00faten, leite(incluindo lactose), soja e mostarda.<\/p>\n<p><strong>Valores nutricionais por 100g:\u00a0<\/strong>Energia: 2170kj\/520kcal; L\u00edpidos: 30g, dos quais saturados: 3.1g; Hidratos de carbono: 53g, dos quais a\u00e7\u00facares: 1.8g; Fibra: 4.2g; Prote\u00ednas: 7.4g; Sal: 0.90g.<\/p>\n<p>&nbsp;<\/p>\n","protected":false},"excerpt":{"rendered":"<p style=\"text-align: right\">17.55\u20ac\/kg<\/p>\n","protected":false},"featured_media":61905,"comment_status":"closed","ping_status":"closed","template":"","meta":{"_themeisle_gutenberg_block_has_review":false},"product_brand":[],"product_cat":[206,132],"product_tag":[593],"woo-feed-brand":[],"class_list":{"0":"post-62603","1":"product","2":"type-product","3":"status-publish","4":"has-post-thumbnail","6":"product_cat-aperitivos","7":"product_cat-mercearia","8":"product_tag-novidades","9":"ts_product_brand-amanhecer","11":"first","12":"instock","13":"taxable","14":"shipping-taxable","15":"purchasable","16":"product-type-simple"},"_links":{"self":[{"href":"https:\/\/www.ateti.pt\/loja\/wp-json\/wp\/v2\/product\/62603","targetHints":{"allow":["GET"]}}],"collection":[{"href":"https:\/\/www.ateti.pt\/loja\/wp-json\/wp\/v2\/product"}],"about":[{"href":"https:\/\/www.ateti.pt\/loja\/wp-json\/wp\/v2\/types\/product"}],"replies":[{"embeddable":true,"href":"https:\/\/www.ateti.pt\/loja\/wp-json\/wp\/v2\/comments?post=62603"}],"wp:featuredmedia":[{"embeddable":true,"href":"https:\/\/www.ateti.pt\/loja\/wp-json\/wp\/v2\/media\/61905"}],"wp:attachment":[{"href":"https:\/\/www.ateti.pt\/loja\/wp-json\/wp\/v2\/media?parent=62603"}],"wp:term":[{"taxonomy":"product_brand","embeddable":true,"href":"https:\/\/www.ateti.pt\/loja\/wp-json\/wp\/v2\/product_brand?post=62603"},{"taxonomy":"product_cat","embeddable":true,"href":"https:\/\/www.ateti.pt\/loja\/wp-json\/wp\/v2\/product_cat?post=62603"},{"taxonomy":"product_tag","embeddable":true,"href":"https:\/\/www.ateti.pt\/loja\/wp-json\/wp\/v2\/product_tag?post=62603"},{"taxonomy":"woo-feed-brand","embeddable":true,"href":"https:\/\/www.ateti.pt\/loja\/wp-json\/wp\/v2\/woo-feed-brand?post=62603"}],"curies":[{"name":"wp","href":"https:\/\/api.w.org\/{rel}","templated":true}]}}