{"id":62600,"date":"2024-03-18T10:52:21","date_gmt":"2024-03-18T10:52:21","guid":{"rendered":"https:\/\/www.ateti.pt\/loja\/?post_type=product&#038;p=62600"},"modified":"2024-03-18T10:52:22","modified_gmt":"2024-03-18T10:52:22","slug":"cones-sabor-a-queijo-bacon-100g-amanhecer","status":"publish","type":"product","link":"https:\/\/www.ateti.pt\/loja\/produto\/cones-sabor-a-queijo-bacon-100g-amanhecer\/","title":{"rendered":"Cones Sabor a Queijo &amp; Bacon 100g Amanhecer"},"content":{"rendered":"<p>Cones Sabor a Queijo &amp; Bacon Amanhecer<\/p>\n<p><strong>Quantidade:<\/strong>100g<\/p>\n<p>Snack de Milho com Sabor a Queijo &amp; Bacon<\/p>\n<p><strong>Ingredientes:\u00a0<\/strong>Farinha de milho (43%), \u00f3leo de milho(28%), amido de batata, a\u00e7\u00facar, farinha de arroz, preparado com a sabor a bacon e queijo[lactose(leite), derivados do leite, sal ,aroma natural e cloreto de pot\u00e1ssio], sal, levedante(bicarbonato de s\u00f3dio), curcuma desidratada.<\/p>\n<p>Pode conter vest\u00edgios de soja.<\/p>\n<p>Conservar em local fresco e seco. Proteger da luz solar. Embalado em atmosfera protetora.<\/p>\n<p>Valores nutricionais por 100g de produto: Energia: 2138kj\/512kcal; L\u00edpidos: 28g, dos quais saturados: 4.1g; Hidratos de carbono: 58g. dos quais a\u00e7\u00facares: 6.3g; Fibra: 5.1g; Prote\u00ednas: 4.4g; Sal; 2.1g.<\/p>\n<p>Sem gl\u00faten.<\/p>\n<p>Sem OGM.<\/p>\n<p>Sem intensificadores de sabor adicionados.<\/p>\n<p>&nbsp;<\/p>\n","protected":false},"excerpt":{"rendered":"<p>10.9\u20ac\/kg<\/p>\n","protected":false},"featured_media":62602,"comment_status":"closed","ping_status":"closed","template":"","meta":{"_themeisle_gutenberg_block_has_review":false},"product_brand":[],"product_cat":[206,132],"product_tag":[593],"woo-feed-brand":[],"class_list":{"0":"post-62600","1":"product","2":"type-product","3":"status-publish","4":"has-post-thumbnail","6":"product_cat-aperitivos","7":"product_cat-mercearia","8":"product_tag-novidades","9":"ts_product_brand-amanhecer","11":"first","12":"instock","13":"taxable","14":"shipping-taxable","15":"purchasable","16":"product-type-simple"},"_links":{"self":[{"href":"https:\/\/www.ateti.pt\/loja\/wp-json\/wp\/v2\/product\/62600","targetHints":{"allow":["GET"]}}],"collection":[{"href":"https:\/\/www.ateti.pt\/loja\/wp-json\/wp\/v2\/product"}],"about":[{"href":"https:\/\/www.ateti.pt\/loja\/wp-json\/wp\/v2\/types\/product"}],"replies":[{"embeddable":true,"href":"https:\/\/www.ateti.pt\/loja\/wp-json\/wp\/v2\/comments?post=62600"}],"wp:featuredmedia":[{"embeddable":true,"href":"https:\/\/www.ateti.pt\/loja\/wp-json\/wp\/v2\/media\/62602"}],"wp:attachment":[{"href":"https:\/\/www.ateti.pt\/loja\/wp-json\/wp\/v2\/media?parent=62600"}],"wp:term":[{"taxonomy":"product_brand","embeddable":true,"href":"https:\/\/www.ateti.pt\/loja\/wp-json\/wp\/v2\/product_brand?post=62600"},{"taxonomy":"product_cat","embeddable":true,"href":"https:\/\/www.ateti.pt\/loja\/wp-json\/wp\/v2\/product_cat?post=62600"},{"taxonomy":"product_tag","embeddable":true,"href":"https:\/\/www.ateti.pt\/loja\/wp-json\/wp\/v2\/product_tag?post=62600"},{"taxonomy":"woo-feed-brand","embeddable":true,"href":"https:\/\/www.ateti.pt\/loja\/wp-json\/wp\/v2\/woo-feed-brand?post=62600"}],"curies":[{"name":"wp","href":"https:\/\/api.w.org\/{rel}","templated":true}]}}