{"id":62355,"date":"2024-03-05T16:10:35","date_gmt":"2024-03-05T16:10:35","guid":{"rendered":"https:\/\/www.ateti.pt\/loja\/?post_type=product&#038;p=62355"},"modified":"2024-03-05T16:14:23","modified_gmt":"2024-03-05T16:14:23","slug":"kit-cafe-cx200-copos-acucar-paletinas-neutura","status":"publish","type":"product","link":"https:\/\/www.ateti.pt\/loja\/produto\/kit-cafe-cx200-copos-acucar-paletinas-neutura\/","title":{"rendered":"Kit Caf\u00e9 Cx200 Copos + A\u00e7ucar + Paletinas Neutura"},"content":{"rendered":"<p><strong>Kit Caf\u00e9 Neutura<\/strong><\/p>\n<p>Quantidade: 200 Copos , 200 A\u00e7\u00facar , 200 Paletinas Madeira<\/p>\n","protected":false},"excerpt":{"rendered":"<p>19,99\u20ac \/Cx<\/p>\n","protected":false},"featured_media":62356,"comment_status":"closed","ping_status":"closed","template":"","meta":{"_themeisle_gutenberg_block_has_review":false},"product_brand":[],"product_cat":[121,250,692,117,693,141],"product_tag":[],"woo-feed-brand":[],"class_list":{"0":"post-62355","1":"product","2":"type-product","3":"status-publish","4":"has-post-thumbnail","6":"product_cat-acessorios","7":"product_cat-ate-ti-negocios","8":"product_cat-cafe","9":"product_cat-cafe-em-capsula","10":"product_cat-maquinas-de-cafe","11":"product_cat-maquinas-e-acessorios","13":"first","14":"instock","15":"taxable","16":"shipping-taxable","17":"purchasable","18":"product-type-simple"},"_links":{"self":[{"href":"https:\/\/www.ateti.pt\/loja\/wp-json\/wp\/v2\/product\/62355","targetHints":{"allow":["GET"]}}],"collection":[{"href":"https:\/\/www.ateti.pt\/loja\/wp-json\/wp\/v2\/product"}],"about":[{"href":"https:\/\/www.ateti.pt\/loja\/wp-json\/wp\/v2\/types\/product"}],"replies":[{"embeddable":true,"href":"https:\/\/www.ateti.pt\/loja\/wp-json\/wp\/v2\/comments?post=62355"}],"wp:featuredmedia":[{"embeddable":true,"href":"https:\/\/www.ateti.pt\/loja\/wp-json\/wp\/v2\/media\/62356"}],"wp:attachment":[{"href":"https:\/\/www.ateti.pt\/loja\/wp-json\/wp\/v2\/media?parent=62355"}],"wp:term":[{"taxonomy":"product_brand","embeddable":true,"href":"https:\/\/www.ateti.pt\/loja\/wp-json\/wp\/v2\/product_brand?post=62355"},{"taxonomy":"product_cat","embeddable":true,"href":"https:\/\/www.ateti.pt\/loja\/wp-json\/wp\/v2\/product_cat?post=62355"},{"taxonomy":"product_tag","embeddable":true,"href":"https:\/\/www.ateti.pt\/loja\/wp-json\/wp\/v2\/product_tag?post=62355"},{"taxonomy":"woo-feed-brand","embeddable":true,"href":"https:\/\/www.ateti.pt\/loja\/wp-json\/wp\/v2\/woo-feed-brand?post=62355"}],"curies":[{"name":"wp","href":"https:\/\/api.w.org\/{rel}","templated":true}]}}