{"id":62257,"date":"2024-02-29T08:56:04","date_gmt":"2024-02-29T08:56:04","guid":{"rendered":"https:\/\/www.ateti.pt\/loja\/?post_type=product&#038;p=62257"},"modified":"2025-02-17T15:33:47","modified_gmt":"2025-02-17T15:33:47","slug":"barra-de-cereais-chooks-126g-nacional","status":"publish","type":"product","link":"https:\/\/www.ateti.pt\/loja\/produto\/barra-de-cereais-chooks-126g-nacional\/","title":{"rendered":"Barra de Cereais Chooks 126g Nacional"},"content":{"rendered":"<p><strong>Barra de Cereais Chooks Nacional<\/strong><\/p>\n<p><strong>Quantidade: <\/strong>6x21g<\/p>\n<p><strong>Divers\u00e3o dos 8 aos 80<br \/>\n<\/strong>Barras de cereais com bolas de chocolate e uma saborosa base de leite. Quando lhe apetecer um snack , esta \u00e9 a escolha certa. Uma op\u00e7\u00e3o pr\u00e1tica que toda a fam\u00edlia vai gostar.<\/p>\n<p class=\"et_pb_toggle_title\"><strong>Tabela Nutricional<\/strong><\/p>\n<div class=\"et_pb_toggle_content clearfix\">\n<table id=\"table_nutricional\" style=\"height: 216px\" border=\"1\" width=\"910\" cellspacing=\"0\" cellpadding=\"5\">\n<tbody>\n<tr>\n<th colspan=\"2\" scope=\"col\" align=\"left\" valign=\"middle\">Declara\u00e7\u00e3o nutricional<\/th>\n<td rowspan=\"2\">Por 100 g<\/td>\n<td rowspan=\"2\">% DR*<\/td>\n<td rowspan=\"2\">Por barra (21g)<\/td>\n<td rowspan=\"2\">%DR*<\/td>\n<\/tr>\n<tr>\n<td class=\"tablehead\" colspan=\"2\" align=\"left\" valign=\"middle\">Valores m\u00e9dios:<\/td>\n<\/tr>\n<tr>\n<td align=\"left\" valign=\"middle\">Energia<\/td>\n<td width=\"145\">kJ<\/td>\n<td width=\"145\">1757<\/td>\n<td width=\"73\">21%<\/td>\n<td width=\"72\">369<\/td>\n<td width=\"145\">4%<\/td>\n<\/tr>\n<tr>\n<td align=\"left\" valign=\"middle\"><\/td>\n<td>kcal<\/td>\n<td>417<\/td>\n<td><\/td>\n<td>88<\/td>\n<td><\/td>\n<\/tr>\n<tr>\n<td align=\"left\" valign=\"middle\">L\u00edpidos<\/td>\n<td>g<\/td>\n<td>11<\/td>\n<td>16%<\/td>\n<td>2,3<\/td>\n<td width=\"145\">3%<\/td>\n<\/tr>\n<tr>\n<td align=\"left\" valign=\"middle\">dos quais saturados<\/td>\n<td>g<\/td>\n<td>9,6<\/td>\n<td>48%<\/td>\n<td>2<\/td>\n<td width=\"145\">10%<\/td>\n<\/tr>\n<tr>\n<td align=\"left\" valign=\"middle\">Hidratos de carbono<\/td>\n<td>g<\/td>\n<td>73<\/td>\n<td>28%<\/td>\n<td>15<\/td>\n<td width=\"145\">6%<\/td>\n<\/tr>\n<tr>\n<td align=\"left\" valign=\"middle\">dos quais a\u00e7\u00facares<\/td>\n<td>g<\/td>\n<td>24<\/td>\n<td>26%<\/td>\n<td>4,9<\/td>\n<td width=\"145\">5%<\/td>\n<\/tr>\n<tr>\n<td align=\"left\" valign=\"middle\">Fibra<\/td>\n<td>g<\/td>\n<td>2,3<\/td>\n<td>\u2014<\/td>\n<td>0,5<\/td>\n<td width=\"145\">\u2014<\/td>\n<\/tr>\n<tr>\n<td align=\"left\" valign=\"middle\">Prote\u00ednas<\/td>\n<td>g<\/td>\n<td>5,6<\/td>\n<td>11%<\/td>\n<td>1,2<\/td>\n<td width=\"145\">2%<\/td>\n<\/tr>\n<tr>\n<td align=\"left\" valign=\"middle\">Sal*<\/td>\n<td>g<\/td>\n<td>0,3<\/td>\n<td>5%<\/td>\n<td>0,06<\/td>\n<td width=\"145\">1%<\/td>\n<\/tr>\n<\/tbody>\n<\/table>\n<p>*DR: Dose de refer\u00eancia para um adulto m\u00e9dio (8400kJ\/2000kcal)<\/p>\n<p><strong>Ingredientes:\u00a0 <\/strong>Cereais extrudidos (42%) (farinhas (TRIGO, milho e arroz)), cacau magro em p\u00f3 (4%), s\u00eamea de TRIGO, a\u00e7\u00facar e sal), xarope de glicose, cobertura de LEITE (20%) (a\u00e7\u00facar, gorduras vegetais (coco, palmiste, palma e carit\u00e9), LEITE magro em p\u00f3 (15%), emulsionante (lecitina de SOJA) e aroma), LEITE condensado (LEITE e a\u00e7\u00facar), humidificantes (xarope de sorbitol e glicerina), gordura de coco, a\u00e7\u00facar, cacau magro em p\u00f3 (0,6%), maltodextrina, lecitina de SOJA, sal e aroma.<\/p>\n<p>Pode conter vest\u00edgios de AMENDOINS, FRUTOS DE CASCA RIJA E SEMENTES DE S\u00c9SAMO.<\/p>\n<\/div>\n","protected":false},"excerpt":{"rendered":"<p>0.35\u20ac\/un<\/p>\n","protected":false},"featured_media":62258,"comment_status":"closed","ping_status":"closed","template":"","meta":{"_themeisle_gutenberg_block_has_review":false},"product_brand":[],"product_cat":[226,214,134,144,132,145],"product_tag":[593],"woo-feed-brand":[],"class_list":{"0":"post-62257","1":"product","2":"type-product","3":"status-publish","4":"has-post-thumbnail","6":"product_cat-alimentacao","7":"product_cat-bebe-crianca","8":"product_cat-bolachas-biscoitos","9":"product_cat-chocolates-biscoitos-e-cereais","10":"product_cat-mercearia","11":"product_cat-pequeno-almoco-e-cereais","12":"product_tag-novidades","13":"ts_product_brand-nacional","15":"first","16":"instock","17":"taxable","18":"shipping-taxable","19":"purchasable","20":"product-type-simple"},"_links":{"self":[{"href":"https:\/\/www.ateti.pt\/loja\/wp-json\/wp\/v2\/product\/62257","targetHints":{"allow":["GET"]}}],"collection":[{"href":"https:\/\/www.ateti.pt\/loja\/wp-json\/wp\/v2\/product"}],"about":[{"href":"https:\/\/www.ateti.pt\/loja\/wp-json\/wp\/v2\/types\/product"}],"replies":[{"embeddable":true,"href":"https:\/\/www.ateti.pt\/loja\/wp-json\/wp\/v2\/comments?post=62257"}],"wp:featuredmedia":[{"embeddable":true,"href":"https:\/\/www.ateti.pt\/loja\/wp-json\/wp\/v2\/media\/62258"}],"wp:attachment":[{"href":"https:\/\/www.ateti.pt\/loja\/wp-json\/wp\/v2\/media?parent=62257"}],"wp:term":[{"taxonomy":"product_brand","embeddable":true,"href":"https:\/\/www.ateti.pt\/loja\/wp-json\/wp\/v2\/product_brand?post=62257"},{"taxonomy":"product_cat","embeddable":true,"href":"https:\/\/www.ateti.pt\/loja\/wp-json\/wp\/v2\/product_cat?post=62257"},{"taxonomy":"product_tag","embeddable":true,"href":"https:\/\/www.ateti.pt\/loja\/wp-json\/wp\/v2\/product_tag?post=62257"},{"taxonomy":"woo-feed-brand","embeddable":true,"href":"https:\/\/www.ateti.pt\/loja\/wp-json\/wp\/v2\/woo-feed-brand?post=62257"}],"curies":[{"name":"wp","href":"https:\/\/api.w.org\/{rel}","templated":true}]}}