{"id":61900,"date":"2024-02-22T15:37:22","date_gmt":"2024-02-22T15:37:22","guid":{"rendered":"https:\/\/www.ateti.pt\/loja\/?post_type=product&#038;p=61900"},"modified":"2024-02-22T15:37:23","modified_gmt":"2024-02-22T15:37:23","slug":"batata-frita-ondulada-de-ketchup-170g-amanhecer","status":"publish","type":"product","link":"https:\/\/www.ateti.pt\/loja\/produto\/batata-frita-ondulada-de-ketchup-170g-amanhecer\/","title":{"rendered":"Batata Frita Ondulada de Ketchup 170g Amanhecer"},"content":{"rendered":"<p><strong>Batata Frita Ondulada de Ketchup Amanhecer<\/strong><\/p>\n<p><strong>Quantidade:\u00a0<\/strong>170g<\/p>\n<p>Perfeito para acompanhar a tua refei\u00e7\u00e3o ou para um snack.<\/p>\n<p><strong>Ingredientes:\u00a0<\/strong>Batatas (59%), \u00f3leo de girassol com alto teor em \u00e1cido oleico(33%), preparado com sabor a ketchup (8%), a\u00e7\u00facar branco, vinagre de alcool em p\u00f3, tomate em p\u00f3, sal, maltodextrina de batata, acidificantes(\u00e1cido m\u00e1lico, \u00e1cido c\u00edtrico), levedura em p\u00f3, cebola em p\u00f3, extrato de especiarias, aroma.<\/p>\n<p>Pode conter vest\u00edgios de cereais com gl\u00faten, leite (incluindo lactose), soja e mostarda.<\/p>\n<p><strong>Valores nutricionais por 100g de produto:\u00a0<\/strong> Energia: 2241kj7538kcal; L\u00edpidos: 33g, dos quais saturados: 3.4g; Hidratos de carbono: 51g, dos quais a\u00e7\u00facares: 3.6g; Fibra: 4.9g; Prote\u00ednas: 6.7g; Sal: 0.85g<\/p>\n<p>&nbsp;<\/p>\n","protected":false},"excerpt":{"rendered":"<p>9.94\u20ac\/kg<\/p>\n","protected":false},"featured_media":61903,"comment_status":"closed","ping_status":"closed","template":"","meta":{"_themeisle_gutenberg_block_has_review":false},"product_brand":[],"product_cat":[206,132],"product_tag":[593],"woo-feed-brand":[],"class_list":{"0":"post-61900","1":"product","2":"type-product","3":"status-publish","4":"has-post-thumbnail","6":"product_cat-aperitivos","7":"product_cat-mercearia","8":"product_tag-novidades","9":"ts_product_brand-amanhecer","11":"first","12":"instock","13":"taxable","14":"shipping-taxable","15":"purchasable","16":"product-type-simple"},"_links":{"self":[{"href":"https:\/\/www.ateti.pt\/loja\/wp-json\/wp\/v2\/product\/61900","targetHints":{"allow":["GET"]}}],"collection":[{"href":"https:\/\/www.ateti.pt\/loja\/wp-json\/wp\/v2\/product"}],"about":[{"href":"https:\/\/www.ateti.pt\/loja\/wp-json\/wp\/v2\/types\/product"}],"replies":[{"embeddable":true,"href":"https:\/\/www.ateti.pt\/loja\/wp-json\/wp\/v2\/comments?post=61900"}],"wp:featuredmedia":[{"embeddable":true,"href":"https:\/\/www.ateti.pt\/loja\/wp-json\/wp\/v2\/media\/61903"}],"wp:attachment":[{"href":"https:\/\/www.ateti.pt\/loja\/wp-json\/wp\/v2\/media?parent=61900"}],"wp:term":[{"taxonomy":"product_brand","embeddable":true,"href":"https:\/\/www.ateti.pt\/loja\/wp-json\/wp\/v2\/product_brand?post=61900"},{"taxonomy":"product_cat","embeddable":true,"href":"https:\/\/www.ateti.pt\/loja\/wp-json\/wp\/v2\/product_cat?post=61900"},{"taxonomy":"product_tag","embeddable":true,"href":"https:\/\/www.ateti.pt\/loja\/wp-json\/wp\/v2\/product_tag?post=61900"},{"taxonomy":"woo-feed-brand","embeddable":true,"href":"https:\/\/www.ateti.pt\/loja\/wp-json\/wp\/v2\/woo-feed-brand?post=61900"}],"curies":[{"name":"wp","href":"https:\/\/api.w.org\/{rel}","templated":true}]}}