{"id":61692,"date":"2024-02-20T12:34:07","date_gmt":"2024-02-20T12:34:07","guid":{"rendered":"https:\/\/www.ateti.pt\/loja\/?post_type=product&#038;p=61692"},"modified":"2024-02-26T09:40:46","modified_gmt":"2024-02-26T09:40:46","slug":"gelatina-de-tutti-frutti-1360kg-masterchef","status":"publish","type":"product","link":"https:\/\/www.ateti.pt\/loja\/produto\/gelatina-de-tutti-frutti-1360kg-masterchef\/","title":{"rendered":"Gelatina de Tutti Frutti 1,360Kg MasterChef"},"content":{"rendered":"<p><strong>Gelatina de Tutti Frutti Masterchef<\/strong><\/p>\n<p><strong>Quantidade:\u00a0<\/strong>1.360kg<\/p>\n<p><strong>Ingredientes:\u00a0<\/strong>A\u00e7\u00facar, gelatina (11%), reguladores de acidez (\u00e1cido fum\u00e1rico e citrato triss\u00f3dico), aroma, sal, vitamina C e corantes<br \/>\n(antocianinas e curcumina).<\/p>\n<p><strong>Condi\u00e7\u00f5es de Prepara\u00e7\u00e3o \/ Conserva\u00e7\u00e3o<\/strong><\/p>\n<p>1. Dissolver o conte\u00fado de cada saqueta em 1000 ml de \u00e1gua acabada de ferver;<\/p>\n<p>2. Juntar 1000 ml de \u00e1gua fria e misturar bem;<\/p>\n<p>3. Passar uma forma por \u00e1gua fria, deitar a mistura e levar ao frigor\u00edfico at\u00e9 ficar<br \/>\nconsistente.<\/p>\n<p>Advert\u00eancias Nota: Para desenformar, mergulhar a forma em \u00e1gua muito quente durante alguns<br \/>\nsegundos.<\/p>\n<p>Condi\u00e7\u00f5es de conserva\u00e7\u00e3o Conservar em local fresco e seco.<\/p>\n<p>Ap\u00f3s preparado, o produto deve ser conservado no frigor\u00edfico e consumido no prazo<br \/>\nm\u00e1ximo de 48 horas.<\/p>\n<p>Temperatura de conserva\u00e7\u00e3o (\u00ba C) Refrigera\u00e7\u00e3o (0\u00baC e 5\u00baC)<\/p>\n<p>Condi\u00e7\u00f5es de conserva\u00e7\u00e3o ap\u00f3s abertura Ap\u00f3s preparado, o produto deve ser conservado no frigor\u00edfico e consumido no prazo<br \/>\nm\u00e1ximo de 48 horas.<\/p>\n<p>&nbsp;<\/p>\n","protected":false},"excerpt":{"rendered":"<p>7.34\u20ac\/kg<\/p>\n","protected":false},"featured_media":62030,"comment_status":"closed","ping_status":"closed","template":"","meta":{"_themeisle_gutenberg_block_has_review":false},"product_brand":[],"product_cat":[542,250,688,132,175],"product_tag":[593],"woo-feed-brand":[],"class_list":{"0":"post-61692","1":"product","2":"type-product","3":"status-publish","4":"has-post-thumbnail","6":"product_cat-alimentacao-office","7":"product_cat-ate-ti-negocios","8":"product_cat-chocolates-bolachas","9":"product_cat-mercearia","10":"product_cat-sobremesas-mercearia","11":"product_tag-novidades","12":"ts_product_brand-masterchef","14":"first","15":"instock","16":"taxable","17":"shipping-taxable","18":"purchasable","19":"product-type-simple"},"_links":{"self":[{"href":"https:\/\/www.ateti.pt\/loja\/wp-json\/wp\/v2\/product\/61692","targetHints":{"allow":["GET"]}}],"collection":[{"href":"https:\/\/www.ateti.pt\/loja\/wp-json\/wp\/v2\/product"}],"about":[{"href":"https:\/\/www.ateti.pt\/loja\/wp-json\/wp\/v2\/types\/product"}],"replies":[{"embeddable":true,"href":"https:\/\/www.ateti.pt\/loja\/wp-json\/wp\/v2\/comments?post=61692"}],"wp:featuredmedia":[{"embeddable":true,"href":"https:\/\/www.ateti.pt\/loja\/wp-json\/wp\/v2\/media\/62030"}],"wp:attachment":[{"href":"https:\/\/www.ateti.pt\/loja\/wp-json\/wp\/v2\/media?parent=61692"}],"wp:term":[{"taxonomy":"product_brand","embeddable":true,"href":"https:\/\/www.ateti.pt\/loja\/wp-json\/wp\/v2\/product_brand?post=61692"},{"taxonomy":"product_cat","embeddable":true,"href":"https:\/\/www.ateti.pt\/loja\/wp-json\/wp\/v2\/product_cat?post=61692"},{"taxonomy":"product_tag","embeddable":true,"href":"https:\/\/www.ateti.pt\/loja\/wp-json\/wp\/v2\/product_tag?post=61692"},{"taxonomy":"woo-feed-brand","embeddable":true,"href":"https:\/\/www.ateti.pt\/loja\/wp-json\/wp\/v2\/woo-feed-brand?post=61692"}],"curies":[{"name":"wp","href":"https:\/\/api.w.org\/{rel}","templated":true}]}}