{"id":61133,"date":"2024-02-13T17:26:43","date_gmt":"2024-02-13T17:26:43","guid":{"rendered":"https:\/\/www.ateti.pt\/loja\/?post_type=product&#038;p=61133"},"modified":"2026-03-02T17:27:04","modified_gmt":"2026-03-02T17:27:04","slug":"tigela-de-papel-descartavel-10un-amanhecer","status":"publish","type":"product","link":"https:\/\/www.ateti.pt\/loja\/produto\/tigela-de-papel-descartavel-10un-amanhecer\/","title":{"rendered":"Tigela de Papel Descart\u00e1vel 10un 550ml Amanhecer"},"content":{"rendered":"<p>Tigela de Papel Descart\u00e1vel Amanhecer<\/p>\n<p><strong>Quantidade:\u00a0<\/strong>10un<\/p>\n<p><strong>Capacidade:\u00a0<\/strong>550ml<\/p>\n<p>100% biodegrad\u00e1vel<\/p>\n<p>Manter esta embalagem afastada das crian\u00e7as para evitar o risco de sufoca\u00e7\u00e3o.<\/p>\n<p>Armazenar ao abrigo de fontes de calor, em local fresco e seco.<\/p>\n<p>Proteja o ambiente e coloque os pratos depois de usados no recipiente apropriado.<\/p>\n<p>Estes pratos s\u00e3o feitos de material biodegrad\u00e1vel, tal como a embalagem.<\/p>\n<p>&nbsp;<\/p>\n","protected":false},"excerpt":{"rendered":"<p>0.15\u20ac\/un<\/p>\n","protected":false},"featured_media":61139,"comment_status":"closed","ping_status":"closed","template":"","meta":{"_themeisle_gutenberg_block_has_review":false},"product_brand":[],"product_cat":[250,237,682,653,706],"product_tag":[],"woo-feed-brand":[],"class_list":{"0":"post-61133","1":"product","2":"type-product","3":"status-publish","4":"has-post-thumbnail","6":"product_cat-ate-ti-negocios","7":"product_cat-casa-jardim","8":"product_cat-embalagens-take-away","9":"product_cat-festas-e-eventos","10":"product_cat-utilitarios-de-casa","11":"ts_product_brand-amanhecer","13":"first","14":"instock","15":"taxable","16":"shipping-taxable","17":"purchasable","18":"product-type-simple"},"_links":{"self":[{"href":"https:\/\/www.ateti.pt\/loja\/wp-json\/wp\/v2\/product\/61133","targetHints":{"allow":["GET"]}}],"collection":[{"href":"https:\/\/www.ateti.pt\/loja\/wp-json\/wp\/v2\/product"}],"about":[{"href":"https:\/\/www.ateti.pt\/loja\/wp-json\/wp\/v2\/types\/product"}],"replies":[{"embeddable":true,"href":"https:\/\/www.ateti.pt\/loja\/wp-json\/wp\/v2\/comments?post=61133"}],"wp:featuredmedia":[{"embeddable":true,"href":"https:\/\/www.ateti.pt\/loja\/wp-json\/wp\/v2\/media\/61139"}],"wp:attachment":[{"href":"https:\/\/www.ateti.pt\/loja\/wp-json\/wp\/v2\/media?parent=61133"}],"wp:term":[{"taxonomy":"product_brand","embeddable":true,"href":"https:\/\/www.ateti.pt\/loja\/wp-json\/wp\/v2\/product_brand?post=61133"},{"taxonomy":"product_cat","embeddable":true,"href":"https:\/\/www.ateti.pt\/loja\/wp-json\/wp\/v2\/product_cat?post=61133"},{"taxonomy":"product_tag","embeddable":true,"href":"https:\/\/www.ateti.pt\/loja\/wp-json\/wp\/v2\/product_tag?post=61133"},{"taxonomy":"woo-feed-brand","embeddable":true,"href":"https:\/\/www.ateti.pt\/loja\/wp-json\/wp\/v2\/woo-feed-brand?post=61133"}],"curies":[{"name":"wp","href":"https:\/\/api.w.org\/{rel}","templated":true}]}}