{"id":60114,"date":"2024-01-23T19:05:53","date_gmt":"2024-01-23T18:05:53","guid":{"rendered":"https:\/\/www.ateti.pt\/loja\/?post_type=product&#038;p=60114"},"modified":"2026-03-19T14:54:11","modified_gmt":"2026-03-19T14:54:11","slug":"tortitas-de-arroz-com-chocolate-negro-e-framboesa-4x262g-gullon","status":"publish","type":"product","link":"https:\/\/www.ateti.pt\/loja\/produto\/tortitas-de-arroz-com-chocolate-negro-e-framboesa-4x262g-gullon\/","title":{"rendered":"Tortitas de Arroz com Chocolate Negro e Framboesa Vitalday 4packs Gull\u00f3n"},"content":{"rendered":"<p>Tortitas Arroz Chocolate Negro e Framboesa<\/p>\n<div class=\"elementor-element elementor-element-53b086e5 single-formats-product elementor-widget elementor-widget-ucaddon_formatos_producto\" data-id=\"53b086e5\" data-element_type=\"widget\" data-widget_type=\"ucaddon_formatos_producto.default\">\n<div class=\"elementor-widget-container\">\n<div class=\"elementor-element elementor-element-3fc073a4 elementor-widget elementor-widget-text-editor\" data-id=\"3fc073a4\" data-element_type=\"widget\" data-widget_type=\"text-editor.default\">\n<div class=\"elementor-widget-container\"><strong>Ingredientes<\/strong>: Arroz 54%, chocolate negro (a\u00e7\u00facar, pasta de cacau, manteiga de cacau, materia gorda l\u00e1ctea anidra (<strong>leite<\/strong>), emulsionante (lecitina de\u00a0<strong>soja<\/strong>), aroma natural de baunilha), flocos de framboesa (sacarose, amido de milho, sumo de framboesa desidratado, aroma, sumo de aronia desidratado), sal, emulsionante (lecitina de\u00a0<strong>soja<\/strong>).\u00a0<strong>Especialmente formulado para pessoas com doen\u00e7a cel\u00edaca.<\/strong><\/div>\n<\/div>\n<\/div>\n<\/div>\n<div><\/div>\n<div><strong>Valores nutricionais por 100g de produto: <\/strong>Energia: 1863kj\/443kcal; L\u00edpidos: 14g, dos quais saturados: 8,7g, dos quais monoinsaturados: 4,6g, dos quais poliinsaturados: 0,7g; Hidratos de Carbono: 71g, dos quais a\u00e7\u00facares: 25g; Fibra: 3,8g; Sal: 0,55g; Prote\u00ednas: 6,3g.<\/div>\n<div><\/div>\n<div><\/div>\n","protected":false},"excerpt":{"rendered":"<p>0.42\u20ac\/pack<\/p>\n","protected":false},"featured_media":60115,"comment_status":"closed","ping_status":"closed","template":"","meta":{"_themeisle_gutenberg_block_has_review":false},"product_brand":[],"product_cat":[207,134,144,132,216],"product_tag":[],"woo-feed-brand":[],"class_list":{"0":"post-60114","1":"product","2":"type-product","3":"status-publish","4":"has-post-thumbnail","6":"product_cat-bio-saudavel","7":"product_cat-bolachas-biscoitos","8":"product_cat-chocolates-biscoitos-e-cereais","9":"product_cat-mercearia","10":"product_cat-sem-gluten","11":"ts_product_brand-gullon","13":"first","14":"instock","15":"taxable","16":"shipping-taxable","17":"purchasable","18":"product-type-simple"},"_links":{"self":[{"href":"https:\/\/www.ateti.pt\/loja\/wp-json\/wp\/v2\/product\/60114","targetHints":{"allow":["GET"]}}],"collection":[{"href":"https:\/\/www.ateti.pt\/loja\/wp-json\/wp\/v2\/product"}],"about":[{"href":"https:\/\/www.ateti.pt\/loja\/wp-json\/wp\/v2\/types\/product"}],"replies":[{"embeddable":true,"href":"https:\/\/www.ateti.pt\/loja\/wp-json\/wp\/v2\/comments?post=60114"}],"wp:featuredmedia":[{"embeddable":true,"href":"https:\/\/www.ateti.pt\/loja\/wp-json\/wp\/v2\/media\/60115"}],"wp:attachment":[{"href":"https:\/\/www.ateti.pt\/loja\/wp-json\/wp\/v2\/media?parent=60114"}],"wp:term":[{"taxonomy":"product_brand","embeddable":true,"href":"https:\/\/www.ateti.pt\/loja\/wp-json\/wp\/v2\/product_brand?post=60114"},{"taxonomy":"product_cat","embeddable":true,"href":"https:\/\/www.ateti.pt\/loja\/wp-json\/wp\/v2\/product_cat?post=60114"},{"taxonomy":"product_tag","embeddable":true,"href":"https:\/\/www.ateti.pt\/loja\/wp-json\/wp\/v2\/product_tag?post=60114"},{"taxonomy":"woo-feed-brand","embeddable":true,"href":"https:\/\/www.ateti.pt\/loja\/wp-json\/wp\/v2\/woo-feed-brand?post=60114"}],"curies":[{"name":"wp","href":"https:\/\/api.w.org\/{rel}","templated":true}]}}