{"id":59941,"date":"2025-12-08T10:30:51","date_gmt":"2025-12-08T10:30:51","guid":{"rendered":"https:\/\/www.ateti.pt\/loja\/?post_type=product&#038;p=59941"},"modified":"2026-01-06T16:17:51","modified_gmt":"2026-01-06T16:17:51","slug":"bolachas-mini-marinhas-de-girassol-50g-salutem","status":"publish","type":"product","link":"https:\/\/www.ateti.pt\/loja\/produto\/bolachas-mini-marinhas-de-girassol-50g-salutem\/","title":{"rendered":"Bolachas Mini Marinhas de Girassol 50g Salutem"},"content":{"rendered":"<p><strong>Bolachas Marinhas de Girassol Salutem<\/strong><\/p>\n<p><strong>Quantidade:\u00a0<\/strong>50g<\/p>\n<div class=\"woocommerce-product-details__short-description short-description\">\n<p>Elaboradas exclusivamente com ingredientes naturais, as Bolachas Marinhas de Girassol Salutem, s\u00e3o bolachas finas e crocantes, inspiradas no p\u00e3o dos antigos marinheiros, enriquecidas com sementes de Girassol.<\/p>\n<p>\u2022 Fonte de fibra<br \/>\n\u2022 Sem adi\u00e7\u00e3o de a\u00e7\u00facares. Cont\u00e9m a\u00e7\u00facares naturalmente presentes<br \/>\n\u2022 Fonte de vitamina E<\/p>\n<\/div>\n<p><strong>Ingredientes:\u00a0<\/strong>Farinha de Trigo, Azeite Virgem Extra(10%), Sementes de Girassol (3%), Sal e Levedante(levedura).<\/p>\n<p>Cont\u00e9m gl\u00faten. Pode conter vest\u00edgios de s\u00e9samo e frutos de casca rija.<\/p>\n<p><strong>Valores nutricionais por 100g de produto:\u00a0 <\/strong>Energia: 1828kj\/434 kcal; L\u00edpidos: 11g, dos quais saturados: 1.6g, dos quais monoinsaturados: 6.7g, dos quais polinsaturadas: 2.7.<\/p>\n<p>Hidratos de Carbono: 70.6g. dos quais a\u00e7\u00facares: 1.7g; Fibra: 3.8g; Prote\u00ednas: 11.2g; Sal: 1g.<\/p>\n<p>Veja mais em <a href=\"https:\/\/www.ateti.pt\/loja\/categoria\/bio-saudavel\/\">Bio &amp; Saud\u00e1vel<\/a><\/p>\n","protected":false},"excerpt":{"rendered":"<p>15.8\u20ac\/kg<\/p>\n","protected":false},"featured_media":60230,"comment_status":"closed","ping_status":"closed","template":"","meta":{"_themeisle_gutenberg_block_has_review":false},"product_brand":[],"product_cat":[207,25,144,132,223],"product_tag":[],"woo-feed-brand":[],"class_list":{"0":"post-59941","1":"product","2":"type-product","3":"status-publish","4":"has-post-thumbnail","6":"product_cat-bio-saudavel","7":"product_cat-chocolates","8":"product_cat-chocolates-biscoitos-e-cereais","9":"product_cat-mercearia","10":"product_cat-mercearia-saudavel","11":"ts_product_brand-salutem","13":"first","14":"instock","15":"taxable","16":"shipping-taxable","17":"purchasable","18":"product-type-simple"},"_links":{"self":[{"href":"https:\/\/www.ateti.pt\/loja\/wp-json\/wp\/v2\/product\/59941","targetHints":{"allow":["GET"]}}],"collection":[{"href":"https:\/\/www.ateti.pt\/loja\/wp-json\/wp\/v2\/product"}],"about":[{"href":"https:\/\/www.ateti.pt\/loja\/wp-json\/wp\/v2\/types\/product"}],"replies":[{"embeddable":true,"href":"https:\/\/www.ateti.pt\/loja\/wp-json\/wp\/v2\/comments?post=59941"}],"wp:featuredmedia":[{"embeddable":true,"href":"https:\/\/www.ateti.pt\/loja\/wp-json\/wp\/v2\/media\/60230"}],"wp:attachment":[{"href":"https:\/\/www.ateti.pt\/loja\/wp-json\/wp\/v2\/media?parent=59941"}],"wp:term":[{"taxonomy":"product_brand","embeddable":true,"href":"https:\/\/www.ateti.pt\/loja\/wp-json\/wp\/v2\/product_brand?post=59941"},{"taxonomy":"product_cat","embeddable":true,"href":"https:\/\/www.ateti.pt\/loja\/wp-json\/wp\/v2\/product_cat?post=59941"},{"taxonomy":"product_tag","embeddable":true,"href":"https:\/\/www.ateti.pt\/loja\/wp-json\/wp\/v2\/product_tag?post=59941"},{"taxonomy":"woo-feed-brand","embeddable":true,"href":"https:\/\/www.ateti.pt\/loja\/wp-json\/wp\/v2\/woo-feed-brand?post=59941"}],"curies":[{"name":"wp","href":"https:\/\/api.w.org\/{rel}","templated":true}]}}