{"id":59454,"date":"2024-09-03T19:38:26","date_gmt":"2024-09-03T18:38:26","guid":{"rendered":"https:\/\/www.ateti.pt\/loja\/?post_type=product&#038;p=59454"},"modified":"2026-05-09T16:13:26","modified_gmt":"2026-05-09T15:13:26","slug":"bolacha-mini-marinheiras-de-chia-50g-cem-porcento","status":"publish","type":"product","link":"https:\/\/www.ateti.pt\/loja\/produto\/bolacha-mini-marinheiras-de-chia-50g-cem-porcento\/","title":{"rendered":"Bolacha Mini Marinheiras de Chia 50g Cem Porcento (31-07-2026)"},"content":{"rendered":"<p><strong>Bolacha Mini Marinheiras Chia<\/strong><\/p>\n<p><strong>Quantidade:\u00a0<\/strong>50g<\/p>\n<p>Sem adi\u00e7\u00e3o de a\u00e7\u00facares<\/p>\n<p><strong>Ingredientes:\u00a0<\/strong>Farinha de trigo, azeite extra virgem(9%); sementes de chia (Salvia hispanica L.) (2,5%); sal marinho; extrato de malte de cevada; emulsionante: lecitinas(soja); farinha de malte de cevada; levedura.<\/p>\n<p><strong>Bolacha Mini Marinheiras Chia\u00a0<\/strong>um snack perfeito para qualquer hora!<\/p>\n<p>Pode conter vest\u00edgios de leite e mostarda.<\/p>\n<p>Cont\u00e9m a\u00e7\u00facares naturalmente presentes.<\/p>\n<p><strong>Declara\u00e7\u00e3o Nutricional por 100g:\u00a0<\/strong>Energia: 1807kj\/430kcal; L\u00edpidos: 12g, dos quais saturados: 1.9g; Hidratos de Carbono: 65g, dos quais a\u00e7\u00facares: 3.3g; Fibra: 4.1g; Prote\u00ednas: 12g; Sal: 1.4g.<\/p>\n<p>Conservar em local fresco, ao abrigo da luz, de forma a manter as carater\u00edsticas do produto.<\/p>\n","protected":false},"excerpt":{"rendered":"<p>15\u20ac\/kg<\/p>\n","protected":false},"featured_media":59455,"comment_status":"closed","ping_status":"closed","template":"","meta":{"_themeisle_gutenberg_block_has_review":false},"product_brand":[],"product_cat":[134,144,132,265],"product_tag":[],"woo-feed-brand":[],"class_list":{"0":"post-59454","1":"product","2":"type-product","3":"status-publish","4":"has-post-thumbnail","6":"product_cat-bolachas-biscoitos","7":"product_cat-chocolates-biscoitos-e-cereais","8":"product_cat-mercearia","9":"product_cat-promocoes-outlet-ate-50-desconto-supermercado-online-ate-ti","10":"ts_product_brand-cem-porcento","12":"first","13":"instock","14":"sale","15":"taxable","16":"shipping-taxable","17":"purchasable","18":"product-type-simple"},"_links":{"self":[{"href":"https:\/\/www.ateti.pt\/loja\/wp-json\/wp\/v2\/product\/59454","targetHints":{"allow":["GET"]}}],"collection":[{"href":"https:\/\/www.ateti.pt\/loja\/wp-json\/wp\/v2\/product"}],"about":[{"href":"https:\/\/www.ateti.pt\/loja\/wp-json\/wp\/v2\/types\/product"}],"replies":[{"embeddable":true,"href":"https:\/\/www.ateti.pt\/loja\/wp-json\/wp\/v2\/comments?post=59454"}],"wp:featuredmedia":[{"embeddable":true,"href":"https:\/\/www.ateti.pt\/loja\/wp-json\/wp\/v2\/media\/59455"}],"wp:attachment":[{"href":"https:\/\/www.ateti.pt\/loja\/wp-json\/wp\/v2\/media?parent=59454"}],"wp:term":[{"taxonomy":"product_brand","embeddable":true,"href":"https:\/\/www.ateti.pt\/loja\/wp-json\/wp\/v2\/product_brand?post=59454"},{"taxonomy":"product_cat","embeddable":true,"href":"https:\/\/www.ateti.pt\/loja\/wp-json\/wp\/v2\/product_cat?post=59454"},{"taxonomy":"product_tag","embeddable":true,"href":"https:\/\/www.ateti.pt\/loja\/wp-json\/wp\/v2\/product_tag?post=59454"},{"taxonomy":"woo-feed-brand","embeddable":true,"href":"https:\/\/www.ateti.pt\/loja\/wp-json\/wp\/v2\/woo-feed-brand?post=59454"}],"curies":[{"name":"wp","href":"https:\/\/api.w.org\/{rel}","templated":true}]}}