{"id":59239,"date":"2023-12-13T17:50:21","date_gmt":"2023-12-13T16:50:21","guid":{"rendered":"https:\/\/www.ateti.pt\/loja\/?post_type=product&#038;p=59239"},"modified":"2025-10-28T17:25:04","modified_gmt":"2025-10-28T17:25:04","slug":"toalhitas-limpa-vidros-50un-ultra","status":"publish","type":"product","link":"https:\/\/www.ateti.pt\/loja\/produto\/toalhitas-limpa-vidros-50un-ultra\/","title":{"rendered":"Toalhitas Limpa Vidros 50un Ultra"},"content":{"rendered":"<p>Toalhitas Limpa Vidros Ultra<\/p>\n<p><strong>Quantidade:\u00a0<\/strong>50un<\/p>\n<p>Toalhitas 100% biodegrad\u00e1veis<\/p>\n<p><strong>Toalhitas Limpa Vidros Ultra\u00a0<\/strong>s\u00e3o feitas de fibras biodegrad\u00e1veis- Base vegetal.<\/p>\n<p>Para o bem do ambiente, as toalhitas s\u00e3o feitas de fibras 100% viscose.<\/p>\n<p>A embalagem \u00e9 feita de monomaterial sendo por isso ideal para reciclagem, reduzindo assim a introdu\u00e7\u00e3o<\/p>\n<p><strong>Importante:\u00a0<\/strong>Manter fora do alcance das crian\u00e7as.<\/p>\n<p>Lavar as m\u00e3os cuidadosamente ap\u00f3s manuseamento.<\/p>\n<p><strong>Composi\u00e7\u00e3o:\u00a0<\/strong><\/p>\n<ul>\n<li><strong>Inferior a 5%:\u00a0<\/strong>Tensoativos n\u00e3o i\u00f3nicos. Perfumes e conservantes.<\/li>\n<\/ul>\n<p><strong>Modo de utiliza\u00e7\u00e3o:\u00a0<\/strong> Testar numa superf\u00edcie pouco vis\u00edvel antes da primeira utiliza\u00e7\u00e3o. Fechar bem a embalagem, a fim de evitar que as toalhitas sequem.<\/p>\n<p><strong>Instru\u00e7\u00f5es de utiliza\u00e7\u00e3o:\u00a0<\/strong><\/p>\n<ol>\n<li>Levantar a tampa de prote\u00e7\u00e3o e retirar o filme autocolante.<\/li>\n<li>Retirar o n\u00famero de toalhitas a usar.<\/li>\n<li>Fechar bem a tampa para evitar que as toalhitas sequem.<\/li>\n<\/ol>\n<p><strong>Condi\u00e7\u00f5es de armazenamento:\u00a0<\/strong>Guardar num local fresco e seco. Evitar o contacto direto com a luz solar.<\/p>\n","protected":false},"excerpt":{"rendered":"<p>0.05\u20ac\/toalhita<\/p>\n","protected":false},"featured_media":59240,"comment_status":"closed","ping_status":"closed","template":"","meta":{"_themeisle_gutenberg_block_has_review":false},"product_brand":[],"product_cat":[237,190,233,204,706],"product_tag":[],"woo-feed-brand":[],"class_list":{"0":"post-59239","1":"product","2":"type-product","3":"status-publish","4":"has-post-thumbnail","6":"product_cat-casa-jardim","7":"product_cat-desinfetantes-e-limpeza","8":"product_cat-diversos-limpeza","9":"product_cat-limpeza","10":"product_cat-utilitarios-de-casa","12":"first","13":"instock","14":"taxable","15":"shipping-taxable","16":"purchasable","17":"product-type-simple"},"_links":{"self":[{"href":"https:\/\/www.ateti.pt\/loja\/wp-json\/wp\/v2\/product\/59239","targetHints":{"allow":["GET"]}}],"collection":[{"href":"https:\/\/www.ateti.pt\/loja\/wp-json\/wp\/v2\/product"}],"about":[{"href":"https:\/\/www.ateti.pt\/loja\/wp-json\/wp\/v2\/types\/product"}],"replies":[{"embeddable":true,"href":"https:\/\/www.ateti.pt\/loja\/wp-json\/wp\/v2\/comments?post=59239"}],"wp:featuredmedia":[{"embeddable":true,"href":"https:\/\/www.ateti.pt\/loja\/wp-json\/wp\/v2\/media\/59240"}],"wp:attachment":[{"href":"https:\/\/www.ateti.pt\/loja\/wp-json\/wp\/v2\/media?parent=59239"}],"wp:term":[{"taxonomy":"product_brand","embeddable":true,"href":"https:\/\/www.ateti.pt\/loja\/wp-json\/wp\/v2\/product_brand?post=59239"},{"taxonomy":"product_cat","embeddable":true,"href":"https:\/\/www.ateti.pt\/loja\/wp-json\/wp\/v2\/product_cat?post=59239"},{"taxonomy":"product_tag","embeddable":true,"href":"https:\/\/www.ateti.pt\/loja\/wp-json\/wp\/v2\/product_tag?post=59239"},{"taxonomy":"woo-feed-brand","embeddable":true,"href":"https:\/\/www.ateti.pt\/loja\/wp-json\/wp\/v2\/woo-feed-brand?post=59239"}],"curies":[{"name":"wp","href":"https:\/\/api.w.org\/{rel}","templated":true}]}}