{"id":59196,"date":"2023-12-12T18:09:51","date_gmt":"2023-12-12T17:09:51","guid":{"rendered":"https:\/\/www.ateti.pt\/loja\/?post_type=product&#038;p=59196"},"modified":"2024-02-19T12:19:46","modified_gmt":"2024-02-19T12:19:46","slug":"chocolate-oreo-100g-milka","status":"publish","type":"product","link":"https:\/\/www.ateti.pt\/loja\/produto\/chocolate-oreo-100g-milka\/","title":{"rendered":"Chocolate Oreo 100g Milka"},"content":{"rendered":"<p><strong>Chocolate Oreo Milka<\/strong><\/p>\n<p><strong>Quantidade:\u00a0<\/strong>100g<\/p>\n<p><strong>Ingredientes:\u00a0<\/strong>Chocolate de leite do Alpes com peda\u00e7os de bolacha com cacau(12%) e recheio cremoso(42%) sabor a baunilha. A\u00e7\u00facar, gorduras vegetais(palma, palmiste), leite em p\u00f3 magro, manteiga de cacau, farinha de trigo, pasta de cacau, soro de leite me p\u00f3, gordura do leite, cacau magro em p\u00f3(0,7%), emulsionante(lecitina de soja), xarope de glucose-frutose, amido de trigo, pasta de avel\u00e3s, levedantes(E503, E501, E500), sal, aromas, regulador de acidez(E524). Pode conter outros frutos de casca rija.<\/p>\n<p><strong>Valores nutricionais por 100g de produto:<\/strong> Energia: 2350kj\/564kcal; l\u00edpidos: 35g, dos quais saturados: 20g; Hidratos de carbono: 56g, dos quais a\u00e7\u00facares: 49g; Fibra: 1.6g; Prote\u00ednas: 4.8g; Sal: 0.33g.<\/p>\n<p>&nbsp;<\/p>\n","protected":false},"excerpt":{"rendered":"<p>16.9\u20ac\/kg<\/p>\n","protected":false},"featured_media":59200,"comment_status":"closed","ping_status":"closed","template":"","meta":{"_themeisle_gutenberg_block_has_review":false},"product_brand":[],"product_cat":[25,144,132],"product_tag":[593],"woo-feed-brand":[],"class_list":{"0":"post-59196","1":"product","2":"type-product","3":"status-publish","4":"has-post-thumbnail","6":"product_cat-chocolates","7":"product_cat-chocolates-biscoitos-e-cereais","8":"product_cat-mercearia","9":"product_tag-novidades","10":"ts_product_brand-milka","12":"first","13":"instock","14":"taxable","15":"shipping-taxable","16":"purchasable","17":"product-type-simple"},"_links":{"self":[{"href":"https:\/\/www.ateti.pt\/loja\/wp-json\/wp\/v2\/product\/59196","targetHints":{"allow":["GET"]}}],"collection":[{"href":"https:\/\/www.ateti.pt\/loja\/wp-json\/wp\/v2\/product"}],"about":[{"href":"https:\/\/www.ateti.pt\/loja\/wp-json\/wp\/v2\/types\/product"}],"replies":[{"embeddable":true,"href":"https:\/\/www.ateti.pt\/loja\/wp-json\/wp\/v2\/comments?post=59196"}],"wp:featuredmedia":[{"embeddable":true,"href":"https:\/\/www.ateti.pt\/loja\/wp-json\/wp\/v2\/media\/59200"}],"wp:attachment":[{"href":"https:\/\/www.ateti.pt\/loja\/wp-json\/wp\/v2\/media?parent=59196"}],"wp:term":[{"taxonomy":"product_brand","embeddable":true,"href":"https:\/\/www.ateti.pt\/loja\/wp-json\/wp\/v2\/product_brand?post=59196"},{"taxonomy":"product_cat","embeddable":true,"href":"https:\/\/www.ateti.pt\/loja\/wp-json\/wp\/v2\/product_cat?post=59196"},{"taxonomy":"product_tag","embeddable":true,"href":"https:\/\/www.ateti.pt\/loja\/wp-json\/wp\/v2\/product_tag?post=59196"},{"taxonomy":"woo-feed-brand","embeddable":true,"href":"https:\/\/www.ateti.pt\/loja\/wp-json\/wp\/v2\/woo-feed-brand?post=59196"}],"curies":[{"name":"wp","href":"https:\/\/api.w.org\/{rel}","templated":true}]}}