{"id":58665,"date":"2024-10-09T11:28:06","date_gmt":"2024-10-09T10:28:06","guid":{"rendered":"https:\/\/www.ateti.pt\/loja\/?post_type=product&#038;p=58665"},"modified":"2026-04-17T09:06:21","modified_gmt":"2026-04-17T08:06:21","slug":"cafe-sical-int-7-mega-pack-4-x-64-capsulas-dolce-gusto","status":"publish","type":"product","link":"https:\/\/www.ateti.pt\/loja\/produto\/cafe-sical-int-7-mega-pack-4-x-64-capsulas-dolce-gusto\/","title":{"rendered":"Caf\u00e9 Sical Int 7 Mega Pack 4 x 64 C\u00e1psulas Dolce Gusto"},"content":{"rendered":"<h3><strong>C\u00e1psulas de Caf\u00e9 Dolce Gusto Sical Mega Pack 64 C\u00e1psulas<\/strong><\/h3>\n<p>O novo pack <strong>C\u00e1psulas de Caf\u00e9 Dolce Gusto Sical Mega Pack 64 C\u00e1psulas<\/strong>\u00a0j\u00e1 est\u00e1 dispon\u00edvel online no <a href=\"http:\/\/www.ateti.pt\/loja\">At\u00e9 Ti<\/a><\/p>\n<p><strong>Lista de Ingredientes:<\/strong>\u00a0Caf\u00e9 torrado (ingrediente \u00fanico)<\/p>\n<p><strong>Origem:<\/strong>\u00a0Mat\u00e9ria prima oriunda do Honduras, Brasil, Vietname e Col\u00f4mbia.<\/p>\n<p>Conservar em local fresco e seco<\/p>\n<p>Descubra NESCAF\u00c9\u00ae Dolce Gusto\u00ae SICAL\u00ae, um caf\u00e9 expresso inspirado nos caf\u00e9 portugueses.<\/p>\n<p>Um blend dolce gusto buondi intenso\u00a0 selecionado cuidadosamente com gr\u00e3os de caf\u00e9 Ar\u00e1bica e Robusta, que equilibra os aromas frutados , com notas subtis apimentadas e de chocolate preto.<\/p>\n<p>Um caf\u00e9 expresso curto e encorpado finalizado com um creme denso e aveludado.<\/p>\n<p>Delicie-se com o saboroso <strong>C\u00e1psulas de Caf\u00e9 Dolce Gusto Sical Mega Pack 64 C\u00e1psulas<\/strong>\u00a0no conforto de sua casa, a qualquer hora do dia.<\/p>\n<p>Com o sistema <a href=\"https:\/\/www.ateti.pt\/loja\/categoria\/cafe-em-capsula\/?product_brand=260\">NESCAF\u00c9\u00ae Dolce Gusto\u00ae<\/a> de m\u00e1quinas, caf\u00e9s e bebidas, pode saborear mais de 20 cria\u00e7\u00f5es de caf\u00e9. Descubra uma sele\u00e7\u00e3o de fortes Ristrettos, Expressos intensos, caf\u00e9s longos e encorpados, Cappuccinos e Latte Machiatos cremosos, ou at\u00e9 mesmo chocolates quentes, ch\u00e1s e bebidas frias.<\/p>\n<p>Pode criar caf\u00e9s de alta qualidade com cremes aveludados devido ao sistema de alta press\u00e3o das m\u00e1quinas de caf\u00e9 NESCAF\u00c9\u00ae Dolce Gusto\u00ae.<\/p>\n<p>Com as c\u00e1psulas hermeticamente seladas que preservam todos os aromas, ir\u00e1 desfrutar de uma deliciosa bebida arom\u00e1tica em cada ch\u00e1vena no conforto de sua casa.<\/p>\n<p>Faz j\u00e1 as tuas compras online no supermercado online At\u00e9 Ti e recebes as tuas c\u00e1psulas de caf\u00e9 NESCAF\u00c9\u00ae Dolce Gusto\u00ae\u00a0comodamente em casa ou onde estiveres.<\/p>\n<p>V\u00ea mais em C\u00e1psulas de <a href=\"https:\/\/www.ateti.pt\/loja\/categoria\/cafe-em-capsula\/?product_brand=260\">Caf\u00e9\u00a0NESCAF\u00c9\u00ae Dolce Gusto\u00ae<\/a><\/p>\n","protected":false},"excerpt":{"rendered":"<p>0,28\u20ac\/unidade<br \/>\n<strong>Intensidade:<\/strong> 7<br \/>\n<strong>Quantidade:<\/strong> 256 c\u00e1psulas de caf\u00e9<\/p>\n","protected":false},"featured_media":60364,"comment_status":"closed","ping_status":"closed","template":"","meta":{"_themeisle_gutenberg_block_has_review":false},"product_brand":[],"product_cat":[117,18,138,578],"product_tag":[],"woo-feed-brand":[],"class_list":{"0":"post-58665","1":"product","2":"type-product","3":"status-publish","4":"has-post-thumbnail","6":"product_cat-cafe-em-capsula","7":"product_cat-capsulas-dolce-gusto","8":"product_cat-originais-e-compativeis-dg","9":"product_cat-cafe-grandes-formatos","11":"first","12":"instock","13":"sale","14":"taxable","15":"shipping-taxable","16":"purchasable","17":"product-type-simple"},"_links":{"self":[{"href":"https:\/\/www.ateti.pt\/loja\/wp-json\/wp\/v2\/product\/58665","targetHints":{"allow":["GET"]}}],"collection":[{"href":"https:\/\/www.ateti.pt\/loja\/wp-json\/wp\/v2\/product"}],"about":[{"href":"https:\/\/www.ateti.pt\/loja\/wp-json\/wp\/v2\/types\/product"}],"replies":[{"embeddable":true,"href":"https:\/\/www.ateti.pt\/loja\/wp-json\/wp\/v2\/comments?post=58665"}],"wp:featuredmedia":[{"embeddable":true,"href":"https:\/\/www.ateti.pt\/loja\/wp-json\/wp\/v2\/media\/60364"}],"wp:attachment":[{"href":"https:\/\/www.ateti.pt\/loja\/wp-json\/wp\/v2\/media?parent=58665"}],"wp:term":[{"taxonomy":"product_brand","embeddable":true,"href":"https:\/\/www.ateti.pt\/loja\/wp-json\/wp\/v2\/product_brand?post=58665"},{"taxonomy":"product_cat","embeddable":true,"href":"https:\/\/www.ateti.pt\/loja\/wp-json\/wp\/v2\/product_cat?post=58665"},{"taxonomy":"product_tag","embeddable":true,"href":"https:\/\/www.ateti.pt\/loja\/wp-json\/wp\/v2\/product_tag?post=58665"},{"taxonomy":"woo-feed-brand","embeddable":true,"href":"https:\/\/www.ateti.pt\/loja\/wp-json\/wp\/v2\/woo-feed-brand?post=58665"}],"curies":[{"name":"wp","href":"https:\/\/api.w.org\/{rel}","templated":true}]}}