{"id":58663,"date":"2024-10-09T11:21:50","date_gmt":"2024-10-09T10:21:50","guid":{"rendered":"https:\/\/www.ateti.pt\/loja\/?post_type=product&#038;p=58663"},"modified":"2026-04-29T17:16:47","modified_gmt":"2026-04-29T16:16:47","slug":"cafe-ristreto-napoli-style-mega-pack-4-x-64-capsulas-dolce-gusto","status":"publish","type":"product","link":"https:\/\/www.ateti.pt\/loja\/produto\/cafe-ristreto-napoli-style-mega-pack-4-x-64-capsulas-dolce-gusto\/","title":{"rendered":"Caf\u00e9 Ristreto Napoli Style Mega Pack 4 x 64 C\u00e1psulas Dolce Gusto"},"content":{"rendered":"<p><strong>Caf\u00e9 Napoli Style Dolce Gusto<\/strong><\/p>\n<p>Descubra\u00a0Dolce Gusto \u2013\u00a0Ristreto Napoli Style, um expresso curto particularmente rico e intenso, inspirado em N\u00e1poles onde arte e hist\u00f3ria criam grande caf\u00e9s e onde deu origem ao mais intenso caf\u00e9 alguma vez lan\u00e7ado pela marca. O seu creme escuro e espesso e o seu t\u00edpico corpo denso, revelam os seus aromas quentes e torrados. Sinta-se envolvido pelo seu sabor prolongado e experiencie a verdadeira ess\u00eancia do caf\u00e9 do sul de It\u00e1lia.<\/p>\n<p>Com uma intensidade de 13, este \u00e9 o caf\u00e9 expresso mais intenso dos blends de caf\u00e9s NESCAF\u00c9\u00ae Dolce Gusto\u00ae. Delicie-se com o saboroso <strong>Caf\u00e9 Napoli Style Dolce Gusto <\/strong>no conforto de sua casa, a qualquer hora do dia.<\/p>\n<p>Dolce Gusto \u2013\u00a0Ristreto Napoli Style, junta-se assim aos caf\u00e9s Ritretto Ardenza, Expresso Barista e aos blends de BUONDI\u00ae e SICAL\u00ae, j\u00e1 bem conhecidos dos consumidores portugueses.<\/p>\n<p>Este \u00e9 o expresso mais intenso da gama de caf\u00e9s dispon\u00edveis para o sistema\u00a0<strong>NESCAF\u00c9\u00ae Dolce Gusto\u00ae<\/strong>\u00a0e vai ao encontro dos consumidores com prefer\u00eancia para caf\u00e9s mais intensos, uma tend\u00eancia que se tem vindo a verificar em Portugal.<\/p>\n<p>Com o sistema NESCAF\u00c9 Dolce Gusto de m\u00e1quinas, caf\u00e9s e bebidas, pode saborear mais de 20 cria\u00e7\u00f5es de caf\u00e9. Descubra uma sele\u00e7\u00e3o de fortes Ristrettos, Expressos intensos, caf\u00e9s longos e encorpados, Cappuccinos e Latte Machiatos cremososo, ou at\u00e9 mesmo chocolates quentes, ch\u00e1s e bebidas frias.<\/p>\n<p>Pode criar caf\u00e9s de alta qualidade com cremes aveludados devido ao sistema de alta press\u00e3o das m\u00e1quinas de caf\u00e9 NESCAF\u00c9 Dolce Gusto.<\/p>\n<p>Com as c\u00e1psulas hermeticamente seladas que preservam todos os aromas, ir\u00e1 desfrutar de uma deliciosa bebida arom\u00e1tica em cada ch\u00e1vena no conforto de sua casa.<\/p>\n<p><strong>Lista de Ingredientes:<\/strong>\u00a0Caf\u00e9 torrado (ingrediente \u00fanico)<\/p>\n<p><strong>Origem:<\/strong>\u00a0Mat\u00e9ria prima oriunda do Uganda, Brasil e Col\u00f4mbia.<\/p>\n<p>Conservar em local fresco e seco.<\/p>\n<p>Veja mais em\u00a0<a href=\"https:\/\/www.ateti.pt\/loja\/categoria\/cafe-em-capsula\/\">Caf\u00e9 em C\u00e1psula<\/a><\/p>\n","protected":false},"excerpt":{"rendered":"<p>0,28\u20ac\/unidade<br \/>\n<strong>Intensidade:<\/strong> 13<br \/>\n<strong>Quantidade:<\/strong> 256 c\u00e1psulas de caf\u00e9<\/p>\n","protected":false},"featured_media":60365,"comment_status":"closed","ping_status":"closed","template":"","meta":{"_themeisle_gutenberg_block_has_review":false},"product_brand":[],"product_cat":[117,18,138],"product_tag":[],"woo-feed-brand":[],"class_list":{"0":"post-58663","1":"product","2":"type-product","3":"status-publish","4":"has-post-thumbnail","6":"product_cat-cafe-em-capsula","7":"product_cat-capsulas-dolce-gusto","8":"product_cat-originais-e-compativeis-dg","10":"first","11":"instock","12":"sale","13":"taxable","14":"shipping-taxable","15":"purchasable","16":"product-type-simple"},"_links":{"self":[{"href":"https:\/\/www.ateti.pt\/loja\/wp-json\/wp\/v2\/product\/58663","targetHints":{"allow":["GET"]}}],"collection":[{"href":"https:\/\/www.ateti.pt\/loja\/wp-json\/wp\/v2\/product"}],"about":[{"href":"https:\/\/www.ateti.pt\/loja\/wp-json\/wp\/v2\/types\/product"}],"replies":[{"embeddable":true,"href":"https:\/\/www.ateti.pt\/loja\/wp-json\/wp\/v2\/comments?post=58663"}],"wp:featuredmedia":[{"embeddable":true,"href":"https:\/\/www.ateti.pt\/loja\/wp-json\/wp\/v2\/media\/60365"}],"wp:attachment":[{"href":"https:\/\/www.ateti.pt\/loja\/wp-json\/wp\/v2\/media?parent=58663"}],"wp:term":[{"taxonomy":"product_brand","embeddable":true,"href":"https:\/\/www.ateti.pt\/loja\/wp-json\/wp\/v2\/product_brand?post=58663"},{"taxonomy":"product_cat","embeddable":true,"href":"https:\/\/www.ateti.pt\/loja\/wp-json\/wp\/v2\/product_cat?post=58663"},{"taxonomy":"product_tag","embeddable":true,"href":"https:\/\/www.ateti.pt\/loja\/wp-json\/wp\/v2\/product_tag?post=58663"},{"taxonomy":"woo-feed-brand","embeddable":true,"href":"https:\/\/www.ateti.pt\/loja\/wp-json\/wp\/v2\/woo-feed-brand?post=58663"}],"curies":[{"name":"wp","href":"https:\/\/api.w.org\/{rel}","templated":true}]}}