{"id":58633,"date":"2023-11-20T17:21:24","date_gmt":"2023-11-20T16:21:24","guid":{"rendered":"https:\/\/www.ateti.pt\/loja\/?post_type=product&#038;p=58633"},"modified":"2026-02-10T08:54:25","modified_gmt":"2026-02-10T08:54:25","slug":"bolacha-poker-com-recheio-cacau-pack4x45g-lago","status":"publish","type":"product","link":"https:\/\/www.ateti.pt\/loja\/produto\/bolacha-poker-com-recheio-cacau-pack4x45g-lago\/","title":{"rendered":"Bolacha Poker com Recheio Cacau Pack4x45g Lago"},"content":{"rendered":"<p><strong>Bolacha Poker Cacau Lago<\/strong><\/p>\n<p><strong>Quantidade: <\/strong>180g(4x45g)<\/p>\n<p><strong>Bolacha Poker Cacau Lago- Ingredientes:<\/strong> farinha de trigo, a\u00e7\u00facar, \u00f3leo de coco, cacau magro em p\u00f3(11% no creme), lactossoro em p\u00f3, emulsionantes: lecitina de soja, sal, levedantes: hidrogenocarbonato de s\u00f3dio, extrato de baunilha. Pode conter vest\u00edgios de amendoins, frutos de casca rija, ovos e mostarda. Conservar em local fresco e seco.<\/p>\n<p>Valores nutricionais por 100g de produto: Energia: 2158kj\/516kcal, L\u00edpidos: 26.6g, dos quais saturados: 24g; Hidratos de carbono: 61.8, dos quais a\u00e7\u00facares: 37g; Prote\u00edna: 5.8g; Sal: 0.38g.<\/p>\n<p>&nbsp;<\/p>\n","protected":false},"excerpt":{"rendered":"<p>0.35\u20ac\/un<\/p>\n","protected":false},"featured_media":78787,"comment_status":"closed","ping_status":"closed","template":"","meta":{"_themeisle_gutenberg_block_has_review":false},"product_brand":[],"product_cat":[134,144,132],"product_tag":[],"woo-feed-brand":[],"class_list":{"0":"post-58633","1":"product","2":"type-product","3":"status-publish","4":"has-post-thumbnail","6":"product_cat-bolachas-biscoitos","7":"product_cat-chocolates-biscoitos-e-cereais","8":"product_cat-mercearia","9":"ts_product_brand-lago","11":"first","12":"instock","13":"taxable","14":"shipping-taxable","15":"purchasable","16":"product-type-simple"},"_links":{"self":[{"href":"https:\/\/www.ateti.pt\/loja\/wp-json\/wp\/v2\/product\/58633","targetHints":{"allow":["GET"]}}],"collection":[{"href":"https:\/\/www.ateti.pt\/loja\/wp-json\/wp\/v2\/product"}],"about":[{"href":"https:\/\/www.ateti.pt\/loja\/wp-json\/wp\/v2\/types\/product"}],"replies":[{"embeddable":true,"href":"https:\/\/www.ateti.pt\/loja\/wp-json\/wp\/v2\/comments?post=58633"}],"wp:featuredmedia":[{"embeddable":true,"href":"https:\/\/www.ateti.pt\/loja\/wp-json\/wp\/v2\/media\/78787"}],"wp:attachment":[{"href":"https:\/\/www.ateti.pt\/loja\/wp-json\/wp\/v2\/media?parent=58633"}],"wp:term":[{"taxonomy":"product_brand","embeddable":true,"href":"https:\/\/www.ateti.pt\/loja\/wp-json\/wp\/v2\/product_brand?post=58633"},{"taxonomy":"product_cat","embeddable":true,"href":"https:\/\/www.ateti.pt\/loja\/wp-json\/wp\/v2\/product_cat?post=58633"},{"taxonomy":"product_tag","embeddable":true,"href":"https:\/\/www.ateti.pt\/loja\/wp-json\/wp\/v2\/product_tag?post=58633"},{"taxonomy":"woo-feed-brand","embeddable":true,"href":"https:\/\/www.ateti.pt\/loja\/wp-json\/wp\/v2\/woo-feed-brand?post=58633"}],"curies":[{"name":"wp","href":"https:\/\/api.w.org\/{rel}","templated":true}]}}