{"id":58584,"date":"2023-11-17T12:01:33","date_gmt":"2023-11-17T11:01:33","guid":{"rendered":"https:\/\/www.ateti.pt\/loja\/?post_type=product&#038;p=58584"},"modified":"2025-05-07T17:46:08","modified_gmt":"2025-05-07T16:46:08","slug":"acendalhas-ecologicas-32un-inflame","status":"publish","type":"product","link":"https:\/\/www.ateti.pt\/loja\/produto\/acendalhas-ecologicas-32un-inflame\/","title":{"rendered":"Acendalhas Ecol\u00f3gicas 32un Inflame"},"content":{"rendered":"<p><strong>Acendalhas Ecol\u00f3gicas<\/strong><\/p>\n<p><strong>Quantidade:\u00a0<\/strong>32 unidades<\/p>\n<p>Sem cheiro. N\u00e3o t\u00f3xico e amigo do ambiente.<\/p>\n<p><strong>Acendalhas Ecol\u00f3gicas <\/strong>perfeito para um lume f\u00e1cil, simples e seguro.<\/p>\n<p><strong>Indicado para:\u00a0<\/strong> Chamin\u00e9s, lareiras, fogos abertos, fornos, salamandras e grelhadores. <strong>Modo de utiliza\u00e7\u00e3o:\u00a0<\/strong> Antes de abrir a embalagem de pl\u00e1stico, separe os cubos de acendalhas uns dos outros. Coloque um ou dois cubos na zona de combust\u00e3o. Cubra ligeiramente com carv\u00e3o ou lenha. Acenda o cubo pelo lado quebrado e deixe arder durante um ou dois minutos. Adicione mais lenha ou carv\u00e3o, tendo o cuidado de deixar queimar totalmente a acendalha antes de colocar os alimentos.<\/p>\n<p><strong>Composi\u00e7\u00e3o:\u00a0<\/strong>50% de madeira de pinho e 50% cera vegetal.<\/p>\n<p>Manter fora do alcance das crian\u00e7as. N\u00e3o ingerir e manter afastado de alimentos e bebidas, incluindo dos animais. Mistura s\u00f3lida facilmente inflam\u00e1vel quando em contacto com qualquer fonte de igni\u00e7\u00e3o. N\u00e3o utilizar \u00e1lcool ou gasolina para acender ou reacender o fogo. Lavar as m\u00e3os cuidadosamente ap\u00f3s manuseamento. Armazenar ao abrigo de fontes de calor, em local bem ventilado, fresco e seco.<\/p>\n","protected":false},"excerpt":{"rendered":"<p>0.04\u20ac\/cubo<\/p>\n","protected":false},"featured_media":58585,"comment_status":"closed","ping_status":"closed","template":"","meta":{"_themeisle_gutenberg_block_has_review":false},"product_brand":[],"product_cat":[237,706],"product_tag":[593],"woo-feed-brand":[],"class_list":{"0":"post-58584","1":"product","2":"type-product","3":"status-publish","4":"has-post-thumbnail","6":"product_cat-casa-jardim","7":"product_cat-utilitarios-de-casa","8":"product_tag-novidades","9":"ts_product_brand-inflame","11":"first","12":"instock","13":"taxable","14":"shipping-taxable","15":"purchasable","16":"product-type-simple"},"_links":{"self":[{"href":"https:\/\/www.ateti.pt\/loja\/wp-json\/wp\/v2\/product\/58584","targetHints":{"allow":["GET"]}}],"collection":[{"href":"https:\/\/www.ateti.pt\/loja\/wp-json\/wp\/v2\/product"}],"about":[{"href":"https:\/\/www.ateti.pt\/loja\/wp-json\/wp\/v2\/types\/product"}],"replies":[{"embeddable":true,"href":"https:\/\/www.ateti.pt\/loja\/wp-json\/wp\/v2\/comments?post=58584"}],"wp:featuredmedia":[{"embeddable":true,"href":"https:\/\/www.ateti.pt\/loja\/wp-json\/wp\/v2\/media\/58585"}],"wp:attachment":[{"href":"https:\/\/www.ateti.pt\/loja\/wp-json\/wp\/v2\/media?parent=58584"}],"wp:term":[{"taxonomy":"product_brand","embeddable":true,"href":"https:\/\/www.ateti.pt\/loja\/wp-json\/wp\/v2\/product_brand?post=58584"},{"taxonomy":"product_cat","embeddable":true,"href":"https:\/\/www.ateti.pt\/loja\/wp-json\/wp\/v2\/product_cat?post=58584"},{"taxonomy":"product_tag","embeddable":true,"href":"https:\/\/www.ateti.pt\/loja\/wp-json\/wp\/v2\/product_tag?post=58584"},{"taxonomy":"woo-feed-brand","embeddable":true,"href":"https:\/\/www.ateti.pt\/loja\/wp-json\/wp\/v2\/woo-feed-brand?post=58584"}],"curies":[{"name":"wp","href":"https:\/\/api.w.org\/{rel}","templated":true}]}}