{"id":58347,"date":"2023-11-07T10:10:13","date_gmt":"2023-11-07T09:10:13","guid":{"rendered":"https:\/\/www.ateti.pt\/loja\/?post_type=product&#038;p=58347"},"modified":"2025-10-29T17:44:01","modified_gmt":"2025-10-29T17:44:01","slug":"licor-beirao-dhonra-70cl-com-copo","status":"publish","type":"product","link":"https:\/\/www.ateti.pt\/loja\/produto\/licor-beirao-dhonra-70cl-com-copo\/","title":{"rendered":"Licor Beir\u00e3o D\u00b4Honra 70cl Com Copo"},"content":{"rendered":"<p><strong>Licor Beir\u00e3o D\u00b4Honra Com Copo<\/strong><\/p>\n<p><strong>Inclui:<\/strong><\/p>\n<ul>\n<li>Licor Beir\u00e3o D\u00b4Honra 70cl<\/li>\n<li>1 Copo<\/li>\n<\/ul>\n<p>Receita especial, de licor beir\u00e3o com aguardente v\u00ednica envelhecida.<\/p>\n<p>Consumir preferencialmente em estado puro e servido em copo de bal\u00e3o.<\/p>\n<p>Poder\u00e1 assim desfrutar de sintonia perfeita da aguardente v\u00ednica envelhecida com a dupla destila\u00e7\u00e3o de especiarias e plantas arom\u00e1ticas.<\/p>\n<p><strong>Curiosidade:<\/strong><\/p>\n<p>A 29 de abril de 1916, nasce Jos\u00e9 Carranca Redondo para tornar o nosso pa\u00eds menos quadrado: tornou famoso o Licor Beir\u00e3o e colocou-o na boca de todos os portugueses.<\/p>\n<p>Na d\u00e9cada de 40, quando a publicidade ainda n\u00e3o se chamava pelo nome, foi pioneiro a criar cartazes e trouxe para a rua a melhor publicidade que Portugal j\u00e1 viu.<\/p>\n<p>20 anos mais tarde, quando o proibiram de afixar cartazes, fez-se \u00e0 estrada e arriscou uma verdadeira volta a Portugal: criou uma equipa de ciclismo patrocinada pelo Licor Beir\u00e3o.<br \/>\nMas o amor \u00e0 camisola era tanto que continuou a colar cartazes e n\u00e3o houve justi\u00e7a que conseguisse p\u00f4r trav\u00f5es a tamanha liberdade criativa. 93 processos instaurados, 93 processos respondidos e resolvidos em tribunal pelo pr\u00f3prio.<\/p>\n<p>100 anos depois, a sua fam\u00edlia ergue uma homenagem \u00e0 originalidade e irrever\u00eancia \u00fanicas deste av\u00f4, pai e homem vision\u00e1rio, que viver\u00e1 para sempre na alegria de um brinde.<\/p>\n<p>Brindemos\u00a0em\u00a0sua\u00a0honra.<\/p>\n<p>&nbsp;<\/p>\n","protected":false},"excerpt":{"rendered":"<p>24.99\u20ac\/un<\/p>\n","protected":false},"featured_media":60451,"comment_status":"closed","ping_status":"closed","template":"","meta":{"_themeisle_gutenberg_block_has_review":false},"product_brand":[],"product_cat":[158,739,173,627,596],"product_tag":[],"woo-feed-brand":[],"class_list":{"0":"post-58347","1":"product","2":"type-product","3":"status-publish","4":"has-post-thumbnail","6":"product_cat-bebidas","7":"product_cat-bebidas-de-natal","8":"product_cat-garrafeira","9":"product_cat-licores-espirituosas","10":"product_cat-natal","11":"ts_product_brand-licor-beirao","13":"first","14":"instock","15":"taxable","16":"shipping-taxable","17":"purchasable","18":"product-type-simple"},"_links":{"self":[{"href":"https:\/\/www.ateti.pt\/loja\/wp-json\/wp\/v2\/product\/58347","targetHints":{"allow":["GET"]}}],"collection":[{"href":"https:\/\/www.ateti.pt\/loja\/wp-json\/wp\/v2\/product"}],"about":[{"href":"https:\/\/www.ateti.pt\/loja\/wp-json\/wp\/v2\/types\/product"}],"replies":[{"embeddable":true,"href":"https:\/\/www.ateti.pt\/loja\/wp-json\/wp\/v2\/comments?post=58347"}],"wp:featuredmedia":[{"embeddable":true,"href":"https:\/\/www.ateti.pt\/loja\/wp-json\/wp\/v2\/media\/60451"}],"wp:attachment":[{"href":"https:\/\/www.ateti.pt\/loja\/wp-json\/wp\/v2\/media?parent=58347"}],"wp:term":[{"taxonomy":"product_brand","embeddable":true,"href":"https:\/\/www.ateti.pt\/loja\/wp-json\/wp\/v2\/product_brand?post=58347"},{"taxonomy":"product_cat","embeddable":true,"href":"https:\/\/www.ateti.pt\/loja\/wp-json\/wp\/v2\/product_cat?post=58347"},{"taxonomy":"product_tag","embeddable":true,"href":"https:\/\/www.ateti.pt\/loja\/wp-json\/wp\/v2\/product_tag?post=58347"},{"taxonomy":"woo-feed-brand","embeddable":true,"href":"https:\/\/www.ateti.pt\/loja\/wp-json\/wp\/v2\/woo-feed-brand?post=58347"}],"curies":[{"name":"wp","href":"https:\/\/api.w.org\/{rel}","templated":true}]}}