{"id":58088,"date":"2023-10-26T12:17:11","date_gmt":"2023-10-26T11:17:11","guid":{"rendered":"https:\/\/www.ateti.pt\/loja\/?post_type=product&#038;p=58088"},"modified":"2024-06-17T11:46:10","modified_gmt":"2024-06-17T10:46:10","slug":"pickles-em-vinagre-340g-amanhecer","status":"publish","type":"product","link":"https:\/\/www.ateti.pt\/loja\/produto\/pickles-em-vinagre-340g-amanhecer\/","title":{"rendered":"Pickles em Vinagre 340g Amanhecer"},"content":{"rendered":"<p><strong>Pickles em Vinagre Amanhecer<\/strong><\/p>\n<p><strong>Quantidade:\u00a0<\/strong>340g<\/p>\n<p><strong>Valores nutricionais por 100g:<\/strong> Energia: 25kj\/6kcal; L\u00edpidos: &lt;0,5g, dos quais saturados: &lt;0,1g; Hidratos de Carbono: 0,6g, dos quais a\u00e7\u00facares: &lt;0,5g; Fibra: 1,9g; Prote\u00ednas: &lt;0,5g; Sal: 1,1g.<\/p>\n<p><strong>Ingredientes:\u00a0<\/strong>Produtos hort\u00edcolas em propor\u00e7\u00f5es vari\u00e1veis (couve-flor, cenoura, pepino, cebolinho e pimento), \u00e1gua, sal e vinagre. Cont\u00e9m sulfitos. Pode conter vest\u00edgios de frutos de casca rija.<\/p>\n<p>&nbsp;<\/p>\n","protected":false},"excerpt":{"rendered":"<p>Pickles em Vinagre Amanhecer Quantidade:\u00a0340g Valores nutricionais por 100g: Energia: 25kj\/6kcal; L\u00edpidos: &lt;0,5g, dos quais saturados: &lt;0,1g; Hidratos de Carbono: 0,6g, dos quais a\u00e7\u00facares: &lt;0,5g; Fibra: 1,9g; Prote\u00ednas: &lt;0,5g; Sal: 1,1g. Ingredientes:\u00a0Produtos hort\u00edcolas em propor\u00e7\u00f5es vari\u00e1veis (couve-flor, cenoura, pepino, cebolinho e pimento), \u00e1gua, sal e vinagre. Cont\u00e9m sulfitos. Pode conter vest\u00edgios de frutos de casca rija. &nbsp;<\/p>\n","protected":false},"featured_media":58089,"comment_status":"closed","ping_status":"closed","template":"","meta":{"_themeisle_gutenberg_block_has_review":false},"product_brand":[],"product_cat":[155,199,132],"product_tag":[593],"woo-feed-brand":[],"class_list":{"0":"post-58088","1":"product","2":"type-product","3":"status-publish","4":"has-post-thumbnail","6":"product_cat-conservas","7":"product_cat-frascos-e-latas","8":"product_cat-mercearia","9":"product_tag-novidades","10":"ts_product_brand-amanhecer","12":"first","13":"instock","14":"taxable","15":"shipping-taxable","16":"purchasable","17":"product-type-simple"},"_links":{"self":[{"href":"https:\/\/www.ateti.pt\/loja\/wp-json\/wp\/v2\/product\/58088","targetHints":{"allow":["GET"]}}],"collection":[{"href":"https:\/\/www.ateti.pt\/loja\/wp-json\/wp\/v2\/product"}],"about":[{"href":"https:\/\/www.ateti.pt\/loja\/wp-json\/wp\/v2\/types\/product"}],"replies":[{"embeddable":true,"href":"https:\/\/www.ateti.pt\/loja\/wp-json\/wp\/v2\/comments?post=58088"}],"wp:featuredmedia":[{"embeddable":true,"href":"https:\/\/www.ateti.pt\/loja\/wp-json\/wp\/v2\/media\/58089"}],"wp:attachment":[{"href":"https:\/\/www.ateti.pt\/loja\/wp-json\/wp\/v2\/media?parent=58088"}],"wp:term":[{"taxonomy":"product_brand","embeddable":true,"href":"https:\/\/www.ateti.pt\/loja\/wp-json\/wp\/v2\/product_brand?post=58088"},{"taxonomy":"product_cat","embeddable":true,"href":"https:\/\/www.ateti.pt\/loja\/wp-json\/wp\/v2\/product_cat?post=58088"},{"taxonomy":"product_tag","embeddable":true,"href":"https:\/\/www.ateti.pt\/loja\/wp-json\/wp\/v2\/product_tag?post=58088"},{"taxonomy":"woo-feed-brand","embeddable":true,"href":"https:\/\/www.ateti.pt\/loja\/wp-json\/wp\/v2\/woo-feed-brand?post=58088"}],"curies":[{"name":"wp","href":"https:\/\/api.w.org\/{rel}","templated":true}]}}