{"id":58086,"date":"2023-10-26T12:17:21","date_gmt":"2023-10-26T11:17:21","guid":{"rendered":"https:\/\/www.ateti.pt\/loja\/?post_type=product&#038;p=58086"},"modified":"2023-10-26T12:17:23","modified_gmt":"2023-10-26T11:17:23","slug":"vinagre-de-fruta-750ml-amanhecer","status":"publish","type":"product","link":"https:\/\/www.ateti.pt\/loja\/produto\/vinagre-de-fruta-750ml-amanhecer\/","title":{"rendered":"Vinagre de Fruta 750ml Amanhecer"},"content":{"rendered":"<p><strong>Vinagre de Fruta Amanhecer<\/strong><\/p>\n<p>100% Fruta Portuguesa<\/p>\n<p><strong>Quantidade: <\/strong>750ml<\/p>\n<p><strong>Ingredientes:<\/strong> Vinagre de fruta, \u00e1gua e conservante(di\u00f3xido de enxofre- cont\u00e9m sulfitos).<\/p>\n<p>Acidez 5%.<\/p>\n<p>&nbsp;<\/p>\n","protected":false},"excerpt":{"rendered":"<p>Vinagre de Fruta Amanhecer 100% Fruta Portuguesa Quantidade: 750ml Ingredientes: Vinagre de fruta, \u00e1gua e conservante(di\u00f3xido de enxofre- cont\u00e9m sulfitos). Acidez 5%. &nbsp;<\/p>\n","protected":false},"featured_media":58087,"comment_status":"closed","ping_status":"closed","template":"","meta":{"_themeisle_gutenberg_block_has_review":false},"product_brand":[],"product_cat":[132,174],"product_tag":[593],"woo-feed-brand":[],"class_list":{"0":"post-58086","1":"product","2":"type-product","3":"status-publish","4":"has-post-thumbnail","6":"product_cat-mercearia","7":"product_cat-temperos-e-molhos","8":"product_tag-novidades","9":"ts_product_brand-amanhecer","11":"first","12":"instock","13":"taxable","14":"shipping-taxable","15":"purchasable","16":"product-type-simple"},"_links":{"self":[{"href":"https:\/\/www.ateti.pt\/loja\/wp-json\/wp\/v2\/product\/58086","targetHints":{"allow":["GET"]}}],"collection":[{"href":"https:\/\/www.ateti.pt\/loja\/wp-json\/wp\/v2\/product"}],"about":[{"href":"https:\/\/www.ateti.pt\/loja\/wp-json\/wp\/v2\/types\/product"}],"replies":[{"embeddable":true,"href":"https:\/\/www.ateti.pt\/loja\/wp-json\/wp\/v2\/comments?post=58086"}],"wp:featuredmedia":[{"embeddable":true,"href":"https:\/\/www.ateti.pt\/loja\/wp-json\/wp\/v2\/media\/58087"}],"wp:attachment":[{"href":"https:\/\/www.ateti.pt\/loja\/wp-json\/wp\/v2\/media?parent=58086"}],"wp:term":[{"taxonomy":"product_brand","embeddable":true,"href":"https:\/\/www.ateti.pt\/loja\/wp-json\/wp\/v2\/product_brand?post=58086"},{"taxonomy":"product_cat","embeddable":true,"href":"https:\/\/www.ateti.pt\/loja\/wp-json\/wp\/v2\/product_cat?post=58086"},{"taxonomy":"product_tag","embeddable":true,"href":"https:\/\/www.ateti.pt\/loja\/wp-json\/wp\/v2\/product_tag?post=58086"},{"taxonomy":"woo-feed-brand","embeddable":true,"href":"https:\/\/www.ateti.pt\/loja\/wp-json\/wp\/v2\/woo-feed-brand?post=58086"}],"curies":[{"name":"wp","href":"https:\/\/api.w.org\/{rel}","templated":true}]}}