{"id":58065,"date":"2023-10-25T16:18:10","date_gmt":"2023-10-25T15:18:10","guid":{"rendered":"https:\/\/www.ateti.pt\/loja\/?post_type=product&#038;p=58065"},"modified":"2024-03-28T11:58:02","modified_gmt":"2024-03-28T11:58:02","slug":"toalhitas-wc-kids-96un-amanhecer","status":"publish","type":"product","link":"https:\/\/www.ateti.pt\/loja\/produto\/toalhitas-wc-kids-96un-amanhecer\/","title":{"rendered":"Toalhitas WC Kids 96un Amanhecer"},"content":{"rendered":"<p><strong>Toalhitas WC Kids Amanhecer<\/strong><\/p>\n<p><strong>Quantidade:\u00a0<\/strong>96 unidades<\/p>\n<p>Tecido 100% biodegrad\u00e1vel<\/p>\n<p>Dermatologicamente testado<\/p>\n<p>Papel Higi\u00e9nico H\u00famido para crian\u00e7as com perfume a framboesa impregnado em l\u00edquido com extrato de camomila, alanto\u00edna e pantenol. Limpa e cuida eficazmente at\u00e9 das partes mais sens\u00edveis do corpo, sem afetar o microbioma da pele, que \u00e9 uma barreira protetora natural contra fatores externos. Cada toalhita, feita de fibras \u00e0 base de celulose, pode ser descartado na sanita, e ao mesmo tempo \u00e9 resistente- n\u00e3o rasga durante a utiliza\u00e7\u00e3o. O pequeno formato da embalagem encaixa-se facilmente na mochila e facilita a manuten\u00e7\u00e3o da higiene das crian\u00e7as, por exemplo, na escola e nas viagens. A lo\u00e7\u00e3o das toalhitas consiste em 98% de \u00e1gua.<\/p>\n<p><strong>Modo utiliza\u00e7\u00e3o:\u00a0<\/strong><\/p>\n<ul>\n<li>Levantar a tampa de prote\u00e7\u00e3o e retirar o filme autocolante.<\/li>\n<li>Retirar o n\u00famero de toalhitas a usar<\/li>\n<li>Fechar bem a tampa para evitar que as toalhitas sequem<\/li>\n<li>N\u00e3o colocar, de uma s\u00f3 vez, mais do que 3 toalhitas na sanita.<\/li>\n<\/ul>\n","protected":false},"excerpt":{"rendered":"<p>0.02\u20ac\/unidade<\/p>\n","protected":false},"featured_media":58067,"comment_status":"closed","ping_status":"closed","template":"","meta":{"_themeisle_gutenberg_block_has_review":false},"product_brand":[],"product_cat":[214,203,212,227],"product_tag":[],"woo-feed-brand":[],"class_list":{"0":"post-58065","1":"product","2":"type-product","3":"status-publish","4":"has-post-thumbnail","6":"product_cat-bebe-crianca","7":"product_cat-beleza-e-higiene","8":"product_cat-corpo","9":"product_cat-higiene-bebe-crianca","10":"ts_product_brand-amanhecer","12":"first","13":"instock","14":"taxable","15":"shipping-taxable","16":"purchasable","17":"product-type-simple"},"_links":{"self":[{"href":"https:\/\/www.ateti.pt\/loja\/wp-json\/wp\/v2\/product\/58065","targetHints":{"allow":["GET"]}}],"collection":[{"href":"https:\/\/www.ateti.pt\/loja\/wp-json\/wp\/v2\/product"}],"about":[{"href":"https:\/\/www.ateti.pt\/loja\/wp-json\/wp\/v2\/types\/product"}],"replies":[{"embeddable":true,"href":"https:\/\/www.ateti.pt\/loja\/wp-json\/wp\/v2\/comments?post=58065"}],"wp:featuredmedia":[{"embeddable":true,"href":"https:\/\/www.ateti.pt\/loja\/wp-json\/wp\/v2\/media\/58067"}],"wp:attachment":[{"href":"https:\/\/www.ateti.pt\/loja\/wp-json\/wp\/v2\/media?parent=58065"}],"wp:term":[{"taxonomy":"product_brand","embeddable":true,"href":"https:\/\/www.ateti.pt\/loja\/wp-json\/wp\/v2\/product_brand?post=58065"},{"taxonomy":"product_cat","embeddable":true,"href":"https:\/\/www.ateti.pt\/loja\/wp-json\/wp\/v2\/product_cat?post=58065"},{"taxonomy":"product_tag","embeddable":true,"href":"https:\/\/www.ateti.pt\/loja\/wp-json\/wp\/v2\/product_tag?post=58065"},{"taxonomy":"woo-feed-brand","embeddable":true,"href":"https:\/\/www.ateti.pt\/loja\/wp-json\/wp\/v2\/woo-feed-brand?post=58065"}],"curies":[{"name":"wp","href":"https:\/\/api.w.org\/{rel}","templated":true}]}}