{"id":57693,"date":"2023-10-18T17:07:25","date_gmt":"2023-10-18T16:07:25","guid":{"rendered":"https:\/\/www.ateti.pt\/loja\/?post_type=product&#038;p=57693"},"modified":"2024-05-15T12:45:43","modified_gmt":"2024-05-15T11:45:43","slug":"alimento-humido-para-gato-junior-4x85g-felix","status":"publish","type":"product","link":"https:\/\/www.ateti.pt\/loja\/produto\/alimento-humido-para-gato-junior-4x85g-felix\/","title":{"rendered":"Alimento H\u00famido para Gato J\u00fanior 4x85g Felix"},"content":{"rendered":"<p><strong>Alimento H\u00famido para Gato J\u00fanior<\/strong><\/p>\n<p>Quantidade: 340g<\/p>\n<p><strong>Alimento H\u00famido para Gato J\u00fanior 4x85g Felix cont\u00e9m:<\/strong><\/p>\n<ul>\n<li>1 saqueta de atum<\/li>\n<li>1 saqueta de frango<\/li>\n<li>1 saqueta de salm\u00e3o<\/li>\n<li>1 saqueta de vaca<\/li>\n<\/ul>\n<p>Modo de emprego e dose di\u00e1ria recomendada: Junior \u00e9 uma refei\u00e7\u00e3o completa, que significa que n\u00e3o necessita de misturar com outro tipo de alimento. Basta simplesmente oferecer o conte\u00fado da saqueta e est\u00e1 feito. Basta seguir o modo de emprego e a dose di\u00e1ria recomendada com qualquer um dos irresist\u00edveis\u00a0 sabores \u00e0 sua escolha. Cada gatinho \u00e9 \u00fanico. Dependendo do n\u00edvel de atividade do gatinho e da sua condi\u00e7\u00e3o corporal, a quantidade de alimento e\/ou o tempo dispon\u00edvel para comer pode ter que ser adapta. Guarde o alimento em local seco e fresco. Sirva \u00e0 temperatura ambiente tenha sempre dispon\u00edvel \u00e1gua fresca para o seu gatinho beber. Sirva o alimento do seu gatinho sempre no mesmo local para que ele n\u00e3o fique. confuso e n\u00e3o o perturbe enquanto ele se alimenta. Felix Gatinhos e tamb\u00e9m adequado para gatos esterilizados.<br \/>\nA quantidade deve ser ajustada de acordo, para manter o seu gato com uma condi\u00e7\u00e3o corporal magra e saud\u00e1vel.<br \/>\nFELIX Junior tamb\u00e9m \u00e9 adequado para gatas gestantes ou lactantes pois tamb\u00e9m requerem um alimento rico em energia para cuidarem dos seus gatinhos.<\/p>\n","protected":false},"excerpt":{"rendered":"<p>0.75\u20ac\/saqueta<\/p>\n","protected":false},"featured_media":57694,"comment_status":"closed","ping_status":"closed","template":"","meta":{"_themeisle_gutenberg_block_has_review":false},"product_brand":[],"product_cat":[234,236],"product_tag":[593],"woo-feed-brand":[],"class_list":{"0":"post-57693","1":"product","2":"type-product","3":"status-publish","4":"has-post-thumbnail","6":"product_cat-animais","7":"product_cat-gatos","8":"product_tag-novidades","9":"ts_product_brand-purina","11":"first","12":"instock","13":"sale","14":"taxable","15":"shipping-taxable","16":"purchasable","17":"product-type-simple"},"_links":{"self":[{"href":"https:\/\/www.ateti.pt\/loja\/wp-json\/wp\/v2\/product\/57693","targetHints":{"allow":["GET"]}}],"collection":[{"href":"https:\/\/www.ateti.pt\/loja\/wp-json\/wp\/v2\/product"}],"about":[{"href":"https:\/\/www.ateti.pt\/loja\/wp-json\/wp\/v2\/types\/product"}],"replies":[{"embeddable":true,"href":"https:\/\/www.ateti.pt\/loja\/wp-json\/wp\/v2\/comments?post=57693"}],"wp:featuredmedia":[{"embeddable":true,"href":"https:\/\/www.ateti.pt\/loja\/wp-json\/wp\/v2\/media\/57694"}],"wp:attachment":[{"href":"https:\/\/www.ateti.pt\/loja\/wp-json\/wp\/v2\/media?parent=57693"}],"wp:term":[{"taxonomy":"product_brand","embeddable":true,"href":"https:\/\/www.ateti.pt\/loja\/wp-json\/wp\/v2\/product_brand?post=57693"},{"taxonomy":"product_cat","embeddable":true,"href":"https:\/\/www.ateti.pt\/loja\/wp-json\/wp\/v2\/product_cat?post=57693"},{"taxonomy":"product_tag","embeddable":true,"href":"https:\/\/www.ateti.pt\/loja\/wp-json\/wp\/v2\/product_tag?post=57693"},{"taxonomy":"woo-feed-brand","embeddable":true,"href":"https:\/\/www.ateti.pt\/loja\/wp-json\/wp\/v2\/woo-feed-brand?post=57693"}],"curies":[{"name":"wp","href":"https:\/\/api.w.org\/{rel}","templated":true}]}}