{"id":56671,"date":"2023-10-02T15:53:58","date_gmt":"2023-10-02T14:53:58","guid":{"rendered":"https:\/\/www.ateti.pt\/loja\/?post_type=product&#038;p=56671"},"modified":"2025-07-15T12:27:08","modified_gmt":"2025-07-15T11:27:08","slug":"30-capsulas-de-cafe-compativel-bonini-nao-disponivel-para-venda","status":"publish","type":"product","link":"https:\/\/www.ateti.pt\/loja\/produto\/30-capsulas-de-cafe-compativel-bonini-nao-disponivel-para-venda\/","title":{"rendered":"30 C\u00e1psulas de Caf\u00e9 Compat\u00edvel Bonini (n\u00e3o dispon\u00edvel para venda)"},"content":{"rendered":"<p>Oferta de 30 C\u00c1PSULAS de caf\u00e9 na compra de 50\u20ac de caf\u00e9 Bonini DG, NESPRESSO; DELTA Q.<\/p>\n<p>Oferta v\u00e1lida para o stock existente. Campanha v\u00e1lida at\u00e9 20 outubro 2023.<\/p>\n<p>N\u00e3o acumul\u00e1vel com outras campanhas<\/p>\n<p>&nbsp;<\/p>\n","protected":false},"excerpt":{"rendered":"<p>Oferta de 30 C\u00c1PSULAS de caf\u00e9 na compra de 50\u20ac de caf\u00e9 Bonini DG, NESPRESSO; DELTA Q. Oferta v\u00e1lida para o stock existente. Campanha v\u00e1lida at\u00e9 20 outubro 2023. N\u00e3o acumul\u00e1vel com outras campanhas &nbsp;<\/p>\n","protected":false},"featured_media":0,"comment_status":"closed","ping_status":"closed","template":"","meta":{"_themeisle_gutenberg_block_has_review":false},"product_brand":[],"product_cat":[117,787],"product_tag":[],"woo-feed-brand":[],"class_list":{"0":"post-56671","1":"product","2":"type-product","3":"status-publish","5":"product_cat-cafe-em-capsula","6":"product_cat-promocao-bonini","8":"first","9":"instock","10":"taxable","11":"shipping-taxable","12":"purchasable","13":"product-type-simple"},"_links":{"self":[{"href":"https:\/\/www.ateti.pt\/loja\/wp-json\/wp\/v2\/product\/56671","targetHints":{"allow":["GET"]}}],"collection":[{"href":"https:\/\/www.ateti.pt\/loja\/wp-json\/wp\/v2\/product"}],"about":[{"href":"https:\/\/www.ateti.pt\/loja\/wp-json\/wp\/v2\/types\/product"}],"replies":[{"embeddable":true,"href":"https:\/\/www.ateti.pt\/loja\/wp-json\/wp\/v2\/comments?post=56671"}],"wp:attachment":[{"href":"https:\/\/www.ateti.pt\/loja\/wp-json\/wp\/v2\/media?parent=56671"}],"wp:term":[{"taxonomy":"product_brand","embeddable":true,"href":"https:\/\/www.ateti.pt\/loja\/wp-json\/wp\/v2\/product_brand?post=56671"},{"taxonomy":"product_cat","embeddable":true,"href":"https:\/\/www.ateti.pt\/loja\/wp-json\/wp\/v2\/product_cat?post=56671"},{"taxonomy":"product_tag","embeddable":true,"href":"https:\/\/www.ateti.pt\/loja\/wp-json\/wp\/v2\/product_tag?post=56671"},{"taxonomy":"woo-feed-brand","embeddable":true,"href":"https:\/\/www.ateti.pt\/loja\/wp-json\/wp\/v2\/woo-feed-brand?post=56671"}],"curies":[{"name":"wp","href":"https:\/\/api.w.org\/{rel}","templated":true}]}}