{"id":56378,"date":"2024-12-19T17:12:27","date_gmt":"2024-12-19T17:12:27","guid":{"rendered":"https:\/\/www.ateti.pt\/loja\/?post_type=product&#038;p=56378"},"modified":"2025-01-13T16:55:18","modified_gmt":"2025-01-13T16:55:18","slug":"bolachas-mini-marinhas-de-chia-50g-salutem","status":"publish","type":"product","link":"https:\/\/www.ateti.pt\/loja\/produto\/bolachas-mini-marinhas-de-chia-50g-salutem\/","title":{"rendered":"Bolachas Mini Marinhas de Chia 50g Salutem"},"content":{"rendered":"<p><strong>Bolachas Marinhas de Chia Salutem<\/strong><\/p>\n<p><strong>Quantidade:\u00a0<\/strong>50g<\/p>\n<p>Sem adi\u00e7\u00e3o de a\u00e7\u00facar.<\/p>\n<p>Fonte de fibra.<\/p>\n<p>Elaboradas exclusivamente com ingredientes naturais, as <strong>Bolachas Marinhas de Chia Salutem<\/strong>, s\u00e3o bolachas finas e crocantes, inspiradas no p\u00e3o dos antigos marinheiros.<\/p>\n<p><strong>Valores nutricionais por 100g:<\/strong> Energia: 1733kj\/411kcal; L\u00edpidos: 10.1g, dos quais saturados: 1.5g, dos quais monoinsaturados: 6.8g, dos quais polinsaturados: 1.8g; Hidratos de carbono: 64.5g, dos quais a\u00e7\u00facares: 1.4g; Fibra: 4.8g; Prote\u00ednas: 13.2g; Sal: 0.89g.<\/p>\n<p><strong>Ingredientes:<\/strong> Farinha de trigo, azeite virgem extra(10%), sementes de chia (2,5%), Sal e levedante(levedura).<\/p>\n<p>Cont\u00e9m gl\u00faten. Pode conter vest\u00edgios s\u00e9samo e frutos de casca rija.<\/p>\n<p>Cont\u00e9m baixo teor de a\u00e7\u00facares naturalmente presentes.<\/p>\n<p>Conservar em local fresco e seco. Sem corantes nem conservantes.<\/p>\n<p>Veja mais em <a href=\"https:\/\/www.ateti.pt\/loja\/categoria\/bio-saudavel\/\">Bio &amp; Saud\u00e1vel<\/a><\/p>\n","protected":false},"excerpt":{"rendered":"<p>15,8\u20ac\/kg<\/p>\n","protected":false},"featured_media":60231,"comment_status":"closed","ping_status":"closed","template":"","meta":{"_themeisle_gutenberg_block_has_review":false},"product_brand":[],"product_cat":[207,134,144,132,223],"product_tag":[],"woo-feed-brand":[],"class_list":{"0":"post-56378","1":"product","2":"type-product","3":"status-publish","4":"has-post-thumbnail","6":"product_cat-bio-saudavel","7":"product_cat-bolachas-biscoitos","8":"product_cat-chocolates-biscoitos-e-cereais","9":"product_cat-mercearia","10":"product_cat-mercearia-saudavel","11":"ts_product_brand-salutem","13":"first","14":"instock","15":"taxable","16":"shipping-taxable","17":"purchasable","18":"product-type-simple"},"_links":{"self":[{"href":"https:\/\/www.ateti.pt\/loja\/wp-json\/wp\/v2\/product\/56378","targetHints":{"allow":["GET"]}}],"collection":[{"href":"https:\/\/www.ateti.pt\/loja\/wp-json\/wp\/v2\/product"}],"about":[{"href":"https:\/\/www.ateti.pt\/loja\/wp-json\/wp\/v2\/types\/product"}],"replies":[{"embeddable":true,"href":"https:\/\/www.ateti.pt\/loja\/wp-json\/wp\/v2\/comments?post=56378"}],"wp:featuredmedia":[{"embeddable":true,"href":"https:\/\/www.ateti.pt\/loja\/wp-json\/wp\/v2\/media\/60231"}],"wp:attachment":[{"href":"https:\/\/www.ateti.pt\/loja\/wp-json\/wp\/v2\/media?parent=56378"}],"wp:term":[{"taxonomy":"product_brand","embeddable":true,"href":"https:\/\/www.ateti.pt\/loja\/wp-json\/wp\/v2\/product_brand?post=56378"},{"taxonomy":"product_cat","embeddable":true,"href":"https:\/\/www.ateti.pt\/loja\/wp-json\/wp\/v2\/product_cat?post=56378"},{"taxonomy":"product_tag","embeddable":true,"href":"https:\/\/www.ateti.pt\/loja\/wp-json\/wp\/v2\/product_tag?post=56378"},{"taxonomy":"woo-feed-brand","embeddable":true,"href":"https:\/\/www.ateti.pt\/loja\/wp-json\/wp\/v2\/woo-feed-brand?post=56378"}],"curies":[{"name":"wp","href":"https:\/\/api.w.org\/{rel}","templated":true}]}}