{"id":56248,"date":"2025-03-26T14:07:03","date_gmt":"2025-03-26T14:07:03","guid":{"rendered":"https:\/\/www.ateti.pt\/loja\/?post_type=product&#038;p=56248"},"modified":"2025-03-26T15:00:51","modified_gmt":"2025-03-26T15:00:51","slug":"pipocas-salgadas-90g-amanhecer","status":"publish","type":"product","link":"https:\/\/www.ateti.pt\/loja\/produto\/pipocas-salgadas-90g-amanhecer\/","title":{"rendered":"Pipocas Salgadas 90g Amanhecer"},"content":{"rendered":"<p><strong>Pipocas Salgadas Amanhecer<\/strong><\/p>\n<p><strong>Quantidade:\u00a0<\/strong>90g<\/p>\n<p><strong>Ingredientes:\u00a0<\/strong>Milho, \u00f3leo de palma, sal(2.2%).<\/p>\n<p><strong>Declara\u00e7\u00e3o Nutricional por Pipocas Preparadas (100g):\u00a0<\/strong>Energia: 1850kj\/442kcal; L\u00edpidos: 18.4g; dos quais Saturados: 8.4g; Hidratos de Carbono: 57.2g; dos quais A\u00e7\u00facares: 0.7g; Fibra: 8.5g; Prote\u00ednas: 7,6g; Sal: 2.2g.<\/p>\n<p><em>Modo de Prepara\u00e7\u00e3o: 1-\u00a0<\/em>Desdobre e coloque o pacote no centro do micro-ondas com a face impressa &#8220;UP&#8221; para cima;\u00a0<em>2-\u00a0<\/em>Selecione a pot\u00eancia m\u00e1xima do aparelho. Os tempos de prepara\u00e7\u00e3o aproximados s\u00e3o: 1000w, 1,5-2,5min; 800w, 2-3min; 650w, 2,5-3,5min;\u00a0<em>3-\u00a0<\/em>Permane\u00e7a perto do microondas quando as pipocas come\u00e7arem a rebentar. Ou\u00e7a com aten\u00e7\u00e3o e pare o microondas quando o som de rebentamento reduzir com intervalos de 2 a 3 segundos; <em>4-\u00a0<\/em>Retire o pacote do microondas prudentemente pois o mesmo est\u00e1 muito quente. Sacuda-o a fim de misturar bem os ingredientes. Deixe arrefecer alguns segundos;\u00a0<em>5-<\/em> Abra o pacote puxando pelas pontas diagonalmente opostas tendo aten\u00e7\u00e3o ao vapor quente que ir\u00e1 sair. N\u00e3o volte a aquecer os gr\u00e3os que n\u00e3o rebentaram e n\u00e3o volte a reutilizar o pacote.<\/p>\n","protected":false},"excerpt":{"rendered":"<p>6.55\u20ac\/kg<\/p>\n","protected":false},"featured_media":71164,"comment_status":"closed","ping_status":"closed","template":"","meta":{"_themeisle_gutenberg_block_has_review":false},"product_brand":[],"product_cat":[206,132],"product_tag":[],"woo-feed-brand":[],"class_list":{"0":"post-56248","1":"product","2":"type-product","3":"status-publish","4":"has-post-thumbnail","6":"product_cat-aperitivos","7":"product_cat-mercearia","8":"ts_product_brand-amanhecer","10":"first","11":"instock","12":"taxable","13":"shipping-taxable","14":"purchasable","15":"product-type-simple"},"_links":{"self":[{"href":"https:\/\/www.ateti.pt\/loja\/wp-json\/wp\/v2\/product\/56248","targetHints":{"allow":["GET"]}}],"collection":[{"href":"https:\/\/www.ateti.pt\/loja\/wp-json\/wp\/v2\/product"}],"about":[{"href":"https:\/\/www.ateti.pt\/loja\/wp-json\/wp\/v2\/types\/product"}],"replies":[{"embeddable":true,"href":"https:\/\/www.ateti.pt\/loja\/wp-json\/wp\/v2\/comments?post=56248"}],"wp:featuredmedia":[{"embeddable":true,"href":"https:\/\/www.ateti.pt\/loja\/wp-json\/wp\/v2\/media\/71164"}],"wp:attachment":[{"href":"https:\/\/www.ateti.pt\/loja\/wp-json\/wp\/v2\/media?parent=56248"}],"wp:term":[{"taxonomy":"product_brand","embeddable":true,"href":"https:\/\/www.ateti.pt\/loja\/wp-json\/wp\/v2\/product_brand?post=56248"},{"taxonomy":"product_cat","embeddable":true,"href":"https:\/\/www.ateti.pt\/loja\/wp-json\/wp\/v2\/product_cat?post=56248"},{"taxonomy":"product_tag","embeddable":true,"href":"https:\/\/www.ateti.pt\/loja\/wp-json\/wp\/v2\/product_tag?post=56248"},{"taxonomy":"woo-feed-brand","embeddable":true,"href":"https:\/\/www.ateti.pt\/loja\/wp-json\/wp\/v2\/woo-feed-brand?post=56248"}],"curies":[{"name":"wp","href":"https:\/\/api.w.org\/{rel}","templated":true}]}}