{"id":56198,"date":"2023-09-14T12:33:14","date_gmt":"2023-09-14T11:33:14","guid":{"rendered":"https:\/\/www.ateti.pt\/loja\/?post_type=product&#038;p=56198"},"modified":"2023-10-19T16:21:07","modified_gmt":"2023-10-19T15:21:07","slug":"penso-higienico-normal-com-alas-28un-amanhecer","status":"publish","type":"product","link":"https:\/\/www.ateti.pt\/loja\/produto\/penso-higienico-normal-com-alas-28un-amanhecer\/","title":{"rendered":"Pensos Higi\u00e9nicos Normal com alas 28un Amanhecer"},"content":{"rendered":"<p><strong>Penso Higi\u00e9nico Normal com alas Amanhecer<\/strong><\/p>\n<p><strong>Quantidade:\u00a0<\/strong>28un<\/p>\n<p><em>Com uma cobertura extra suave, s\u00e3o confort\u00e1veis e garantem a m\u00e1xima prote\u00e7\u00e3o gra\u00e7as \u00e0s suas abas protetoras.<\/em><\/p>\n<ul>\n<li>Tecido extra suave e superf\u00edcie seca: camada interior filtrante que permite uma r\u00e1pida absor\u00e7\u00e3o do fluxo.<\/li>\n<li>N\u00facleo flex\u00edvel: adapta-se melhor aos contornos do corpo.<\/li>\n<li>N\u00facleo interior com part\u00edculas super absorventes: absorve a humidade e ajuda a controlar o odor.<\/li>\n<li>Transpir\u00e1vel: permite uma cont\u00ednua oxigena\u00e7\u00e3o da pele, reduzindo a sensa\u00e7\u00e3o de humidade e aumentando a sensa\u00e7\u00e3o de frescura.<\/li>\n<li>Abas Protetoras: evitam manchas laterais e fixam o penso, favorecendo a liberdade de movimentos.<\/li>\n<\/ul>\n<p>&nbsp;<\/p>\n<p>&nbsp;<\/p>\n","protected":false},"excerpt":{"rendered":"<p>0,09\u20ac\/un<\/p>\n","protected":false},"featured_media":56201,"comment_status":"closed","ping_status":"closed","template":"","meta":{"_themeisle_gutenberg_block_has_review":false},"product_brand":[],"product_cat":[203,230],"product_tag":[],"woo-feed-brand":[],"class_list":{"0":"post-56198","1":"product","2":"type-product","3":"status-publish","4":"has-post-thumbnail","6":"product_cat-beleza-e-higiene","7":"product_cat-higiene-feminina","8":"ts_product_brand-amanhecer","10":"first","11":"instock","12":"taxable","13":"shipping-taxable","14":"purchasable","15":"product-type-simple"},"_links":{"self":[{"href":"https:\/\/www.ateti.pt\/loja\/wp-json\/wp\/v2\/product\/56198","targetHints":{"allow":["GET"]}}],"collection":[{"href":"https:\/\/www.ateti.pt\/loja\/wp-json\/wp\/v2\/product"}],"about":[{"href":"https:\/\/www.ateti.pt\/loja\/wp-json\/wp\/v2\/types\/product"}],"replies":[{"embeddable":true,"href":"https:\/\/www.ateti.pt\/loja\/wp-json\/wp\/v2\/comments?post=56198"}],"wp:featuredmedia":[{"embeddable":true,"href":"https:\/\/www.ateti.pt\/loja\/wp-json\/wp\/v2\/media\/56201"}],"wp:attachment":[{"href":"https:\/\/www.ateti.pt\/loja\/wp-json\/wp\/v2\/media?parent=56198"}],"wp:term":[{"taxonomy":"product_brand","embeddable":true,"href":"https:\/\/www.ateti.pt\/loja\/wp-json\/wp\/v2\/product_brand?post=56198"},{"taxonomy":"product_cat","embeddable":true,"href":"https:\/\/www.ateti.pt\/loja\/wp-json\/wp\/v2\/product_cat?post=56198"},{"taxonomy":"product_tag","embeddable":true,"href":"https:\/\/www.ateti.pt\/loja\/wp-json\/wp\/v2\/product_tag?post=56198"},{"taxonomy":"woo-feed-brand","embeddable":true,"href":"https:\/\/www.ateti.pt\/loja\/wp-json\/wp\/v2\/woo-feed-brand?post=56198"}],"curies":[{"name":"wp","href":"https:\/\/api.w.org\/{rel}","templated":true}]}}