{"id":56193,"date":"2023-09-14T10:07:17","date_gmt":"2023-09-14T09:07:17","guid":{"rendered":"https:\/\/www.ateti.pt\/loja\/?post_type=product&#038;p=56193"},"modified":"2024-02-19T12:23:12","modified_gmt":"2024-02-19T12:23:12","slug":"penso-higienico-com-alas-cottonlike-noite-9un-evax","status":"publish","type":"product","link":"https:\/\/www.ateti.pt\/loja\/produto\/penso-higienico-com-alas-cottonlike-noite-9un-evax\/","title":{"rendered":"Pensos Higi\u00e9nicos com alas Cottonlike Noite 9un Evax"},"content":{"rendered":"<p><strong>Penso Higi\u00e9nico com alas Cottonlike Noite Evax<\/strong><\/p>\n<p><strong>Quantidade:\u00a0<\/strong>9un<\/p>\n<p><em>ActivePearls Eliminam o odor; Cobertura Cottonlike Toque de algod\u00e3o. Absor\u00e7\u00e3o instant\u00e2nea; Parte posterior mais larga. Dorme descansada.<\/em><\/p>\n","protected":false},"excerpt":{"rendered":"<p>0,33\u20ac\/un<\/p>\n","protected":false},"featured_media":60941,"comment_status":"closed","ping_status":"closed","template":"","meta":{"_themeisle_gutenberg_block_has_review":false},"product_brand":[],"product_cat":[203,230],"product_tag":[],"woo-feed-brand":[],"class_list":{"0":"post-56193","1":"product","2":"type-product","3":"status-publish","4":"has-post-thumbnail","6":"product_cat-beleza-e-higiene","7":"product_cat-higiene-feminina","8":"ts_product_brand-evax","10":"first","11":"instock","12":"taxable","13":"shipping-taxable","14":"purchasable","15":"product-type-simple"},"_links":{"self":[{"href":"https:\/\/www.ateti.pt\/loja\/wp-json\/wp\/v2\/product\/56193","targetHints":{"allow":["GET"]}}],"collection":[{"href":"https:\/\/www.ateti.pt\/loja\/wp-json\/wp\/v2\/product"}],"about":[{"href":"https:\/\/www.ateti.pt\/loja\/wp-json\/wp\/v2\/types\/product"}],"replies":[{"embeddable":true,"href":"https:\/\/www.ateti.pt\/loja\/wp-json\/wp\/v2\/comments?post=56193"}],"wp:featuredmedia":[{"embeddable":true,"href":"https:\/\/www.ateti.pt\/loja\/wp-json\/wp\/v2\/media\/60941"}],"wp:attachment":[{"href":"https:\/\/www.ateti.pt\/loja\/wp-json\/wp\/v2\/media?parent=56193"}],"wp:term":[{"taxonomy":"product_brand","embeddable":true,"href":"https:\/\/www.ateti.pt\/loja\/wp-json\/wp\/v2\/product_brand?post=56193"},{"taxonomy":"product_cat","embeddable":true,"href":"https:\/\/www.ateti.pt\/loja\/wp-json\/wp\/v2\/product_cat?post=56193"},{"taxonomy":"product_tag","embeddable":true,"href":"https:\/\/www.ateti.pt\/loja\/wp-json\/wp\/v2\/product_tag?post=56193"},{"taxonomy":"woo-feed-brand","embeddable":true,"href":"https:\/\/www.ateti.pt\/loja\/wp-json\/wp\/v2\/woo-feed-brand?post=56193"}],"curies":[{"name":"wp","href":"https:\/\/api.w.org\/{rel}","templated":true}]}}