{"id":56189,"date":"2023-09-14T09:20:53","date_gmt":"2023-09-14T08:20:53","guid":{"rendered":"https:\/\/www.ateti.pt\/loja\/?post_type=product&#038;p=56189"},"modified":"2023-10-19T16:21:40","modified_gmt":"2023-10-19T15:21:40","slug":"penso-diario-normal-64un-amanhecer","status":"publish","type":"product","link":"https:\/\/www.ateti.pt\/loja\/produto\/penso-diario-normal-64un-amanhecer\/","title":{"rendered":"Pensos Higi\u00e9nicos Di\u00e1rios Normal 64un Amanhecer"},"content":{"rendered":"<p><strong>Penso Di\u00e1rio Normal Amanhecer<\/strong><\/p>\n<p><strong>Quantidade:\u00a0<\/strong>64un<\/p>\n<p><em>Protege slip normal: Novo tecido extra suave, m\u00e1xima prote\u00e7\u00e3o e conforto<\/em><\/p>\n<p>N\u00facleo interior com part\u00edculas super absorventes: absorve a humidade e ajuda a controlar o odor; Transpir\u00e1vel: permite a cont\u00ednua oxigena\u00e7\u00e3o da pele; Total conforto e discri\u00e7\u00e3o.<\/p>\n","protected":false},"excerpt":{"rendered":"<p>0,04\u20ac\/un<\/p>\n","protected":false},"featured_media":56190,"comment_status":"closed","ping_status":"closed","template":"","meta":{"_themeisle_gutenberg_block_has_review":false},"product_brand":[],"product_cat":[203,230],"product_tag":[],"woo-feed-brand":[],"class_list":{"0":"post-56189","1":"product","2":"type-product","3":"status-publish","4":"has-post-thumbnail","6":"product_cat-beleza-e-higiene","7":"product_cat-higiene-feminina","8":"ts_product_brand-amanhecer","10":"first","11":"instock","12":"taxable","13":"shipping-taxable","14":"purchasable","15":"product-type-simple"},"_links":{"self":[{"href":"https:\/\/www.ateti.pt\/loja\/wp-json\/wp\/v2\/product\/56189","targetHints":{"allow":["GET"]}}],"collection":[{"href":"https:\/\/www.ateti.pt\/loja\/wp-json\/wp\/v2\/product"}],"about":[{"href":"https:\/\/www.ateti.pt\/loja\/wp-json\/wp\/v2\/types\/product"}],"replies":[{"embeddable":true,"href":"https:\/\/www.ateti.pt\/loja\/wp-json\/wp\/v2\/comments?post=56189"}],"wp:featuredmedia":[{"embeddable":true,"href":"https:\/\/www.ateti.pt\/loja\/wp-json\/wp\/v2\/media\/56190"}],"wp:attachment":[{"href":"https:\/\/www.ateti.pt\/loja\/wp-json\/wp\/v2\/media?parent=56189"}],"wp:term":[{"taxonomy":"product_brand","embeddable":true,"href":"https:\/\/www.ateti.pt\/loja\/wp-json\/wp\/v2\/product_brand?post=56189"},{"taxonomy":"product_cat","embeddable":true,"href":"https:\/\/www.ateti.pt\/loja\/wp-json\/wp\/v2\/product_cat?post=56189"},{"taxonomy":"product_tag","embeddable":true,"href":"https:\/\/www.ateti.pt\/loja\/wp-json\/wp\/v2\/product_tag?post=56189"},{"taxonomy":"woo-feed-brand","embeddable":true,"href":"https:\/\/www.ateti.pt\/loja\/wp-json\/wp\/v2\/woo-feed-brand?post=56189"}],"curies":[{"name":"wp","href":"https:\/\/api.w.org\/{rel}","templated":true}]}}