{"id":56061,"date":"2023-09-11T12:02:20","date_gmt":"2023-09-11T11:02:20","guid":{"rendered":"https:\/\/www.ateti.pt\/loja\/?post_type=product&#038;p=56061"},"modified":"2023-09-11T12:10:33","modified_gmt":"2023-09-11T11:10:33","slug":"sal-grosso-1kg-amanhecer","status":"publish","type":"product","link":"https:\/\/www.ateti.pt\/loja\/produto\/sal-grosso-1kg-amanhecer\/","title":{"rendered":"Sal Grosso 1kg Amanhecer"},"content":{"rendered":"<p>Sal Grosso Amanhecer<\/p>\n<p><strong>Quantidade:\u00a0<\/strong>1kg<\/p>\n<p>Ingredientes: Sal Marinho.<\/p>\n<p>Conservar em local fresco e seco.<\/p>\n<p>Reduza a quantidade de sal substituindo-o por ervas arom\u00e1ticas, especiarias ou por sumo de lim\u00e3o.<\/p>\n<p>Valores Nutricionais por 100g:<\/p>\n<p>Energia: 0kj\/0kcal; L\u00edpidos: 0g, dos quais saturados: 0g; Hidratos de carbono: 0g, dos quais a\u00e7\u00facares: 0g; Fibra: 0g; Prote\u00ednas: 0g; Sal 97,7g.<\/p>\n","protected":false},"excerpt":{"rendered":"<p>0.39\u20ac\/kg<\/p>\n","protected":false},"featured_media":56062,"comment_status":"closed","ping_status":"closed","template":"","meta":{"_themeisle_gutenberg_block_has_review":false},"product_brand":[],"product_cat":[132,174],"product_tag":[593],"woo-feed-brand":[],"class_list":{"0":"post-56061","1":"product","2":"type-product","3":"status-publish","4":"has-post-thumbnail","6":"product_cat-mercearia","7":"product_cat-temperos-e-molhos","8":"product_tag-novidades","9":"ts_product_brand-amanhecer","11":"first","12":"instock","13":"taxable","14":"shipping-taxable","15":"purchasable","16":"product-type-simple"},"_links":{"self":[{"href":"https:\/\/www.ateti.pt\/loja\/wp-json\/wp\/v2\/product\/56061","targetHints":{"allow":["GET"]}}],"collection":[{"href":"https:\/\/www.ateti.pt\/loja\/wp-json\/wp\/v2\/product"}],"about":[{"href":"https:\/\/www.ateti.pt\/loja\/wp-json\/wp\/v2\/types\/product"}],"replies":[{"embeddable":true,"href":"https:\/\/www.ateti.pt\/loja\/wp-json\/wp\/v2\/comments?post=56061"}],"wp:featuredmedia":[{"embeddable":true,"href":"https:\/\/www.ateti.pt\/loja\/wp-json\/wp\/v2\/media\/56062"}],"wp:attachment":[{"href":"https:\/\/www.ateti.pt\/loja\/wp-json\/wp\/v2\/media?parent=56061"}],"wp:term":[{"taxonomy":"product_brand","embeddable":true,"href":"https:\/\/www.ateti.pt\/loja\/wp-json\/wp\/v2\/product_brand?post=56061"},{"taxonomy":"product_cat","embeddable":true,"href":"https:\/\/www.ateti.pt\/loja\/wp-json\/wp\/v2\/product_cat?post=56061"},{"taxonomy":"product_tag","embeddable":true,"href":"https:\/\/www.ateti.pt\/loja\/wp-json\/wp\/v2\/product_tag?post=56061"},{"taxonomy":"woo-feed-brand","embeddable":true,"href":"https:\/\/www.ateti.pt\/loja\/wp-json\/wp\/v2\/woo-feed-brand?post=56061"}],"curies":[{"name":"wp","href":"https:\/\/api.w.org\/{rel}","templated":true}]}}