{"id":55937,"date":"2025-01-03T19:44:53","date_gmt":"2025-01-03T19:44:53","guid":{"rendered":"https:\/\/www.ateti.pt\/loja\/?post_type=product&#038;p=55937"},"modified":"2025-07-28T11:32:03","modified_gmt":"2025-07-28T10:32:03","slug":"gelatina-light-morango-31g-amanhecer","status":"publish","type":"product","link":"https:\/\/www.ateti.pt\/loja\/produto\/gelatina-light-morango-31g-amanhecer\/","title":{"rendered":"Gelatina de Morango Light 31g Amanhecer"},"content":{"rendered":"<p><strong>Gelatina Light Morango Amanhecer<\/strong><\/p>\n<p><strong>Quantidade:\u00a0<\/strong> 31g<\/p>\n<p><strong>Ingredientes:<\/strong> Gelatina (60%), reguladores de acidez(\u00e1cido c\u00edtrico e citrato de s\u00f3dio), edulcorantes(maltitol, aspartame e acessulfame k), aroma, vitamina C, sal e corante(curcumina).<\/p>\n<p><strong>Valores Nutricionais por 100g: <\/strong>Energia: 1383kJ\/326 kcal; L\u00edpidos: 0,1g, dos quais saturados:0.1g; Hidratos de Carbono: 22.3g, dos quais a\u00e7\u00facares: 15g; Fibra: 0.3g; Prote\u00ednas: 64.9g; Sal: 3.5g.<\/p>\n<p><strong>Modo de Prepara\u00e7\u00e3o:\u00a0<\/strong><\/p>\n<ol>\n<li>Dissolver o conte\u00fado de cada saqueta em 250ml de \u00e1gua acabada de ferver.<\/li>\n<li>Juntar 250ml de \u00e1gua fria e misturar bem<\/li>\n<li>Passar uma forma por \u00e1gua fria, deitar a mistura e levar ao frigor\u00edfico at\u00e9 ficar consistente.<\/li>\n<\/ol>\n<p>Nota: Para desenformar, mergulhar a forma em \u00e1gua muito quente durante alguns segundos.<\/p>\n<p>Cont\u00e9m cerca de 10 por\u00e7\u00f5es.<\/p>\n","protected":false},"excerpt":{"rendered":"<p>48\u20ac\/kg<\/p>\n","protected":false},"featured_media":55935,"comment_status":"closed","ping_status":"closed","template":"","meta":{"_themeisle_gutenberg_block_has_review":false},"product_brand":[],"product_cat":[132,175],"product_tag":[],"woo-feed-brand":[],"class_list":{"0":"post-55937","1":"product","2":"type-product","3":"status-publish","4":"has-post-thumbnail","6":"product_cat-mercearia","7":"product_cat-sobremesas-mercearia","9":"first","10":"instock","11":"taxable","12":"shipping-taxable","13":"purchasable","14":"product-type-simple"},"_links":{"self":[{"href":"https:\/\/www.ateti.pt\/loja\/wp-json\/wp\/v2\/product\/55937","targetHints":{"allow":["GET"]}}],"collection":[{"href":"https:\/\/www.ateti.pt\/loja\/wp-json\/wp\/v2\/product"}],"about":[{"href":"https:\/\/www.ateti.pt\/loja\/wp-json\/wp\/v2\/types\/product"}],"replies":[{"embeddable":true,"href":"https:\/\/www.ateti.pt\/loja\/wp-json\/wp\/v2\/comments?post=55937"}],"wp:featuredmedia":[{"embeddable":true,"href":"https:\/\/www.ateti.pt\/loja\/wp-json\/wp\/v2\/media\/55935"}],"wp:attachment":[{"href":"https:\/\/www.ateti.pt\/loja\/wp-json\/wp\/v2\/media?parent=55937"}],"wp:term":[{"taxonomy":"product_brand","embeddable":true,"href":"https:\/\/www.ateti.pt\/loja\/wp-json\/wp\/v2\/product_brand?post=55937"},{"taxonomy":"product_cat","embeddable":true,"href":"https:\/\/www.ateti.pt\/loja\/wp-json\/wp\/v2\/product_cat?post=55937"},{"taxonomy":"product_tag","embeddable":true,"href":"https:\/\/www.ateti.pt\/loja\/wp-json\/wp\/v2\/product_tag?post=55937"},{"taxonomy":"woo-feed-brand","embeddable":true,"href":"https:\/\/www.ateti.pt\/loja\/wp-json\/wp\/v2\/woo-feed-brand?post=55937"}],"curies":[{"name":"wp","href":"https:\/\/api.w.org\/{rel}","templated":true}]}}