{"id":55930,"date":"2023-09-06T10:05:57","date_gmt":"2023-09-06T09:05:57","guid":{"rendered":"https:\/\/www.ateti.pt\/loja\/?post_type=product&#038;p=55930"},"modified":"2023-09-06T11:30:02","modified_gmt":"2023-09-06T10:30:02","slug":"gelatina-morango-170g-amanhecer-copia","status":"publish","type":"product","link":"https:\/\/www.ateti.pt\/loja\/produto\/gelatina-morango-170g-amanhecer-copia\/","title":{"rendered":"Gelatina de Morango 170g Amanhecer"},"content":{"rendered":"<p><strong>Gelatina Morango Amanhecer<\/strong><\/p>\n<p><strong>Quantidade:\u00a0<\/strong> 170g<\/p>\n<p><strong>Ingredientes:<\/strong> A\u00e7\u00facar, gelatina (11%), reguladores de acidez l\u00e1cido fum\u00e1rico e citrato friss\u00f3dico), aromas, sal, vitamina C e corantes (complexos c\u00fapricos das clorofilas e curcumina).<\/p>\n<p><strong>Valores Nutricionais por 100g: <\/strong>Energia: 1661kJ\/391 kcal; L\u00edpidos: 0,1g, dos quais saturados:0.0g; Hidratos de Carbono: 86.8g, dos quais a\u00e7\u00facares: 86.8g; Fibra: 0.1g; Prote\u00ednas: 10.7g; Sal: 0.6g.<\/p>\n<p><strong>Modo de Prepara\u00e7\u00e3o:\u00a0<\/strong><\/p>\n<ol>\n<li>Dissolver o conte\u00fado de cada saqueta em 250ml de \u00e1gua acabada de ferver.<\/li>\n<li>Juntar 250ml de \u00e1gua fria e misturar bem<\/li>\n<li>Passar uma forma por \u00e1gua fria, deitar a mistura e levar ao frigor\u00edfico at\u00e9 ficar consistente.<\/li>\n<\/ol>\n<p>Nota: Para desenformar, mergulhar a forma em \u00e1gua muito quente durante alguns segundos.<\/p>\n<p>Cont\u00e9m cerca de 10 por\u00e7\u00f5es.<\/p>\n","protected":false},"excerpt":{"rendered":"<p>8.76\u20ac\/kg<\/p>\n","protected":false},"featured_media":55927,"comment_status":"closed","ping_status":"closed","template":"","meta":{"_themeisle_gutenberg_block_has_review":false},"product_brand":[],"product_cat":[132,175],"product_tag":[593],"woo-feed-brand":[],"class_list":{"0":"post-55930","1":"product","2":"type-product","3":"status-publish","4":"has-post-thumbnail","6":"product_cat-mercearia","7":"product_cat-sobremesas-mercearia","8":"product_tag-novidades","10":"first","11":"instock","12":"taxable","13":"shipping-taxable","14":"purchasable","15":"product-type-simple"},"_links":{"self":[{"href":"https:\/\/www.ateti.pt\/loja\/wp-json\/wp\/v2\/product\/55930","targetHints":{"allow":["GET"]}}],"collection":[{"href":"https:\/\/www.ateti.pt\/loja\/wp-json\/wp\/v2\/product"}],"about":[{"href":"https:\/\/www.ateti.pt\/loja\/wp-json\/wp\/v2\/types\/product"}],"replies":[{"embeddable":true,"href":"https:\/\/www.ateti.pt\/loja\/wp-json\/wp\/v2\/comments?post=55930"}],"wp:featuredmedia":[{"embeddable":true,"href":"https:\/\/www.ateti.pt\/loja\/wp-json\/wp\/v2\/media\/55927"}],"wp:attachment":[{"href":"https:\/\/www.ateti.pt\/loja\/wp-json\/wp\/v2\/media?parent=55930"}],"wp:term":[{"taxonomy":"product_brand","embeddable":true,"href":"https:\/\/www.ateti.pt\/loja\/wp-json\/wp\/v2\/product_brand?post=55930"},{"taxonomy":"product_cat","embeddable":true,"href":"https:\/\/www.ateti.pt\/loja\/wp-json\/wp\/v2\/product_cat?post=55930"},{"taxonomy":"product_tag","embeddable":true,"href":"https:\/\/www.ateti.pt\/loja\/wp-json\/wp\/v2\/product_tag?post=55930"},{"taxonomy":"woo-feed-brand","embeddable":true,"href":"https:\/\/www.ateti.pt\/loja\/wp-json\/wp\/v2\/woo-feed-brand?post=55930"}],"curies":[{"name":"wp","href":"https:\/\/api.w.org\/{rel}","templated":true}]}}