{"id":55924,"date":"2024-12-12T16:58:17","date_gmt":"2024-12-12T16:58:17","guid":{"rendered":"https:\/\/www.ateti.pt\/loja\/?post_type=product&#038;p=55924"},"modified":"2025-01-14T18:10:03","modified_gmt":"2025-01-14T18:10:03","slug":"gelatina-de-tutti-frutti-114g-royal","status":"publish","type":"product","link":"https:\/\/www.ateti.pt\/loja\/produto\/gelatina-de-tutti-frutti-114g-royal\/","title":{"rendered":"Gelatina de Tutti Frutti 114g Royal"},"content":{"rendered":"<p><strong>Gelatina de Tutti Frutti Royal<\/strong><\/p>\n<p><strong>Quantidade:\u00a0<\/strong>114g (2 x 57g)<\/p>\n<p><em>Preparado em p\u00f3 para gelatina com sabor a frutas. Cont\u00e9m a\u00e7\u00facar e edulcorante.<\/em><\/p>\n<p><strong>Ingredientes:\u00a0<\/strong>A\u00e7\u00facar, gelatina (14%), reguladores de acidez (\u00e1cido fum\u00e1rio, citrato triss\u00f3dico), aromas, corante (complexos c\u00fapricos de clorofilas e clorofilinas), vitamina C, extrato de c\u00e1rtamo, edulcorante (glicos\u00eddeos de estivol provenientes de est\u00e9via). Pode conter trigo e leite.<\/p>\n<p><strong>Declara\u00e7\u00e3o Nutricional (por 100g):\u00a0<\/strong>Energia: 168kj\/39kcal; L\u00edpidos: 0g; dos quais Saturados: 0g; Hidratos de Carbono: 8,3g; dos quais A\u00e7\u00facares: 8,2g; Fibra: 0g; Prote\u00ednas: 1,3g; Sal: 0,10g.<\/p>\n<p><em><strong>Prepara\u00e7\u00e3o:\u00a0<\/strong>15min + 4h aprox. frigor\u00edfico<\/em><\/p>\n<ol>\n<li>Dissolver o conte\u00fado da saqueta em 250ml de \u00e1gua a ferver. Mexa at\u00e9 o p\u00f3 dissolver completamente.<\/li>\n<li>Junte 250ml de \u00e1gua fria e mexa.<\/li>\n<li>Deite o preparado numa forma (ou em v\u00e1rias) e coloque no frigor\u00edfico at\u00e9 ficar firme.<\/li>\n<\/ol>\n","protected":false},"excerpt":{"rendered":"<p>18,33\u20ac\/kg<\/p>\n","protected":false},"featured_media":55925,"comment_status":"closed","ping_status":"closed","template":"","meta":{"_themeisle_gutenberg_block_has_review":false},"product_brand":[],"product_cat":[132,175],"product_tag":[],"woo-feed-brand":[],"class_list":{"0":"post-55924","1":"product","2":"type-product","3":"status-publish","4":"has-post-thumbnail","6":"product_cat-mercearia","7":"product_cat-sobremesas-mercearia","8":"ts_product_brand-royal","10":"first","11":"instock","12":"taxable","13":"shipping-taxable","14":"purchasable","15":"product-type-simple"},"_links":{"self":[{"href":"https:\/\/www.ateti.pt\/loja\/wp-json\/wp\/v2\/product\/55924","targetHints":{"allow":["GET"]}}],"collection":[{"href":"https:\/\/www.ateti.pt\/loja\/wp-json\/wp\/v2\/product"}],"about":[{"href":"https:\/\/www.ateti.pt\/loja\/wp-json\/wp\/v2\/types\/product"}],"replies":[{"embeddable":true,"href":"https:\/\/www.ateti.pt\/loja\/wp-json\/wp\/v2\/comments?post=55924"}],"wp:featuredmedia":[{"embeddable":true,"href":"https:\/\/www.ateti.pt\/loja\/wp-json\/wp\/v2\/media\/55925"}],"wp:attachment":[{"href":"https:\/\/www.ateti.pt\/loja\/wp-json\/wp\/v2\/media?parent=55924"}],"wp:term":[{"taxonomy":"product_brand","embeddable":true,"href":"https:\/\/www.ateti.pt\/loja\/wp-json\/wp\/v2\/product_brand?post=55924"},{"taxonomy":"product_cat","embeddable":true,"href":"https:\/\/www.ateti.pt\/loja\/wp-json\/wp\/v2\/product_cat?post=55924"},{"taxonomy":"product_tag","embeddable":true,"href":"https:\/\/www.ateti.pt\/loja\/wp-json\/wp\/v2\/product_tag?post=55924"},{"taxonomy":"woo-feed-brand","embeddable":true,"href":"https:\/\/www.ateti.pt\/loja\/wp-json\/wp\/v2\/woo-feed-brand?post=55924"}],"curies":[{"name":"wp","href":"https:\/\/api.w.org\/{rel}","templated":true}]}}