{"id":55911,"date":"2024-12-12T17:00:48","date_gmt":"2024-12-12T17:00:48","guid":{"rendered":"https:\/\/www.ateti.pt\/loja\/?post_type=product&#038;p=55911"},"modified":"2025-01-14T18:10:33","modified_gmt":"2025-01-14T18:10:33","slug":"gelatina-de-morango-0-acucares-31g-royal","status":"publish","type":"product","link":"https:\/\/www.ateti.pt\/loja\/produto\/gelatina-de-morango-0-acucares-31g-royal\/","title":{"rendered":"Gelatina de Morango 0% A\u00e7\u00facares 31g Royal"},"content":{"rendered":"<p><strong>Gelatina de Morango 0% A\u00e7\u00facares Royal<\/strong><\/p>\n<p><strong>Quantidade:\u00a0<\/strong>31g<\/p>\n<p><em>Preparado em p\u00f3 para gelatina sem a\u00e7\u00facares com sabor a morango. Cont\u00e9m edulcorantes<\/em><\/p>\n<p><strong>Ingredientes:\u00a0<\/strong>Gelatina (57%), edulcorantes (maltitol, aspartame, acessulfame k), reguladores de acidez (\u00e1cido fum\u00e1rio, citrato triss\u00f3dico, \u00e1cido c\u00edtrico),sumo de cenoura negraconcentrado, aromas, vitamina C, sal. Pode conter trigo e leite. Cont\u00e9m uma fonte de fenilalanina.<\/p>\n<p><strong>Declara\u00e7\u00e3o Nutricional (por 100g):\u00a0<\/strong>Energia: 41kj\/10kcal; L\u00edpidos: 0g; dos quais Saturados: 0g; Hidratos de Carbono: 0,7g; dos quais A\u00e7\u00facares: 0g; Fibra: 0g; Prote\u00ednas: 1,6g; Sal: 0,09g; Vitamina C: 12,0mg.<\/p>\n<p><em><strong>Prepara\u00e7\u00e3o:\u00a0<\/strong>15min + 4h aprox. frigor\u00edfico<\/em><\/p>\n<ol>\n<li>Dissolver o conte\u00fado da saqueta em 500ml de \u00e1gua a ferver. Mexa at\u00e9 o p\u00f3 dissolver completamente.<\/li>\n<li>Junte 500ml de \u00e1gua fria e mexa.<\/li>\n<li>Deite o preparado numa forma (ou em v\u00e1rias) e coloque no frigor\u00edfico at\u00e9 ficar firme.<\/li>\n<\/ol>\n","protected":false},"excerpt":{"rendered":"<p>80,32\u20ac\/kg<\/p>\n","protected":false},"featured_media":55912,"comment_status":"closed","ping_status":"closed","template":"","meta":{"_themeisle_gutenberg_block_has_review":false},"product_brand":[],"product_cat":[132,175],"product_tag":[],"woo-feed-brand":[],"class_list":{"0":"post-55911","1":"product","2":"type-product","3":"status-publish","4":"has-post-thumbnail","6":"product_cat-mercearia","7":"product_cat-sobremesas-mercearia","8":"ts_product_brand-royal","10":"first","11":"instock","12":"taxable","13":"shipping-taxable","14":"purchasable","15":"product-type-simple"},"_links":{"self":[{"href":"https:\/\/www.ateti.pt\/loja\/wp-json\/wp\/v2\/product\/55911","targetHints":{"allow":["GET"]}}],"collection":[{"href":"https:\/\/www.ateti.pt\/loja\/wp-json\/wp\/v2\/product"}],"about":[{"href":"https:\/\/www.ateti.pt\/loja\/wp-json\/wp\/v2\/types\/product"}],"replies":[{"embeddable":true,"href":"https:\/\/www.ateti.pt\/loja\/wp-json\/wp\/v2\/comments?post=55911"}],"wp:featuredmedia":[{"embeddable":true,"href":"https:\/\/www.ateti.pt\/loja\/wp-json\/wp\/v2\/media\/55912"}],"wp:attachment":[{"href":"https:\/\/www.ateti.pt\/loja\/wp-json\/wp\/v2\/media?parent=55911"}],"wp:term":[{"taxonomy":"product_brand","embeddable":true,"href":"https:\/\/www.ateti.pt\/loja\/wp-json\/wp\/v2\/product_brand?post=55911"},{"taxonomy":"product_cat","embeddable":true,"href":"https:\/\/www.ateti.pt\/loja\/wp-json\/wp\/v2\/product_cat?post=55911"},{"taxonomy":"product_tag","embeddable":true,"href":"https:\/\/www.ateti.pt\/loja\/wp-json\/wp\/v2\/product_tag?post=55911"},{"taxonomy":"woo-feed-brand","embeddable":true,"href":"https:\/\/www.ateti.pt\/loja\/wp-json\/wp\/v2\/woo-feed-brand?post=55911"}],"curies":[{"name":"wp","href":"https:\/\/api.w.org\/{rel}","templated":true}]}}