{"id":55893,"date":"2023-09-05T12:47:56","date_gmt":"2023-09-05T11:47:56","guid":{"rendered":"https:\/\/www.ateti.pt\/loja\/?post_type=product&#038;p=55893"},"modified":"2023-09-05T12:47:57","modified_gmt":"2023-09-05T11:47:57","slug":"mousse-de-chocolate-de-leite-132g-alsa","status":"publish","type":"product","link":"https:\/\/www.ateti.pt\/loja\/produto\/mousse-de-chocolate-de-leite-132g-alsa\/","title":{"rendered":"Mousse de Chocolate de Leite 132g Alsa"},"content":{"rendered":"<p><strong>Mousse de Chocolate de Leite Alsa<\/strong><\/p>\n<p><strong>Quantidade:\u00a0<\/strong>132g &#8211; 7 Por\u00e7\u00f5es<\/p>\n<p><em>Preparado em p\u00f3 para mousse com sabor a chocolate de leite<\/em><\/p>\n<p><strong>Ingredientes:\u00a0<\/strong>A\u00e7\u00facar, xarope de glucose. leite em p\u00f3 magro 17%, cacau magro em p\u00f3 15%, gordura de coco, gelatina de su\u00edno, emulsionates (\u00e9steres l\u00e1cticos de mono e diglic\u00e9ridos de \u00e1cidos gordos), prote\u00ednas do leite, sal, aroma. Pode conter vest\u00edgios de gl\u00faten (trigo), ovo, soja, frutos de casca rija (am\u00eandoas, avel\u00e3s, pist\u00e1cios, nozes).<\/p>\n<p><strong>Declara\u00e7\u00e3o Nutricional (por 100g):\u00a0<\/strong>Energia: 747jk\/177kcal; L\u00edpidos: 5,4g; dos quais Saturados: 4,5g; Hidratos de Carbono: 24g; dos quais A\u00e7\u00facares: 18g; Fibra: 1,7g; Prote\u00ednas: 7,2g; Sal: 0,31g.<\/p>\n<p><em>A mousse \u00e9 uma sobremesa que nunca falha, sempre pronta para o envolver num momento de doce prazer<\/em><\/p>\n<p><strong>Modo de Prepara\u00e7\u00e3o:\u00a0<\/strong>1. Adicionar o conte\u00fado da saqueta a 250ml de leite frio; 2. Bater a alta velocidade com uma batedeira durante 3 minutos; 3. Dividir a mousse em ta\u00e7as individuais e deixar repousar no frigor\u00edfico durante pelo menos 2 horas.<\/p>\n<p><em><strong>Sugest\u00e3o: Mousse de chocolate moldada<\/strong><\/em><\/p>\n<p>Colocar 6 bolachas de arroz com chocolate, dentro de aros met\u00e1licos, sobre um tabuleiro forrado com papel vegetal. Preparar a mousse de chocolate de leite Alsa. Distribuir pelos aros e levar ao frigor\u00edfico. Na altura de servir retirar os aros e enfeitar com framboesas frescas e raspas de chocolate.<\/p>\n","protected":false},"excerpt":{"rendered":"<p>18,86\u20ac\/kg<\/p>\n","protected":false},"featured_media":55894,"comment_status":"closed","ping_status":"closed","template":"","meta":{"_themeisle_gutenberg_block_has_review":false},"product_brand":[],"product_cat":[132,175],"product_tag":[],"woo-feed-brand":[],"class_list":{"0":"post-55893","1":"product","2":"type-product","3":"status-publish","4":"has-post-thumbnail","6":"product_cat-mercearia","7":"product_cat-sobremesas-mercearia","8":"ts_product_brand-alsa","10":"first","11":"instock","12":"taxable","13":"shipping-taxable","14":"purchasable","15":"product-type-simple"},"_links":{"self":[{"href":"https:\/\/www.ateti.pt\/loja\/wp-json\/wp\/v2\/product\/55893","targetHints":{"allow":["GET"]}}],"collection":[{"href":"https:\/\/www.ateti.pt\/loja\/wp-json\/wp\/v2\/product"}],"about":[{"href":"https:\/\/www.ateti.pt\/loja\/wp-json\/wp\/v2\/types\/product"}],"replies":[{"embeddable":true,"href":"https:\/\/www.ateti.pt\/loja\/wp-json\/wp\/v2\/comments?post=55893"}],"wp:featuredmedia":[{"embeddable":true,"href":"https:\/\/www.ateti.pt\/loja\/wp-json\/wp\/v2\/media\/55894"}],"wp:attachment":[{"href":"https:\/\/www.ateti.pt\/loja\/wp-json\/wp\/v2\/media?parent=55893"}],"wp:term":[{"taxonomy":"product_brand","embeddable":true,"href":"https:\/\/www.ateti.pt\/loja\/wp-json\/wp\/v2\/product_brand?post=55893"},{"taxonomy":"product_cat","embeddable":true,"href":"https:\/\/www.ateti.pt\/loja\/wp-json\/wp\/v2\/product_cat?post=55893"},{"taxonomy":"product_tag","embeddable":true,"href":"https:\/\/www.ateti.pt\/loja\/wp-json\/wp\/v2\/product_tag?post=55893"},{"taxonomy":"woo-feed-brand","embeddable":true,"href":"https:\/\/www.ateti.pt\/loja\/wp-json\/wp\/v2\/woo-feed-brand?post=55893"}],"curies":[{"name":"wp","href":"https:\/\/api.w.org\/{rel}","templated":true}]}}