{"id":55714,"date":"2023-08-29T16:41:07","date_gmt":"2023-08-29T15:41:07","guid":{"rendered":"https:\/\/www.ateti.pt\/loja\/?post_type=product&#038;p=55714"},"modified":"2024-02-12T14:52:54","modified_gmt":"2024-02-12T14:52:54","slug":"esfoliante-corporal-com-sal-300ml-be-beauty","status":"publish","type":"product","link":"https:\/\/www.ateti.pt\/loja\/produto\/esfoliante-corporal-com-sal-300ml-be-beauty\/","title":{"rendered":"Esfoliante Corporal com Sal 300ml Be Beauty"},"content":{"rendered":"<p><strong>Esfoliante Corporal com Sal Be Beauty<\/strong><\/p>\n<p><strong>Quantidade:\u00a0<\/strong>300ml<\/p>\n<p>96% de ingredientes naturais.<\/p>\n<p>Esfoliante com Sal de Epsom que deixa a pele macia e sedosa, esfolia a pele e alivia o stress. Com agentes esfoliantes naturais que limpam, tonificam e eliminam as c\u00e9lulas mortas para conseguir uma pele mais macia e cuidada de forma intensiva. O gel esfoliante elimina o excesso de oleosidade sem irritar, secar ou descamar a pele.<br \/>\n*Produto dermatologicamente testado. **N\u00e3o cont\u00e9m mat\u00e9rias primas de origem animal.<br \/>\nModo de utiliza\u00e7\u00e3o: Aplicar sobre a pele humedecida. Massajar 1 a 2 minutos com movimentos circulares. Enxaguar com \u00e1gua abundante e secar suavemente.<\/p>\n<p>N\u00e3o ingerir. Uso externo. Manter fora do alcance das crian\u00e7as. Evitar contacto com os olhos, em caso de contacto, lavar com \u00e1gua abundante.<\/p>\n","protected":false},"excerpt":{"rendered":"<p>16.3\u20ac\/lt<\/p>\n","protected":false},"featured_media":60961,"comment_status":"closed","ping_status":"closed","template":"","meta":{"_themeisle_gutenberg_block_has_review":false},"product_brand":[],"product_cat":[203,212],"product_tag":[593],"woo-feed-brand":[],"class_list":{"0":"post-55714","1":"product","2":"type-product","3":"status-publish","4":"has-post-thumbnail","6":"product_cat-beleza-e-higiene","7":"product_cat-corpo","8":"product_tag-novidades","9":"ts_product_brand-be-beauty","11":"first","12":"instock","13":"taxable","14":"shipping-taxable","15":"purchasable","16":"product-type-simple"},"_links":{"self":[{"href":"https:\/\/www.ateti.pt\/loja\/wp-json\/wp\/v2\/product\/55714","targetHints":{"allow":["GET"]}}],"collection":[{"href":"https:\/\/www.ateti.pt\/loja\/wp-json\/wp\/v2\/product"}],"about":[{"href":"https:\/\/www.ateti.pt\/loja\/wp-json\/wp\/v2\/types\/product"}],"replies":[{"embeddable":true,"href":"https:\/\/www.ateti.pt\/loja\/wp-json\/wp\/v2\/comments?post=55714"}],"wp:featuredmedia":[{"embeddable":true,"href":"https:\/\/www.ateti.pt\/loja\/wp-json\/wp\/v2\/media\/60961"}],"wp:attachment":[{"href":"https:\/\/www.ateti.pt\/loja\/wp-json\/wp\/v2\/media?parent=55714"}],"wp:term":[{"taxonomy":"product_brand","embeddable":true,"href":"https:\/\/www.ateti.pt\/loja\/wp-json\/wp\/v2\/product_brand?post=55714"},{"taxonomy":"product_cat","embeddable":true,"href":"https:\/\/www.ateti.pt\/loja\/wp-json\/wp\/v2\/product_cat?post=55714"},{"taxonomy":"product_tag","embeddable":true,"href":"https:\/\/www.ateti.pt\/loja\/wp-json\/wp\/v2\/product_tag?post=55714"},{"taxonomy":"woo-feed-brand","embeddable":true,"href":"https:\/\/www.ateti.pt\/loja\/wp-json\/wp\/v2\/woo-feed-brand?post=55714"}],"curies":[{"name":"wp","href":"https:\/\/api.w.org\/{rel}","templated":true}]}}