{"id":55710,"date":"2023-08-29T15:57:34","date_gmt":"2023-08-29T14:57:34","guid":{"rendered":"https:\/\/www.ateti.pt\/loja\/?post_type=product&#038;p=55710"},"modified":"2023-08-29T15:57:35","modified_gmt":"2023-08-29T14:57:35","slug":"creme-corporal-soft-skin-300ml-be-beauty","status":"publish","type":"product","link":"https:\/\/www.ateti.pt\/loja\/produto\/creme-corporal-soft-skin-300ml-be-beauty\/","title":{"rendered":"Creme Corporal Soft Skin 300ml Be Beauty"},"content":{"rendered":"<p><strong>Creme Corporal Soft Skin Be Beauty<\/strong><\/p>\n<p><strong>Quantidade:\u00a0<\/strong>300ml<\/p>\n<p>Creme Hidratante para o Corpo, Rosto e M\u00e3os(pele normal). Formulado para os cuidados di\u00e1rios da pele, hidrata em profundidade.<\/p>\n<p>Com Manteiga de Karit\u00e9. Promove a melhoria da elasticidade da pele.<\/p>\n<p><strong>Modo de utiliza\u00e7\u00e3o:<\/strong>\u00a0Aplicar a manteiga corporal cremosa sobre a pele limpa e seca. Massajar suavemente em movimentos circulares at\u00e9 \u00e0 sua completa absor\u00e7\u00e3o. Aplicar de manh\u00e3 e \u00e0 noite.<\/p>\n<p>&nbsp;<\/p>\n","protected":false},"excerpt":{"rendered":"<p>9.96\u20ac\/lt<\/p>\n","protected":false},"featured_media":55711,"comment_status":"closed","ping_status":"closed","template":"","meta":{"_themeisle_gutenberg_block_has_review":false},"product_brand":[],"product_cat":[203,212],"product_tag":[593],"woo-feed-brand":[],"class_list":{"0":"post-55710","1":"product","2":"type-product","3":"status-publish","4":"has-post-thumbnail","6":"product_cat-beleza-e-higiene","7":"product_cat-corpo","8":"product_tag-novidades","9":"ts_product_brand-be-beauty","11":"first","12":"instock","13":"taxable","14":"shipping-taxable","15":"purchasable","16":"product-type-simple"},"_links":{"self":[{"href":"https:\/\/www.ateti.pt\/loja\/wp-json\/wp\/v2\/product\/55710","targetHints":{"allow":["GET"]}}],"collection":[{"href":"https:\/\/www.ateti.pt\/loja\/wp-json\/wp\/v2\/product"}],"about":[{"href":"https:\/\/www.ateti.pt\/loja\/wp-json\/wp\/v2\/types\/product"}],"replies":[{"embeddable":true,"href":"https:\/\/www.ateti.pt\/loja\/wp-json\/wp\/v2\/comments?post=55710"}],"wp:featuredmedia":[{"embeddable":true,"href":"https:\/\/www.ateti.pt\/loja\/wp-json\/wp\/v2\/media\/55711"}],"wp:attachment":[{"href":"https:\/\/www.ateti.pt\/loja\/wp-json\/wp\/v2\/media?parent=55710"}],"wp:term":[{"taxonomy":"product_brand","embeddable":true,"href":"https:\/\/www.ateti.pt\/loja\/wp-json\/wp\/v2\/product_brand?post=55710"},{"taxonomy":"product_cat","embeddable":true,"href":"https:\/\/www.ateti.pt\/loja\/wp-json\/wp\/v2\/product_cat?post=55710"},{"taxonomy":"product_tag","embeddable":true,"href":"https:\/\/www.ateti.pt\/loja\/wp-json\/wp\/v2\/product_tag?post=55710"},{"taxonomy":"woo-feed-brand","embeddable":true,"href":"https:\/\/www.ateti.pt\/loja\/wp-json\/wp\/v2\/woo-feed-brand?post=55710"}],"curies":[{"name":"wp","href":"https:\/\/api.w.org\/{rel}","templated":true}]}}