{"id":55700,"date":"2023-08-29T15:08:33","date_gmt":"2023-08-29T14:08:33","guid":{"rendered":"https:\/\/www.ateti.pt\/loja\/?post_type=product&#038;p=55700"},"modified":"2023-08-29T15:08:34","modified_gmt":"2023-08-29T14:08:34","slug":"creme-de-rosto-de-noite-anti-rugas-50ml-be-beauty","status":"publish","type":"product","link":"https:\/\/www.ateti.pt\/loja\/produto\/creme-de-rosto-de-noite-anti-rugas-50ml-be-beauty\/","title":{"rendered":"Creme de Rosto de Noite Anti-Rugas 50ml Be Beauty"},"content":{"rendered":"<p><strong>Creme de Rosto de Noite Anti-Rugas Be Beauty<\/strong><\/p>\n<p><strong>Quantidade:\u00a0<\/strong>50ml<\/p>\n<p>Testado Dermatologicamente<\/p>\n<p>Promove a hidrata\u00e7\u00e3o profunda da pele. Nutre e repara a pele do rosto durante a note, retardando os efeitos do envelhecimento (previne o aparecimentos de rugas e linhas faciais). Usado regularmente contribui para a frescura e rejuvenescimento da pele.<\/p>\n<p>Efeitos vis\u00edveis ap\u00f3s 4 semanas de uso do produto (redu\u00e7\u00e3o vis\u00edvel das rugas)<\/p>\n<p>Modo de utiliza\u00e7\u00e3o: Aplicar o creme \u00e0 noite sobre a pele limpa e seca do rosto (tendo o cuidado de evitar a zona envolvente dos olhos), pesco\u00e7o e zona do decote.<\/p>\n<p>Massajar suavemente em movimentos circulares at\u00e9 completa absor\u00e7\u00e3o do creme.<\/p>\n<p>* Vegan friendly &#8211; n\u00e3o cont\u00e9m mat\u00e9rias-primas de\u00a0origem\u00a0animal<\/p>\n","protected":false},"excerpt":{"rendered":"<p>99.8\u20ac\/lt<\/p>\n","protected":false},"featured_media":55703,"comment_status":"closed","ping_status":"closed","template":"","meta":{"_themeisle_gutenberg_block_has_review":false},"product_brand":[],"product_cat":[203,212,230],"product_tag":[593],"woo-feed-brand":[],"class_list":{"0":"post-55700","1":"product","2":"type-product","3":"status-publish","4":"has-post-thumbnail","6":"product_cat-beleza-e-higiene","7":"product_cat-corpo","8":"product_cat-higiene-feminina","9":"product_tag-novidades","10":"ts_product_brand-be-beauty","12":"first","13":"instock","14":"taxable","15":"shipping-taxable","16":"purchasable","17":"product-type-simple"},"_links":{"self":[{"href":"https:\/\/www.ateti.pt\/loja\/wp-json\/wp\/v2\/product\/55700","targetHints":{"allow":["GET"]}}],"collection":[{"href":"https:\/\/www.ateti.pt\/loja\/wp-json\/wp\/v2\/product"}],"about":[{"href":"https:\/\/www.ateti.pt\/loja\/wp-json\/wp\/v2\/types\/product"}],"replies":[{"embeddable":true,"href":"https:\/\/www.ateti.pt\/loja\/wp-json\/wp\/v2\/comments?post=55700"}],"wp:featuredmedia":[{"embeddable":true,"href":"https:\/\/www.ateti.pt\/loja\/wp-json\/wp\/v2\/media\/55703"}],"wp:attachment":[{"href":"https:\/\/www.ateti.pt\/loja\/wp-json\/wp\/v2\/media?parent=55700"}],"wp:term":[{"taxonomy":"product_brand","embeddable":true,"href":"https:\/\/www.ateti.pt\/loja\/wp-json\/wp\/v2\/product_brand?post=55700"},{"taxonomy":"product_cat","embeddable":true,"href":"https:\/\/www.ateti.pt\/loja\/wp-json\/wp\/v2\/product_cat?post=55700"},{"taxonomy":"product_tag","embeddable":true,"href":"https:\/\/www.ateti.pt\/loja\/wp-json\/wp\/v2\/product_tag?post=55700"},{"taxonomy":"woo-feed-brand","embeddable":true,"href":"https:\/\/www.ateti.pt\/loja\/wp-json\/wp\/v2\/woo-feed-brand?post=55700"}],"curies":[{"name":"wp","href":"https:\/\/api.w.org\/{rel}","templated":true}]}}