{"id":55682,"date":"2023-08-29T11:34:23","date_gmt":"2023-08-29T10:34:23","guid":{"rendered":"https:\/\/www.ateti.pt\/loja\/?post_type=product&#038;p=55682"},"modified":"2023-08-29T11:34:24","modified_gmt":"2023-08-29T10:34:24","slug":"soro-fisiologico-60ml-amanhecer","status":"publish","type":"product","link":"https:\/\/www.ateti.pt\/loja\/produto\/soro-fisiologico-60ml-amanhecer\/","title":{"rendered":"Soro Fisiol\u00f3gico 60ml Amanhecer"},"content":{"rendered":"<p><strong>Soro Fisiol\u00f3gico Amanhecer<\/strong><\/p>\n<p>Evitar o efeito de suc\u00e7\u00e3o, prevenindo assim, a entrada de muco nasal na embalagem.<\/p>\n<p>Lavagem Nasal<\/p>\n<p><strong>Ingredientes:\u00a0<\/strong> \u00c1gua Purificada, Cloreto de Socio 0,9% p\/v.<\/p>\n<p>Modo de emprego: Utilizar o Soro Fisiol\u00f3gico Amanhecer para lavagem nasal. Fluidificante das secre\u00e7\u00f5es nasais.<\/p>\n<p>Conservar em local fresco e seco. Manter a embalagem fechada e ao abrigo da luz e fontes de calor.<\/p>\n","protected":false},"excerpt":{"rendered":"<p>11.5\u20ac\/lt<\/p>\n","protected":false},"featured_media":55683,"comment_status":"closed","ping_status":"closed","template":"","meta":{"_themeisle_gutenberg_block_has_review":false},"product_brand":[],"product_cat":[214,203,212,227],"product_tag":[593],"woo-feed-brand":[],"class_list":{"0":"post-55682","1":"product","2":"type-product","3":"status-publish","4":"has-post-thumbnail","6":"product_cat-bebe-crianca","7":"product_cat-beleza-e-higiene","8":"product_cat-corpo","9":"product_cat-higiene-bebe-crianca","10":"product_tag-novidades","11":"ts_product_brand-amanhecer","13":"first","14":"instock","15":"taxable","16":"shipping-taxable","17":"purchasable","18":"product-type-simple"},"_links":{"self":[{"href":"https:\/\/www.ateti.pt\/loja\/wp-json\/wp\/v2\/product\/55682","targetHints":{"allow":["GET"]}}],"collection":[{"href":"https:\/\/www.ateti.pt\/loja\/wp-json\/wp\/v2\/product"}],"about":[{"href":"https:\/\/www.ateti.pt\/loja\/wp-json\/wp\/v2\/types\/product"}],"replies":[{"embeddable":true,"href":"https:\/\/www.ateti.pt\/loja\/wp-json\/wp\/v2\/comments?post=55682"}],"wp:featuredmedia":[{"embeddable":true,"href":"https:\/\/www.ateti.pt\/loja\/wp-json\/wp\/v2\/media\/55683"}],"wp:attachment":[{"href":"https:\/\/www.ateti.pt\/loja\/wp-json\/wp\/v2\/media?parent=55682"}],"wp:term":[{"taxonomy":"product_brand","embeddable":true,"href":"https:\/\/www.ateti.pt\/loja\/wp-json\/wp\/v2\/product_brand?post=55682"},{"taxonomy":"product_cat","embeddable":true,"href":"https:\/\/www.ateti.pt\/loja\/wp-json\/wp\/v2\/product_cat?post=55682"},{"taxonomy":"product_tag","embeddable":true,"href":"https:\/\/www.ateti.pt\/loja\/wp-json\/wp\/v2\/product_tag?post=55682"},{"taxonomy":"woo-feed-brand","embeddable":true,"href":"https:\/\/www.ateti.pt\/loja\/wp-json\/wp\/v2\/woo-feed-brand?post=55682"}],"curies":[{"name":"wp","href":"https:\/\/api.w.org\/{rel}","templated":true}]}}