{"id":55656,"date":"2023-08-29T09:52:53","date_gmt":"2023-08-29T08:52:53","guid":{"rendered":"https:\/\/www.ateti.pt\/loja\/?post_type=product&#038;p=55656"},"modified":"2025-07-10T16:15:13","modified_gmt":"2025-07-10T15:15:13","slug":"filete-de-pescada-panado-1kg-aprox-12un-frumar","status":"publish","type":"product","link":"https:\/\/www.ateti.pt\/loja\/produto\/filete-de-pescada-panado-1kg-aprox-12un-frumar\/","title":{"rendered":"Filete de Pescada Panado 1kg (aprox.12un.) Pescanova"},"content":{"rendered":"<p><strong>Filete de Pescada Panado Frumar<\/strong><\/p>\n<p><strong>Quantidade:\u00a0<\/strong>1kg( Aproximadamente 12 unidades)<\/p>\n<p>Formas de filete panadas, elaboradas a partir de pe\u00e7as de pescada. Produto ultracongelado.<\/p>\n<p><strong>Ingredientes:\u00a0<\/strong>Pescada(55%), farinha de trigo, \u00f3leo(s) vegetal(is),: ver lote [O (Azeite), G(Girassol), N ou N\u00ba (Colza), S ou S\u00ba(Soja)], \u00e1gua, amido modificado de milho, amido de trigo, a\u00e7\u00facar, dextrose de milho, sal, levedura, albumina de ovo, espessante (carragenina).<\/p>\n<p>Pode conter crust\u00e1ceos, leite\u00a0 e moluscos.<\/p>\n<p>Conservar a -18\u00baC.<\/p>\n<p>Para n\u00e3o alterar a qualidade do produto, n\u00e3o voltar a congelar.<\/p>\n<p><strong>Modo de prepara\u00e7\u00e3o:<\/strong><\/p>\n<p><strong>-Forno:<\/strong> Pr\u00e9-aque\u00e7a o forno a 200\u00baC. Sem descongelar, coloque no forno durante aproximadamente 15 minutos em altura m\u00e9dia. Para uma confe\u00e7\u00e3o mais homog\u00e9nea, recomendamos dar a volta ap\u00f3s metade do tempo. Retirar e servir.<\/p>\n<p><strong>-Fritadeira sem \u00f3leo\/ Fritadeira de ar quente:<\/strong> Sem descongelar, coloque os filetes no cesto e cozinhe durante 12 minutos a 200\u00baC. Recomendamos n\u00e3o sobrepor os filetes por forma a conseguir um resultado mais uniforme. No final, deixe repousar 5 minutos antes de consumir. O tempo de prepara\u00e7\u00e3o pode variar de acordo com o modelo da fritadeira.<\/p>\n<p>&#8211;<strong>Fritadeira:\u00a0<\/strong>Frite sem descongelar, \u00f3leo abundante e bem quente (170\u00baC-180\u00baC), durante 4 a 5 minutos, at\u00e9 ficar dourado. Se observar gelo na superf\u00edcie do produto, retire-o com a ajuda de um pano seco antes de fritar, para evitar poss\u00edveis salpicos de \u00f3leo. Devido \u00e0 elevada temperatura do \u00f3leo, tenha cuidado com os bra\u00e7os que possam recorrer.<\/p>\n<p><strong>Valores nutricionais por 100g:<\/strong><\/p>\n<p><strong>-Congelado:\u00a0<\/strong>Energia: 755kj\/181kcal; L\u00edpidos: 9.5g, dos quais saturados: 1.3g; Hidratos de carbono: 13.9g, dos quais a\u00e7\u00facares: 2.0g; Fibra: 1.4g; Prote\u00ednas: 9.2g; Sal: 0.78g;<\/p>\n<p><strong>-Frito: <\/strong>Energia: 918kj\/220kcal; L\u00edpidos: 13.4g, dos quais saturados: 1.6g; Hidratos de Carbono: 15.5g, dos quais a\u00e7\u00facares: 2.0g; Fibra: 1.5g; Prote\u00ednas: 8.6g; Sal: 0.93g.<\/p>\n<p><strong>-Forno ou Fritadeira sem \u00f3leo:\u00a0<\/strong>Energia: 852kj\/204kcal; L\u00edpidos: 11.1g, dos quais saturados: 1.3g; Hidratos de carbono: 14.8g, dos quais a\u00e7\u00facares: 2.g; Fibra: 1.4g; Prote\u00ednas: 10.5g; Sal: 0.85g.<\/p>\n","protected":false},"excerpt":{"rendered":"<p>7.89\u20ac\/kg<\/p>\n","protected":false},"featured_media":55673,"comment_status":"closed","ping_status":"closed","template":"","meta":{"_themeisle_gutenberg_block_has_review":false},"product_brand":[],"product_cat":[177,183],"product_tag":[593],"woo-feed-brand":[],"class_list":{"0":"post-55656","1":"product","2":"type-product","3":"status-publish","4":"has-post-thumbnail","6":"product_cat-congelados","7":"product_cat-pre-cozinhados","8":"product_tag-novidades","9":"ts_product_brand-frumar","11":"first","12":"instock","13":"taxable","14":"shipping-taxable","15":"purchasable","16":"product-type-simple"},"_links":{"self":[{"href":"https:\/\/www.ateti.pt\/loja\/wp-json\/wp\/v2\/product\/55656","targetHints":{"allow":["GET"]}}],"collection":[{"href":"https:\/\/www.ateti.pt\/loja\/wp-json\/wp\/v2\/product"}],"about":[{"href":"https:\/\/www.ateti.pt\/loja\/wp-json\/wp\/v2\/types\/product"}],"replies":[{"embeddable":true,"href":"https:\/\/www.ateti.pt\/loja\/wp-json\/wp\/v2\/comments?post=55656"}],"wp:featuredmedia":[{"embeddable":true,"href":"https:\/\/www.ateti.pt\/loja\/wp-json\/wp\/v2\/media\/55673"}],"wp:attachment":[{"href":"https:\/\/www.ateti.pt\/loja\/wp-json\/wp\/v2\/media?parent=55656"}],"wp:term":[{"taxonomy":"product_brand","embeddable":true,"href":"https:\/\/www.ateti.pt\/loja\/wp-json\/wp\/v2\/product_brand?post=55656"},{"taxonomy":"product_cat","embeddable":true,"href":"https:\/\/www.ateti.pt\/loja\/wp-json\/wp\/v2\/product_cat?post=55656"},{"taxonomy":"product_tag","embeddable":true,"href":"https:\/\/www.ateti.pt\/loja\/wp-json\/wp\/v2\/product_tag?post=55656"},{"taxonomy":"woo-feed-brand","embeddable":true,"href":"https:\/\/www.ateti.pt\/loja\/wp-json\/wp\/v2\/woo-feed-brand?post=55656"}],"curies":[{"name":"wp","href":"https:\/\/api.w.org\/{rel}","templated":true}]}}