{"id":55635,"date":"2023-08-28T16:40:03","date_gmt":"2023-08-28T15:40:03","guid":{"rendered":"https:\/\/www.ateti.pt\/loja\/?post_type=product&#038;p=55635"},"modified":"2024-02-12T11:22:13","modified_gmt":"2024-02-12T11:22:13","slug":"abrilhantador-1l-ultra-pro","status":"publish","type":"product","link":"https:\/\/www.ateti.pt\/loja\/produto\/abrilhantador-1l-ultra-pro\/","title":{"rendered":"Abrilhantador 1L Ultra Pro"},"content":{"rendered":"<p><strong>Abrilhantador Ultra Pro<\/strong><\/p>\n<p><strong>Quantidade:\u00a0<\/strong>1L<\/p>\n<p><em>Abrilhantador para m\u00e1quina de lavar a loi\u00e7a.<\/em><\/p>\n<p><strong>Instru\u00e7\u00f5es de Dosagem:\u00a0<\/strong>Encha o reservat\u00f3rio da m\u00e1quina de lavar loi\u00e7a, reservado para o abrilhantador, antes de iniciar o programa de lavagem.<\/p>\n","protected":false},"excerpt":{"rendered":"<p>1.99\u20ac\/L<\/p>\n","protected":false},"featured_media":55650,"comment_status":"closed","ping_status":"closed","template":"","meta":{"_themeisle_gutenberg_block_has_review":false},"product_brand":[],"product_cat":[209,190,204],"product_tag":[],"woo-feed-brand":[],"class_list":{"0":"post-55635","1":"product","2":"type-product","3":"status-publish","4":"has-post-thumbnail","6":"product_cat-cozinha","7":"product_cat-desinfetantes-e-limpeza","8":"product_cat-limpeza","9":"ts_product_brand-ultra-pro","11":"first","12":"instock","13":"taxable","14":"shipping-taxable","15":"purchasable","16":"product-type-simple"},"_links":{"self":[{"href":"https:\/\/www.ateti.pt\/loja\/wp-json\/wp\/v2\/product\/55635","targetHints":{"allow":["GET"]}}],"collection":[{"href":"https:\/\/www.ateti.pt\/loja\/wp-json\/wp\/v2\/product"}],"about":[{"href":"https:\/\/www.ateti.pt\/loja\/wp-json\/wp\/v2\/types\/product"}],"replies":[{"embeddable":true,"href":"https:\/\/www.ateti.pt\/loja\/wp-json\/wp\/v2\/comments?post=55635"}],"wp:featuredmedia":[{"embeddable":true,"href":"https:\/\/www.ateti.pt\/loja\/wp-json\/wp\/v2\/media\/55650"}],"wp:attachment":[{"href":"https:\/\/www.ateti.pt\/loja\/wp-json\/wp\/v2\/media?parent=55635"}],"wp:term":[{"taxonomy":"product_brand","embeddable":true,"href":"https:\/\/www.ateti.pt\/loja\/wp-json\/wp\/v2\/product_brand?post=55635"},{"taxonomy":"product_cat","embeddable":true,"href":"https:\/\/www.ateti.pt\/loja\/wp-json\/wp\/v2\/product_cat?post=55635"},{"taxonomy":"product_tag","embeddable":true,"href":"https:\/\/www.ateti.pt\/loja\/wp-json\/wp\/v2\/product_tag?post=55635"},{"taxonomy":"woo-feed-brand","embeddable":true,"href":"https:\/\/www.ateti.pt\/loja\/wp-json\/wp\/v2\/woo-feed-brand?post=55635"}],"curies":[{"name":"wp","href":"https:\/\/api.w.org\/{rel}","templated":true}]}}