{"id":55574,"date":"2023-08-24T15:31:50","date_gmt":"2023-08-24T14:31:50","guid":{"rendered":"https:\/\/www.ateti.pt\/loja\/?post_type=product&#038;p=55574"},"modified":"2025-05-12T12:10:24","modified_gmt":"2025-05-12T11:10:24","slug":"limpa-maquinas-de-loica-250ml-ultra","status":"publish","type":"product","link":"https:\/\/www.ateti.pt\/loja\/produto\/limpa-maquinas-de-loica-250ml-ultra\/","title":{"rendered":"Limpa M\u00e1quinas de Loi\u00e7a 250ml Ultra"},"content":{"rendered":"<p><strong>Limpa M\u00e1quinas de Loi\u00e7a Ultra<\/strong><\/p>\n<p><strong>Quantidade:\u00a0<\/strong>250ml<\/p>\n<p><em>Poder Desengordurante; A\u00e7\u00e3o Anticalc\u00e1rio; Limpeza Profunda; Neutralizador de Odores; Remove a gordura acumulada no interior, deixando-a limpa e brilhante.<\/em><\/p>\n<p><strong>Modo de Emprego:\u00a0<\/strong>Utilizar o produto com a m\u00e1quina da loi\u00e7a vazia; remover a pel\u00edcula autocolante localizada no topo da tampa da embalagem (n\u00e3o remover a tampa); Colocar a embalagem voltada para baixo, no compartimento dos pratos; Utilizar um programa de lavagem com uma temperatura m\u00ednima de 65\u00baC e efetuar um ciclo de lavagem.<\/p>\n<p>UTILIZAR O PRODUTO COM A M\u00c1QUINA VAZIA E SEM UTILIZAR QUALQUER OUTRO TIPO DE DETERGENTE.<\/p>\n<p>&nbsp;<\/p>\n","protected":false},"excerpt":{"rendered":"<p>9,96\u20ac\/L<\/p>\n","protected":false},"featured_media":55575,"comment_status":"closed","ping_status":"closed","template":"","meta":{"_themeisle_gutenberg_block_has_review":false},"product_brand":[],"product_cat":[209,190,204],"product_tag":[],"woo-feed-brand":[],"class_list":{"0":"post-55574","1":"product","2":"type-product","3":"status-publish","4":"has-post-thumbnail","6":"product_cat-cozinha","7":"product_cat-desinfetantes-e-limpeza","8":"product_cat-limpeza","9":"ts_product_brand-ultra-pro","11":"first","12":"instock","13":"taxable","14":"shipping-taxable","15":"purchasable","16":"product-type-simple"},"_links":{"self":[{"href":"https:\/\/www.ateti.pt\/loja\/wp-json\/wp\/v2\/product\/55574","targetHints":{"allow":["GET"]}}],"collection":[{"href":"https:\/\/www.ateti.pt\/loja\/wp-json\/wp\/v2\/product"}],"about":[{"href":"https:\/\/www.ateti.pt\/loja\/wp-json\/wp\/v2\/types\/product"}],"replies":[{"embeddable":true,"href":"https:\/\/www.ateti.pt\/loja\/wp-json\/wp\/v2\/comments?post=55574"}],"wp:featuredmedia":[{"embeddable":true,"href":"https:\/\/www.ateti.pt\/loja\/wp-json\/wp\/v2\/media\/55575"}],"wp:attachment":[{"href":"https:\/\/www.ateti.pt\/loja\/wp-json\/wp\/v2\/media?parent=55574"}],"wp:term":[{"taxonomy":"product_brand","embeddable":true,"href":"https:\/\/www.ateti.pt\/loja\/wp-json\/wp\/v2\/product_brand?post=55574"},{"taxonomy":"product_cat","embeddable":true,"href":"https:\/\/www.ateti.pt\/loja\/wp-json\/wp\/v2\/product_cat?post=55574"},{"taxonomy":"product_tag","embeddable":true,"href":"https:\/\/www.ateti.pt\/loja\/wp-json\/wp\/v2\/product_tag?post=55574"},{"taxonomy":"woo-feed-brand","embeddable":true,"href":"https:\/\/www.ateti.pt\/loja\/wp-json\/wp\/v2\/woo-feed-brand?post=55574"}],"curies":[{"name":"wp","href":"https:\/\/api.w.org\/{rel}","templated":true}]}}