{"id":55380,"date":"2023-08-17T17:19:55","date_gmt":"2023-08-17T16:19:55","guid":{"rendered":"https:\/\/www.ateti.pt\/loja\/?post_type=product&#038;p=55380"},"modified":"2026-01-14T16:35:15","modified_gmt":"2026-01-14T16:35:15","slug":"detergente-manual-em-po-540g-omo","status":"publish","type":"product","link":"https:\/\/www.ateti.pt\/loja\/produto\/detergente-manual-em-po-540g-omo\/","title":{"rendered":"Detergente Manual em P\u00f3 540g OMO"},"content":{"rendered":"<p><strong>Detergente Manual em P\u00f3 OMO<\/strong><\/p>\n<p><strong>Quantidade:\u00a0<\/strong>540g<\/p>\n<p><em>OMO M\u00c3O, F\u00d3RMULA REFOR\u00c7ADA<\/em><\/p>\n<p><em>Gra\u00e7as \u00e0 sua f\u00f3rmula com agentes ativos, OMO penetra em profundidade nos tecidos e dissolve as n\u00f3doas mais dif\u00edceis, mesmo a baixas temperaturas; A espuma de OMO sai facilmente ao enxaguar; Resultado: uma brancura brilhante e cores luminosas. E ainda um delicado perfume que \u00e9 impregnado em toda a sua roupa.<\/em><\/p>\n","protected":false},"excerpt":{"rendered":"<p>4,24\u20ac\/kg<\/p>\n","protected":false},"featured_media":55381,"comment_status":"closed","ping_status":"closed","template":"","meta":{"_themeisle_gutenberg_block_has_review":false},"product_brand":[],"product_cat":[190,191],"product_tag":[],"woo-feed-brand":[],"class_list":{"0":"post-55380","1":"product","2":"type-product","3":"status-publish","4":"has-post-thumbnail","6":"product_cat-desinfetantes-e-limpeza","7":"product_cat-detergentes","8":"ts_product_brand-omo","10":"first","11":"instock","12":"taxable","13":"shipping-taxable","14":"purchasable","15":"product-type-simple"},"_links":{"self":[{"href":"https:\/\/www.ateti.pt\/loja\/wp-json\/wp\/v2\/product\/55380","targetHints":{"allow":["GET"]}}],"collection":[{"href":"https:\/\/www.ateti.pt\/loja\/wp-json\/wp\/v2\/product"}],"about":[{"href":"https:\/\/www.ateti.pt\/loja\/wp-json\/wp\/v2\/types\/product"}],"replies":[{"embeddable":true,"href":"https:\/\/www.ateti.pt\/loja\/wp-json\/wp\/v2\/comments?post=55380"}],"wp:featuredmedia":[{"embeddable":true,"href":"https:\/\/www.ateti.pt\/loja\/wp-json\/wp\/v2\/media\/55381"}],"wp:attachment":[{"href":"https:\/\/www.ateti.pt\/loja\/wp-json\/wp\/v2\/media?parent=55380"}],"wp:term":[{"taxonomy":"product_brand","embeddable":true,"href":"https:\/\/www.ateti.pt\/loja\/wp-json\/wp\/v2\/product_brand?post=55380"},{"taxonomy":"product_cat","embeddable":true,"href":"https:\/\/www.ateti.pt\/loja\/wp-json\/wp\/v2\/product_cat?post=55380"},{"taxonomy":"product_tag","embeddable":true,"href":"https:\/\/www.ateti.pt\/loja\/wp-json\/wp\/v2\/product_tag?post=55380"},{"taxonomy":"woo-feed-brand","embeddable":true,"href":"https:\/\/www.ateti.pt\/loja\/wp-json\/wp\/v2\/woo-feed-brand?post=55380"}],"curies":[{"name":"wp","href":"https:\/\/api.w.org\/{rel}","templated":true}]}}