{"id":54332,"date":"2023-07-17T17:26:39","date_gmt":"2023-07-17T16:26:39","guid":{"rendered":"https:\/\/www.ateti.pt\/loja\/?post_type=product&#038;p=54332"},"modified":"2026-02-05T16:36:51","modified_gmt":"2026-02-05T16:36:51","slug":"nutella-3kg","status":"publish","type":"product","link":"https:\/\/www.ateti.pt\/loja\/produto\/nutella-3kg\/","title":{"rendered":"Nutella 3Kg"},"content":{"rendered":"<p><strong>Nutella<\/strong><\/p>\n<p>H\u00e1 mais de 50 anos que a Nutella<sup>\u00ae<\/sup>\u00a0faz parte do pequeno-almo\u00e7o de milh\u00f5es de pessoas, criando bons momentos para come\u00e7ar o dia. Uma fatia de p\u00e3o com Nutella<sup>\u00ae<\/sup>\u00a0sabe divinamente. Gra\u00e7as \u00e0 nossa receita \u00fanica e inimit\u00e1vel, Nutella<sup>\u00ae<\/sup>\u00a0tornou-se o creme de avel\u00e3s para barrar mais popular e conhecido do mundo inteiro.<\/p>\n<p>Cada frasco de Nutella<sup>\u00ae<\/sup>\u00a0cont\u00e9m 7 ingredientes de qualidade, cuidadosamente selecionados, apenas e s\u00f3. A Nutella<sup>\u00ae<\/sup>\u00a0\u00e9 famosa pela autenticidade do seu sabor a avel\u00e3s e cacau, ainda mais irresist\u00edvel pela sua singular cremosidade. O seu sabor \u00e9 t\u00e3o delicioso que uma \u00fanica colherada pode representar puro prazer. Com uma faca de barrar, p\u00f5e 15 gramas de Nutella<sup>\u00ae<\/sup>, o equivalente a uma colher de ch\u00e1, numa fatia de p\u00e3o, e saboreia a deliciosa experi\u00eancia. Prova, barra e aprecia o teu pequeno-almo\u00e7o.<\/p>\n<p><strong>Ingredientes:\u00a0<\/strong>A\u00e7\u00facar, gordura de palma,\u00a0<strong>avel\u00e3s<\/strong>\u00a0(1 3%),\u00a0<strong>leite<\/strong>\u00a0desnatado em p\u00f3 (8,7 %), cacau magro (7,4 %), emulsionantes: lecitina (<strong>soja<\/strong>), vanilina.<\/p>\n<div>\n<div class=\"key\"><strong>Valores Nutricionais por 100g: <\/strong>Energia:2252 kJ\/ 539 kcal; L\u00edpidos:30.9 g, dos quais saturados:10.6 g; Hidratos de carbono:57.5 g, dos quais a\u00e7\u00facares:56.3 g; Prote\u00edna:6.3g; Sal:0.107 g.<\/div>\n<\/div>\n","protected":false},"excerpt":{"rendered":"<p>11.29\u20ac\/kg<\/p>\n","protected":false},"featured_media":54359,"comment_status":"closed","ping_status":"closed","template":"","meta":{"_themeisle_gutenberg_block_has_review":false},"product_brand":[],"product_cat":[542,250,688,25,144,132,145],"product_tag":[],"woo-feed-brand":[],"class_list":{"0":"post-54332","1":"product","2":"type-product","3":"status-publish","4":"has-post-thumbnail","6":"product_cat-alimentacao-office","7":"product_cat-ate-ti-negocios","8":"product_cat-chocolates-bolachas","9":"product_cat-chocolates","10":"product_cat-chocolates-biscoitos-e-cereais","11":"product_cat-mercearia","12":"product_cat-pequeno-almoco-e-cereais","13":"ts_product_brand-nutella","15":"first","16":"instock","17":"sale","18":"taxable","19":"shipping-taxable","20":"purchasable","21":"product-type-simple"},"_links":{"self":[{"href":"https:\/\/www.ateti.pt\/loja\/wp-json\/wp\/v2\/product\/54332","targetHints":{"allow":["GET"]}}],"collection":[{"href":"https:\/\/www.ateti.pt\/loja\/wp-json\/wp\/v2\/product"}],"about":[{"href":"https:\/\/www.ateti.pt\/loja\/wp-json\/wp\/v2\/types\/product"}],"replies":[{"embeddable":true,"href":"https:\/\/www.ateti.pt\/loja\/wp-json\/wp\/v2\/comments?post=54332"}],"wp:featuredmedia":[{"embeddable":true,"href":"https:\/\/www.ateti.pt\/loja\/wp-json\/wp\/v2\/media\/54359"}],"wp:attachment":[{"href":"https:\/\/www.ateti.pt\/loja\/wp-json\/wp\/v2\/media?parent=54332"}],"wp:term":[{"taxonomy":"product_brand","embeddable":true,"href":"https:\/\/www.ateti.pt\/loja\/wp-json\/wp\/v2\/product_brand?post=54332"},{"taxonomy":"product_cat","embeddable":true,"href":"https:\/\/www.ateti.pt\/loja\/wp-json\/wp\/v2\/product_cat?post=54332"},{"taxonomy":"product_tag","embeddable":true,"href":"https:\/\/www.ateti.pt\/loja\/wp-json\/wp\/v2\/product_tag?post=54332"},{"taxonomy":"woo-feed-brand","embeddable":true,"href":"https:\/\/www.ateti.pt\/loja\/wp-json\/wp\/v2\/woo-feed-brand?post=54332"}],"curies":[{"name":"wp","href":"https:\/\/api.w.org\/{rel}","templated":true}]}}