{"id":54330,"date":"2023-07-17T17:17:21","date_gmt":"2023-07-17T16:17:21","guid":{"rendered":"https:\/\/www.ateti.pt\/loja\/?post_type=product&#038;p=54330"},"modified":"2024-03-12T10:00:45","modified_gmt":"2024-03-12T10:00:45","slug":"napolitana-de-baunilha-6un-dulca","status":"publish","type":"product","link":"https:\/\/www.ateti.pt\/loja\/produto\/napolitana-de-baunilha-6un-dulca\/","title":{"rendered":"Napolitana de Baunilha 6un Dulca"},"content":{"rendered":"<p><strong>Napolitana de Baunilha<\/strong><\/p>\n<p><strong>Quantidade:\u00a0<\/strong>6un<\/p>\n<p>Napolitanos recheados com creme sabor a baunilha.<\/p>\n<p><strong>Ingredientes:\u00a0<\/strong>farinha de trigo, \u00e1gua, margarina (\u00f3leos e gorduras vegetais de palma e girassol, \u00e1gua, emulsificante: E471; sal, acidificante: E330; aromas), creme sabor baunilha( xarope de glicose e frutose, \u00e1gua, a\u00e7\u00facar, amido modificado, estabilizantes: glicerol, celulose microcristalina, carboximetilcelulose; regulador de acidez: sulfato de c\u00e1lcio, \u00e1cido tart\u00e1rico; gordura de palma, sal, aromas, conservante: sorbato de pot\u00e1ssio; corante: betacaroteno; emulsionante: E435), a\u00e7\u00facar, fermento, sal, emulsioanantes (E471, E472e), Lactose(cont\u00e9m leite), espessante(E415), fibra de trigo, acidificante: E330; aroma, conservantes(E200, E282), corante(E160a) e ovo l\u00edquido pasteurizado.<\/p>\n<p>Pode conter vest\u00edgios de soja e frutos de casca rija.<\/p>\n","protected":false},"excerpt":{"rendered":"<p>0.365\u20ac\/un<\/p>\n","protected":false},"featured_media":54331,"comment_status":"closed","ping_status":"closed","template":"","meta":{"_themeisle_gutenberg_block_has_review":false},"product_brand":[],"product_cat":[144,132,145],"product_tag":[852],"woo-feed-brand":[],"class_list":{"0":"post-54330","1":"product","2":"type-product","3":"status-publish","4":"has-post-thumbnail","6":"product_cat-chocolates-biscoitos-e-cereais","7":"product_cat-mercearia","8":"product_cat-pequeno-almoco-e-cereais","9":"product_tag-novidade","10":"ts_product_brand-dulca","12":"first","13":"instock","14":"taxable","15":"shipping-taxable","16":"purchasable","17":"product-type-simple"},"_links":{"self":[{"href":"https:\/\/www.ateti.pt\/loja\/wp-json\/wp\/v2\/product\/54330","targetHints":{"allow":["GET"]}}],"collection":[{"href":"https:\/\/www.ateti.pt\/loja\/wp-json\/wp\/v2\/product"}],"about":[{"href":"https:\/\/www.ateti.pt\/loja\/wp-json\/wp\/v2\/types\/product"}],"replies":[{"embeddable":true,"href":"https:\/\/www.ateti.pt\/loja\/wp-json\/wp\/v2\/comments?post=54330"}],"wp:featuredmedia":[{"embeddable":true,"href":"https:\/\/www.ateti.pt\/loja\/wp-json\/wp\/v2\/media\/54331"}],"wp:attachment":[{"href":"https:\/\/www.ateti.pt\/loja\/wp-json\/wp\/v2\/media?parent=54330"}],"wp:term":[{"taxonomy":"product_brand","embeddable":true,"href":"https:\/\/www.ateti.pt\/loja\/wp-json\/wp\/v2\/product_brand?post=54330"},{"taxonomy":"product_cat","embeddable":true,"href":"https:\/\/www.ateti.pt\/loja\/wp-json\/wp\/v2\/product_cat?post=54330"},{"taxonomy":"product_tag","embeddable":true,"href":"https:\/\/www.ateti.pt\/loja\/wp-json\/wp\/v2\/product_tag?post=54330"},{"taxonomy":"woo-feed-brand","embeddable":true,"href":"https:\/\/www.ateti.pt\/loja\/wp-json\/wp\/v2\/woo-feed-brand?post=54330"}],"curies":[{"name":"wp","href":"https:\/\/api.w.org\/{rel}","templated":true}]}}