{"id":53802,"date":"2023-06-29T12:18:42","date_gmt":"2023-06-29T11:18:42","guid":{"rendered":"https:\/\/www.ateti.pt\/loja\/?post_type=product&#038;p=53802"},"modified":"2025-05-06T11:47:45","modified_gmt":"2025-05-06T10:47:45","slug":"gin-1l-gordons","status":"publish","type":"product","link":"https:\/\/www.ateti.pt\/loja\/produto\/gin-1l-gordons\/","title":{"rendered":"Gin 1L Gordon\u00b4s"},"content":{"rendered":"<p>Gin Gordon\u00b4s<\/p>\n<p><strong>Quantidade: <\/strong>1L<\/p>\n<p>Quase 250 anos atr\u00e1s, Alexander Gordon iniciou sua destilaria em Londres e come\u00e7ou a criar a receita para um gin de sabor brilhante. A alta qualidade e o sabor distinto de zimbro de Gordon definem o sabor do cl\u00e1ssico G&amp;T.<\/p>\n<p>Gordon&#8217;s hoje \u00e9 um gin que \u00e9 apreciado, n\u00e3o dissecado.\u00a0\u00c9 o gin perfeito para come\u00e7ar uma sexta-feira \u00e0 noite, ou uma ter\u00e7a-feira \u00e0 noite para conversar com os amigos, onde partilhamos um momento e rimos com as pessoas que amamos.<\/p>\n<p><strong>Curiosidade:\u00a0<\/strong>A paix\u00e3o de Alexander Gordon pelos neg\u00f3cios come\u00e7ou a tomar forma em 1769. Ele construiu uma destilaria em Southwark, Londres, conhecida por seu excelente abastecimento de \u00e1gua limpa.\u00a0Ent\u00e3o ele dominou a arte de destilar um gin de alto padr\u00e3o que pudesse ser confiado e apreciado por todos.<\/p>\n<p>Hoje, o Gordon&#8217;s \u00e9 o Gin mais vendido do mundo. Premiado com quatro Royal Warrants e uma impressionante sele\u00e7\u00e3o de pr\u00e9mios internacionais de gin.<\/p>\n<p>Alexander Gordon acreditava que o sucesso de seu gin residia na combina\u00e7\u00e3o perfeita de puro destilado de gr\u00e3os e vegetais ricos.\u00a0Felizmente, os padr\u00f5es exigentes que ele estabeleceu s\u00e3o mantidos at\u00e9 hoje.<\/p>\n<p>&nbsp;<\/p>\n","protected":false},"excerpt":{"rendered":"<p>21.99\u20ac\/lt<\/p>\n","protected":false},"featured_media":53803,"comment_status":"closed","ping_status":"closed","template":"","meta":{"_themeisle_gutenberg_block_has_review":false},"product_brand":[],"product_cat":[158,173,627],"product_tag":[593],"woo-feed-brand":[],"class_list":{"0":"post-53802","1":"product","2":"type-product","3":"status-publish","4":"has-post-thumbnail","6":"product_cat-bebidas","7":"product_cat-garrafeira","8":"product_cat-licores-espirituosas","9":"product_tag-novidades","10":"ts_product_brand-gordons","12":"first","13":"instock","14":"sale","15":"taxable","16":"shipping-taxable","17":"purchasable","18":"product-type-simple"},"_links":{"self":[{"href":"https:\/\/www.ateti.pt\/loja\/wp-json\/wp\/v2\/product\/53802","targetHints":{"allow":["GET"]}}],"collection":[{"href":"https:\/\/www.ateti.pt\/loja\/wp-json\/wp\/v2\/product"}],"about":[{"href":"https:\/\/www.ateti.pt\/loja\/wp-json\/wp\/v2\/types\/product"}],"replies":[{"embeddable":true,"href":"https:\/\/www.ateti.pt\/loja\/wp-json\/wp\/v2\/comments?post=53802"}],"wp:featuredmedia":[{"embeddable":true,"href":"https:\/\/www.ateti.pt\/loja\/wp-json\/wp\/v2\/media\/53803"}],"wp:attachment":[{"href":"https:\/\/www.ateti.pt\/loja\/wp-json\/wp\/v2\/media?parent=53802"}],"wp:term":[{"taxonomy":"product_brand","embeddable":true,"href":"https:\/\/www.ateti.pt\/loja\/wp-json\/wp\/v2\/product_brand?post=53802"},{"taxonomy":"product_cat","embeddable":true,"href":"https:\/\/www.ateti.pt\/loja\/wp-json\/wp\/v2\/product_cat?post=53802"},{"taxonomy":"product_tag","embeddable":true,"href":"https:\/\/www.ateti.pt\/loja\/wp-json\/wp\/v2\/product_tag?post=53802"},{"taxonomy":"woo-feed-brand","embeddable":true,"href":"https:\/\/www.ateti.pt\/loja\/wp-json\/wp\/v2\/woo-feed-brand?post=53802"}],"curies":[{"name":"wp","href":"https:\/\/api.w.org\/{rel}","templated":true}]}}