{"id":53776,"date":"2023-06-28T09:57:45","date_gmt":"2023-06-28T08:57:45","guid":{"rendered":"https:\/\/www.ateti.pt\/loja\/?post_type=product&#038;p=53776"},"modified":"2025-07-10T16:15:27","modified_gmt":"2025-07-10T15:15:27","slug":"caprichos-do-mar-s-gluten-1kg-pescanova","status":"publish","type":"product","link":"https:\/\/www.ateti.pt\/loja\/produto\/caprichos-do-mar-s-gluten-1kg-pescanova\/","title":{"rendered":"Caprichos do Mar S\/Gl\u00faten emb. 1 kg (55 un) Pescanova"},"content":{"rendered":"<p><strong>Caprichos do Mar Sem Gl\u00faten Pescanova<\/strong><\/p>\n<p>55 Barrinhas de Pescada Panada, com 18 g de peso unit\u00e1rio<\/p>\n<p><strong>Quantidade:\u00a0<\/strong>1kg<\/p>\n<p><strong>Descri\u00e7\u00e3o:\u00a0 <\/strong>Os<strong> Caprichos do Mar Sem Gl\u00faten Pescanova <\/strong>panados elaborados a partir de pe\u00e7as de pota. Ultracongelado.<\/p>\n<p><strong>Ingredientes:\u00a0<\/strong>Pota 45%(moluscos), farinha de milho e arroz, \u00e1gua, amido, \u00f3leo de girassol, ovo(4,8%), sal, levedantes qu\u00edmicos (carbonatos de s\u00f3dio e disfosfatos), espessantes (goma guar e metilcelulose), dextrose de milho, a\u00e7\u00facar, gelificantes(carragenina), aroma de ovo, intensificador de sabor( glutamato monoss\u00f3dico) e especiarias (piment\u00e3o e curcuma).<\/p>\n<p>Pode conter crust\u00e1ceos, peixe, leite.<\/p>\n<p>Valores nutricionais por 100g de produto congelado: Energia: 918kj\/219kcal; L\u00edpidos: 10.8g, dos quais \u00e1cidos gordos saturados:2.3g; Hidratos de Carbono: 23.7g, dos quais a\u00e7\u00facares: 0.7g; Fibra: 1.9g; Prote\u00ednas: 5.9; Sal:1.43g.<\/p>\n<p><strong>Modo de prepara\u00e7\u00e3o:\u00a0<\/strong><\/p>\n<p><strong>Frito:\u00a0<\/strong>10,5 min. a 180\u00baC-190\u00baC<\/p>\n<p><strong>Forno:\u00a0<\/strong>8-10 min. a 200\u00baC-220\u00baC<\/p>\n","protected":false},"excerpt":{"rendered":"<p>5.19\u20ac\/kg<\/p>\n","protected":false},"featured_media":62599,"comment_status":"closed","ping_status":"closed","template":"","meta":{"_themeisle_gutenberg_block_has_review":false},"product_brand":[],"product_cat":[177,891,183],"product_tag":[],"woo-feed-brand":[],"class_list":{"0":"post-53776","1":"product","2":"type-product","3":"status-publish","4":"has-post-thumbnail","6":"product_cat-congelados","7":"product_cat-iva-zero","8":"product_cat-pre-cozinhados","9":"ts_product_brand-pescanova","11":"first","12":"instock","13":"taxable","14":"shipping-taxable","15":"purchasable","16":"product-type-simple"},"_links":{"self":[{"href":"https:\/\/www.ateti.pt\/loja\/wp-json\/wp\/v2\/product\/53776","targetHints":{"allow":["GET"]}}],"collection":[{"href":"https:\/\/www.ateti.pt\/loja\/wp-json\/wp\/v2\/product"}],"about":[{"href":"https:\/\/www.ateti.pt\/loja\/wp-json\/wp\/v2\/types\/product"}],"replies":[{"embeddable":true,"href":"https:\/\/www.ateti.pt\/loja\/wp-json\/wp\/v2\/comments?post=53776"}],"wp:featuredmedia":[{"embeddable":true,"href":"https:\/\/www.ateti.pt\/loja\/wp-json\/wp\/v2\/media\/62599"}],"wp:attachment":[{"href":"https:\/\/www.ateti.pt\/loja\/wp-json\/wp\/v2\/media?parent=53776"}],"wp:term":[{"taxonomy":"product_brand","embeddable":true,"href":"https:\/\/www.ateti.pt\/loja\/wp-json\/wp\/v2\/product_brand?post=53776"},{"taxonomy":"product_cat","embeddable":true,"href":"https:\/\/www.ateti.pt\/loja\/wp-json\/wp\/v2\/product_cat?post=53776"},{"taxonomy":"product_tag","embeddable":true,"href":"https:\/\/www.ateti.pt\/loja\/wp-json\/wp\/v2\/product_tag?post=53776"},{"taxonomy":"woo-feed-brand","embeddable":true,"href":"https:\/\/www.ateti.pt\/loja\/wp-json\/wp\/v2\/woo-feed-brand?post=53776"}],"curies":[{"name":"wp","href":"https:\/\/api.w.org\/{rel}","templated":true}]}}