{"id":53720,"date":"2023-06-27T09:09:12","date_gmt":"2023-06-27T08:09:12","guid":{"rendered":"https:\/\/www.ateti.pt\/loja\/?post_type=product&#038;p=53720"},"modified":"2025-08-11T14:50:26","modified_gmt":"2025-08-11T13:50:26","slug":"bloco-wc-pinho-sonasol","status":"publish","type":"product","link":"https:\/\/www.ateti.pt\/loja\/produto\/bloco-wc-pinho-sonasol\/","title":{"rendered":"Bloco WC Pinho Bref"},"content":{"rendered":"<p><strong>Bloco WC Pinho Bref<\/strong><\/p>\n<p><strong>Embalagem composta por 2 unidades. (<\/strong>2x50g<strong>)<\/strong><\/p>\n<p><strong>Descri\u00e7\u00e3o:\u00a0<\/strong><\/p>\n<p>Limpeza+Frescura<\/p>\n<p>Novo Poder activo com\u00a050% efeito Anti-Calc\u00e1rio, proporciona n\u00e3o s\u00f3 um perfume duradouro, como uma f\u00f3rmula melhorada contra a forma\u00e7\u00e3o de calc\u00e1rio para uma casa de banho mais limpa e brilhante.<\/p>\n<p><strong>F\u00f3rmula 4 fun\u00e7\u00f5es:<\/strong><\/p>\n<ul>\n<li>Espuma activa- Limpa a sua sanita a cada descarga<\/li>\n<li>F\u00f3rmula anti-calc\u00e1rio- Previne a forma\u00e7\u00e3o de calc\u00e1rio na sanita<\/li>\n<li>Protetor de sujidade- Previne a acumula\u00e7\u00e3o de manchas<\/li>\n<li>Extra frescura- Proporciona um perfume fresco e duradouro \u00e0 sua casa de banho<\/li>\n<\/ul>\n<p><strong>Cuidados a ter:\u00a0<\/strong><\/p>\n<ul>\n<li>Provoca irrita\u00e7\u00e3o cut\u00e2nea. Provoca irrita\u00e7\u00e3o ocular grave.<\/li>\n<li>Manter fora do alcance das crian\u00e7as.<\/li>\n<li>Se entrar em contacto com os olhos, enxaguar cuidadosamente com \u00e1gua durante v\u00e1rios minutos.<\/li>\n<\/ul>\n<p>&nbsp;<\/p>\n","protected":false},"excerpt":{"rendered":"<p>1.69\u20ac\/un<\/p>\n","protected":false},"featured_media":61164,"comment_status":"closed","ping_status":"closed","template":"","meta":{"_themeisle_gutenberg_block_has_review":false},"product_brand":[],"product_cat":[210,190,204,681,543],"product_tag":[],"woo-feed-brand":[],"class_list":{"0":"post-53720","1":"product","2":"type-product","3":"status-publish","4":"has-post-thumbnail","6":"product_cat-casa-de-banho","7":"product_cat-desinfetantes-e-limpeza","8":"product_cat-limpeza","9":"product_cat-limpeza-higiene-e-limpeza-office","10":"product_cat-limpeza-higiene","12":"first","13":"instock","14":"taxable","15":"shipping-taxable","16":"purchasable","17":"product-type-simple"},"_links":{"self":[{"href":"https:\/\/www.ateti.pt\/loja\/wp-json\/wp\/v2\/product\/53720","targetHints":{"allow":["GET"]}}],"collection":[{"href":"https:\/\/www.ateti.pt\/loja\/wp-json\/wp\/v2\/product"}],"about":[{"href":"https:\/\/www.ateti.pt\/loja\/wp-json\/wp\/v2\/types\/product"}],"replies":[{"embeddable":true,"href":"https:\/\/www.ateti.pt\/loja\/wp-json\/wp\/v2\/comments?post=53720"}],"wp:featuredmedia":[{"embeddable":true,"href":"https:\/\/www.ateti.pt\/loja\/wp-json\/wp\/v2\/media\/61164"}],"wp:attachment":[{"href":"https:\/\/www.ateti.pt\/loja\/wp-json\/wp\/v2\/media?parent=53720"}],"wp:term":[{"taxonomy":"product_brand","embeddable":true,"href":"https:\/\/www.ateti.pt\/loja\/wp-json\/wp\/v2\/product_brand?post=53720"},{"taxonomy":"product_cat","embeddable":true,"href":"https:\/\/www.ateti.pt\/loja\/wp-json\/wp\/v2\/product_cat?post=53720"},{"taxonomy":"product_tag","embeddable":true,"href":"https:\/\/www.ateti.pt\/loja\/wp-json\/wp\/v2\/product_tag?post=53720"},{"taxonomy":"woo-feed-brand","embeddable":true,"href":"https:\/\/www.ateti.pt\/loja\/wp-json\/wp\/v2\/woo-feed-brand?post=53720"}],"curies":[{"name":"wp","href":"https:\/\/api.w.org\/{rel}","templated":true}]}}